{"id":1551,"date":"2025-03-05T14:43:35","date_gmt":"2025-03-05T06:43:35","guid":{"rendered":"https:\/\/lebosweater.com\/?post_type=product&#038;p=1551"},"modified":"2025-04-03T10:32:23","modified_gmt":"2025-04-03T02:32:23","slug":"rhinestones-fleur-de-lis-beanie","status":"publish","type":"product","link":"https:\/\/www.lebosweater.com\/sv\/produkt\/rhinestones-fleur-de-lis-beanie\/","title":{"rendered":"Strass Fleur De Lis Beanie"},"content":{"rendered":"<h1 class=\"product_title entry-title elementor-heading-title elementor-size-default\">Strass Fleur De Lis Beanie<\/h1>\n<p>&nbsp;<\/p>\n<h6><strong>Your Quality Knit Sweater Supplier Partner<\/strong><\/h6>\n<h6><\/h6>\n<p>Custom Rhinestones Fleur De Lis Beanie,Lebo sweater aims to make fashion business easier and help your fashion brand to grow faster with our professional service. We already assisted many clients to grow up from small company to well known brand on its markets. Our experience and expertise allow our customers to reduce the risks and cost of product development.<\/p>\n<p><strong>Your One-Stop <a href=\"https:\/\/www.lebosweater.com\/sv\">Knitwear Supplier<\/a> In China<\/strong><\/p>\n<p>With 20 year experiences of cooperation with leading fashion brands, Lebo sweater provides custiomers with more efficient one-stop services and solutions. Build Your Brand With Us. <a href=\"https:\/\/www.lebosweater.com\/sv\/kontakta-oss\/\">Receive Free Customized Consultation Now.<\/a><\/p>","protected":false},"excerpt":{"rendered":"<h6>Funktioner:<\/h6>\n<ul>\n<li>Plats f\u00f6r ursprung: Guangdong, Kina<\/li>\n<li>Sp\u00e5rvidd: 7 GG eller anpassad<\/li>\n<li>Material: Ull eller anpassad<\/li>\n<li>Teknik: Strassstenar eller anpassad<\/li>\n<\/ul>\n<h6><strong>Produkt MOQ:<\/strong><\/h6>\n<div class=\"magic-7\" data-spm-anchor-id=\"a2700.custom-template.0.i239.62f63333bfVL3c\">Nej Minsta antal best\u00e4llningar<\/div>\n<div class=\"magic-7\" data-spm-anchor-id=\"a2700.custom-template.0.i235.62f63333bfVL3c\">(Ju mer kvantitet, desto billigare pris)<\/div>\n<h6>Anpassad \uff1a<\/h6>\n<p>Vi erbjuder en one-stop tillverkningstj\u00e4nst f\u00f6r anpassade tr\u00f6jor som inkluderar anpassad logotyp \/ storlek \/ f\u00e4rg \/ tyg \/ design \/ tillbeh\u00f6r \/ etiketter.<\/p>\n<p>sweater tillverkare professionell produktion och design, gratisprover finns tillg\u00e4ngliga!<\/p>\n<p>V\u00e4lkommen att skicka din egen design till oss.<\/p>\n<h6>Lebo stickat hj\u00e4lper dig genom hela projektet: Herrtr\u00f6ja,Damtr\u00f6ja,Barntr\u00f6ja,Jultr\u00f6ja,Virktr\u00f6ja,Stickade accessoarer,Stickat set,Stickade shorts&amp;Pants,Kl\u00e4nning. Kontakta oss eller markera dina krav p\u00e5 f\u00f6rfr\u00e5gningsoffert.<\/h6>\n<p>&nbsp;<\/p>","protected":false},"featured_media":1556,"template":"","meta":{"_kad_post_transparent":"default","_kad_post_title":"","_kad_post_layout":"default","_kad_post_sidebar_id":"","_kad_post_content_style":"default","_kad_post_vertical_padding":"default","_kad_post_feature":"","_kad_post_feature_position":"","_kad_post_header":false,"_kad_post_footer":false},"product_brand":[],"product_cat":[27],"product_tag":[],"class_list":{"0":"post-1551","1":"product","2":"type-product","3":"status-publish","4":"has-post-thumbnail","6":"product_cat-knitted-accessories","8":"first","9":"instock","10":"shipping-taxable","11":"product-type-simple","12":"entry","13":"content-bg","14":"loop-entry"},"yoast_head":"<!-- This site is optimized with the Yoast SEO plugin v25.5 - https:\/\/yoast.com\/wordpress\/plugins\/seo\/ -->\n<title>Rhinestones Fleur De Lis Beanie - Lebo Sweater Manufacturers,Knitwear Manufacturer Custom Sweater Factory<\/title>\n<meta name=\"description\" content=\"If you want custom Rhinestones Fleur De Lis Beanie,please contact us\uff0cWe are sweater manufacturers,We will help you develop and customize your sweater brand\" \/>\n<meta name=\"robots\" content=\"index, follow, max-snippet:-1, max-image-preview:large, max-video-preview:-1\" \/>\n<link rel=\"canonical\" href=\"https:\/\/www.lebosweater.com\/sv\/produkt\/rhinestones-fleur-de-lis-beanie\/\" \/>\n<meta property=\"og:locale\" content=\"sv_SE\" \/>\n<meta property=\"og:type\" content=\"article\" \/>\n<meta property=\"og:title\" content=\"Rhinestones Fleur De Lis Beanie - Lebo Sweater Manufacturers,Knitwear Manufacturer Custom Sweater Factory\" \/>\n<meta property=\"og:description\" content=\"If you want custom Rhinestones Fleur De Lis Beanie,please contact us\uff0cWe are sweater manufacturers,We will help you develop and customize your sweater brand\" \/>\n<meta property=\"og:url\" content=\"https:\/\/www.lebosweater.com\/sv\/produkt\/rhinestones-fleur-de-lis-beanie\/\" \/>\n<meta property=\"og:site_name\" content=\"Lebo Sweater Manufacturers,Knitwear Manufacturer Custom Sweater Factory\" \/>\n<meta property=\"article:modified_time\" content=\"2025-04-03T02:32:23+00:00\" \/>\n<meta property=\"og:image\" content=\"https:\/\/www.lebosweater.com\/wp-content\/uploads\/2025\/03\/dfeee0b6-5843-4321-a936-b01c102804fe.jpg\" \/>\n\t<meta property=\"og:image:width\" content=\"800\" \/>\n\t<meta property=\"og:image:height\" content=\"800\" \/>\n\t<meta property=\"og:image:type\" content=\"image\/jpeg\" \/>\n<meta name=\"twitter:card\" content=\"summary_large_image\" \/>\n<meta name=\"twitter:label1\" content=\"Ber\u00e4knad l\u00e4stid\" \/>\n\t<meta name=\"twitter:data1\" content=\"1 minut\" \/>\n<script type=\"application\/ld+json\" class=\"yoast-schema-graph\">{\"@context\":\"https:\/\/schema.org\",\"@graph\":[{\"@type\":\"WebPage\",\"@id\":\"https:\/\/www.lebosweater.com\/product\/rhinestones-fleur-de-lis-beanie\/\",\"url\":\"https:\/\/www.lebosweater.com\/product\/rhinestones-fleur-de-lis-beanie\/\",\"name\":\"Rhinestones Fleur De Lis Beanie - Lebo Sweater Manufacturers,Knitwear Manufacturer Custom Sweater Factory\",\"isPartOf\":{\"@id\":\"https:\/\/www.lebosweater.com\/#website\"},\"primaryImageOfPage\":{\"@id\":\"https:\/\/www.lebosweater.com\/product\/rhinestones-fleur-de-lis-beanie\/#primaryimage\"},\"image\":{\"@id\":\"https:\/\/www.lebosweater.com\/product\/rhinestones-fleur-de-lis-beanie\/#primaryimage\"},\"thumbnailUrl\":\"https:\/\/www.lebosweater.com\/wp-content\/uploads\/2025\/03\/dfeee0b6-5843-4321-a936-b01c102804fe.jpg\",\"datePublished\":\"2025-03-05T06:43:35+00:00\",\"dateModified\":\"2025-04-03T02:32:23+00:00\",\"description\":\"If you want custom Rhinestones Fleur De Lis Beanie,please contact us\uff0cWe are sweater manufacturers,We will help you develop and customize your sweater brand\",\"breadcrumb\":{\"@id\":\"https:\/\/www.lebosweater.com\/product\/rhinestones-fleur-de-lis-beanie\/#breadcrumb\"},\"inLanguage\":\"sv-SE\",\"potentialAction\":[{\"@type\":\"ReadAction\",\"target\":[\"https:\/\/www.lebosweater.com\/product\/rhinestones-fleur-de-lis-beanie\/\"]}]},{\"@type\":\"ImageObject\",\"inLanguage\":\"sv-SE\",\"@id\":\"https:\/\/www.lebosweater.com\/product\/rhinestones-fleur-de-lis-beanie\/#primaryimage\",\"url\":\"https:\/\/www.lebosweater.com\/wp-content\/uploads\/2025\/03\/dfeee0b6-5843-4321-a936-b01c102804fe.jpg\",\"contentUrl\":\"https:\/\/www.lebosweater.com\/wp-content\/uploads\/2025\/03\/dfeee0b6-5843-4321-a936-b01c102804fe.jpg\",\"width\":800,\"height\":800,\"caption\":\"Rhinestones Fleur De Lis Beanie\"},{\"@type\":\"BreadcrumbList\",\"@id\":\"https:\/\/www.lebosweater.com\/product\/rhinestones-fleur-de-lis-beanie\/#breadcrumb\",\"itemListElement\":[{\"@type\":\"ListItem\",\"position\":1,\"name\":\"\u9996\u9875\",\"item\":\"https:\/\/www.lebosweater.com\/\"},{\"@type\":\"ListItem\",\"position\":2,\"name\":\"Products\",\"item\":\"https:\/\/www.lebosweater.com\/de\/products\/\"},{\"@type\":\"ListItem\",\"position\":3,\"name\":\"Rhinestones Fleur De Lis Beanie\"}]},{\"@type\":\"WebSite\",\"@id\":\"https:\/\/www.lebosweater.com\/#website\",\"url\":\"https:\/\/www.lebosweater.com\/\",\"name\":\"Lebo Sweater Manufacturers,Knitwear Manufacturer Custom Sweater Factory\",\"description\":\"One-Stop Knitwear Supplier\",\"publisher\":{\"@id\":\"https:\/\/www.lebosweater.com\/#organization\"},\"potentialAction\":[{\"@type\":\"SearchAction\",\"target\":{\"@type\":\"EntryPoint\",\"urlTemplate\":\"https:\/\/www.lebosweater.com\/?s={search_term_string}\"},\"query-input\":{\"@type\":\"PropertyValueSpecification\",\"valueRequired\":true,\"valueName\":\"search_term_string\"}}],\"inLanguage\":\"sv-SE\"},{\"@type\":\"Organization\",\"@id\":\"https:\/\/www.lebosweater.com\/#organization\",\"name\":\"Lebo Sweater Manufacturers,Knitwear Manufacturer Custom Sweater Factory\",\"url\":\"https:\/\/www.lebosweater.com\/\",\"logo\":{\"@type\":\"ImageObject\",\"inLanguage\":\"sv-SE\",\"@id\":\"https:\/\/www.lebosweater.com\/#\/schema\/logo\/image\/\",\"url\":\"https:\/\/www.lebosweater.com\/wp-content\/uploads\/2025\/02\/cropped-cropped-\u672a\u6807\u9898-1-1.png\",\"contentUrl\":\"https:\/\/www.lebosweater.com\/wp-content\/uploads\/2025\/02\/cropped-cropped-\u672a\u6807\u9898-1-1.png\",\"width\":512,\"height\":205,\"caption\":\"Lebo Sweater Manufacturers,Knitwear Manufacturer Custom Sweater Factory\"},\"image\":{\"@id\":\"https:\/\/www.lebosweater.com\/#\/schema\/logo\/image\/\"}}]}<\/script>\n<!-- \/ Yoast SEO plugin. -->","yoast_head_json":{"title":"Rhinestones Fleur De Lis Beanie - Lebo Sweater Manufacturers,Knitwear Manufacturer Custom Sweater Factory","description":"If you want custom Rhinestones Fleur De Lis Beanie,please contact us\uff0cWe are sweater manufacturers,We will help you develop and customize your sweater brand","robots":{"index":"index","follow":"follow","max-snippet":"max-snippet:-1","max-image-preview":"max-image-preview:large","max-video-preview":"max-video-preview:-1"},"canonical":"https:\/\/www.lebosweater.com\/sv\/produkt\/rhinestones-fleur-de-lis-beanie\/","og_locale":"sv_SE","og_type":"article","og_title":"Rhinestones Fleur De Lis Beanie - Lebo Sweater Manufacturers,Knitwear Manufacturer Custom Sweater Factory","og_description":"If you want custom Rhinestones Fleur De Lis Beanie,please contact us\uff0cWe are sweater manufacturers,We will help you develop and customize your sweater brand","og_url":"https:\/\/www.lebosweater.com\/sv\/produkt\/rhinestones-fleur-de-lis-beanie\/","og_site_name":"Lebo Sweater Manufacturers,Knitwear Manufacturer Custom Sweater Factory","article_modified_time":"2025-04-03T02:32:23+00:00","og_image":[{"width":800,"height":800,"url":"https:\/\/www.lebosweater.com\/wp-content\/uploads\/2025\/03\/dfeee0b6-5843-4321-a936-b01c102804fe.jpg","type":"image\/jpeg"}],"twitter_card":"summary_large_image","twitter_misc":{"Ber\u00e4knad l\u00e4stid":"1 minut"},"schema":{"@context":"https:\/\/schema.org","@graph":[{"@type":"WebPage","@id":"https:\/\/www.lebosweater.com\/product\/rhinestones-fleur-de-lis-beanie\/","url":"https:\/\/www.lebosweater.com\/product\/rhinestones-fleur-de-lis-beanie\/","name":"Rhinestones Fleur De Lis Beanie - Lebo Sweater Manufacturers,Knitwear Manufacturer Custom Sweater Factory","isPartOf":{"@id":"https:\/\/www.lebosweater.com\/#website"},"primaryImageOfPage":{"@id":"https:\/\/www.lebosweater.com\/product\/rhinestones-fleur-de-lis-beanie\/#primaryimage"},"image":{"@id":"https:\/\/www.lebosweater.com\/product\/rhinestones-fleur-de-lis-beanie\/#primaryimage"},"thumbnailUrl":"https:\/\/www.lebosweater.com\/wp-content\/uploads\/2025\/03\/dfeee0b6-5843-4321-a936-b01c102804fe.jpg","datePublished":"2025-03-05T06:43:35+00:00","dateModified":"2025-04-03T02:32:23+00:00","description":"If you want custom Rhinestones Fleur De Lis Beanie,please contact us\uff0cWe are sweater manufacturers,We will help you develop and customize your sweater brand","breadcrumb":{"@id":"https:\/\/www.lebosweater.com\/product\/rhinestones-fleur-de-lis-beanie\/#breadcrumb"},"inLanguage":"sv-SE","potentialAction":[{"@type":"ReadAction","target":["https:\/\/www.lebosweater.com\/product\/rhinestones-fleur-de-lis-beanie\/"]}]},{"@type":"ImageObject","inLanguage":"sv-SE","@id":"https:\/\/www.lebosweater.com\/product\/rhinestones-fleur-de-lis-beanie\/#primaryimage","url":"https:\/\/www.lebosweater.com\/wp-content\/uploads\/2025\/03\/dfeee0b6-5843-4321-a936-b01c102804fe.jpg","contentUrl":"https:\/\/www.lebosweater.com\/wp-content\/uploads\/2025\/03\/dfeee0b6-5843-4321-a936-b01c102804fe.jpg","width":800,"height":800,"caption":"Rhinestones Fleur De Lis Beanie"},{"@type":"BreadcrumbList","@id":"https:\/\/www.lebosweater.com\/product\/rhinestones-fleur-de-lis-beanie\/#breadcrumb","itemListElement":[{"@type":"ListItem","position":1,"name":"\u9996\u9875","item":"https:\/\/www.lebosweater.com\/"},{"@type":"ListItem","position":2,"name":"Products","item":"https:\/\/www.lebosweater.com\/de\/products\/"},{"@type":"ListItem","position":3,"name":"Rhinestones Fleur De Lis Beanie"}]},{"@type":"WebSite","@id":"https:\/\/www.lebosweater.com\/#website","url":"https:\/\/www.lebosweater.com\/","name":"Lebo Sweater Manufacturers,Knitwear Manufacturer Custom Sweater Factory","description":"One-Stop Knitwear Supplier","publisher":{"@id":"https:\/\/www.lebosweater.com\/#organization"},"potentialAction":[{"@type":"SearchAction","target":{"@type":"EntryPoint","urlTemplate":"https:\/\/www.lebosweater.com\/?s={search_term_string}"},"query-input":{"@type":"PropertyValueSpecification","valueRequired":true,"valueName":"search_term_string"}}],"inLanguage":"sv-SE"},{"@type":"Organization","@id":"https:\/\/www.lebosweater.com\/#organization","name":"Lebo Sweater Manufacturers,Knitwear Manufacturer Custom Sweater Factory","url":"https:\/\/www.lebosweater.com\/","logo":{"@type":"ImageObject","inLanguage":"sv-SE","@id":"https:\/\/www.lebosweater.com\/#\/schema\/logo\/image\/","url":"https:\/\/www.lebosweater.com\/wp-content\/uploads\/2025\/02\/cropped-cropped-\u672a\u6807\u9898-1-1.png","contentUrl":"https:\/\/www.lebosweater.com\/wp-content\/uploads\/2025\/02\/cropped-cropped-\u672a\u6807\u9898-1-1.png","width":512,"height":205,"caption":"Lebo Sweater Manufacturers,Knitwear Manufacturer Custom Sweater Factory"},"image":{"@id":"https:\/\/www.lebosweater.com\/#\/schema\/logo\/image\/"}}]}},"jetpack_sharing_enabled":true,"_links":{"self":[{"href":"https:\/\/www.lebosweater.com\/sv\/wp-json\/wp\/v2\/product\/1551","targetHints":{"allow":["GET"]}}],"collection":[{"href":"https:\/\/www.lebosweater.com\/sv\/wp-json\/wp\/v2\/product"}],"about":[{"href":"https:\/\/www.lebosweater.com\/sv\/wp-json\/wp\/v2\/types\/product"}],"wp:featuredmedia":[{"embeddable":true,"href":"https:\/\/www.lebosweater.com\/sv\/wp-json\/wp\/v2\/media\/1556"}],"wp:attachment":[{"href":"https:\/\/www.lebosweater.com\/sv\/wp-json\/wp\/v2\/media?parent=1551"}],"wp:term":[{"taxonomy":"product_brand","embeddable":true,"href":"https:\/\/www.lebosweater.com\/sv\/wp-json\/wp\/v2\/product_brand?post=1551"},{"taxonomy":"product_cat","embeddable":true,"href":"https:\/\/www.lebosweater.com\/sv\/wp-json\/wp\/v2\/product_cat?post=1551"},{"taxonomy":"product_tag","embeddable":true,"href":"https:\/\/www.lebosweater.com\/sv\/wp-json\/wp\/v2\/product_tag?post=1551"}],"curies":[{"name":"wp","href":"https:\/\/api.w.org\/{rel}","templated":true}]}}