{"id":1352,"date":"2025-02-28T11:37:36","date_gmt":"2025-02-28T03:37:36","guid":{"rendered":"https:\/\/lebosweater.com\/?post_type=product&#038;p=1352"},"modified":"2025-04-03T10:40:34","modified_gmt":"2025-04-03T02:40:34","slug":"waffle-knit-jersey-women","status":"publish","type":"product","link":"https:\/\/www.lebosweater.com\/it\/prodotto\/waffle-knit-jersey-women\/","title":{"rendered":"Waffle Knit Jersey Women"},"content":{"rendered":"<h1 class=\"product_title entry-title elementor-heading-title elementor-size-default\">Waffle Knit Jersey Women<\/h1>\n<p>&nbsp;<\/p>\n<h6><strong>Your Quality Knit Sweater Supplier Partner<\/strong><\/h6>\n<h6><\/h6>\n<p>Custom Waffle Knit Jersey Women,Lebo sweater aims to make fashion business easier and help your fashion brand to grow faster with our professional service. We already assisted many clients to grow up from small company to well known brand on its markets. Our experience and expertise allow our customers to reduce the risks and cost of product development.<\/p>\n<p><strong>Your One-Stop <a href=\"https:\/\/www.lebosweater.com\/it\">Knitwear Supplier<\/a> In China<\/strong><\/p>\n<p>With 20 year experiences of cooperation with leading fashion brands, Lebo sweater provides custiomers with more efficient one-stop services and solutions. Build Your Brand With Us. <a href=\"https:\/\/www.lebosweater.com\/it\/contattateci\/\">Receive Free Customized Consultation Now.<\/a><\/p>","protected":false},"excerpt":{"rendered":"<h6>Caratteristiche:<\/h6>\n<ul>\n<li>Luogo di origine: Guangdong, Cina<\/li>\n<li>Calibro: 7 GG o personalizzato<\/li>\n<li>Material: Waffle Or Custom<\/li>\n<li>Technology: Print Jacquard Or Custom<\/li>\n<\/ul>\n<h6><strong>Prodotto MOQ:<\/strong><\/h6>\n<div class=\"magic-7\" data-spm-anchor-id=\"a2700.custom-template.0.i239.62f63333bfVL3c\">Nessuna quantit\u00e0 minima d'ordine<\/div>\n<div class=\"magic-7\" data-spm-anchor-id=\"a2700.custom-template.0.i235.62f63333bfVL3c\">(Maggiore \u00e8 la quantit\u00e0, minore \u00e8 il prezzo)<\/div>\n<h6>Personalizzato: personalizzato<\/h6>\n<p>Offriamo un servizio di produzione di maglioni personalizzati one-stop che include logo\/ taglia\/ colore\/ tessuto\/ design\/ accessori\/ etichette personalizzate.<\/p>\n<p>produttore di maglioni produzione professionale e design, campioni gratuiti sono disponibili!<\/p>\n<p>Siete invitati a inviarci il vostro progetto.<\/p>\n<h6>Lebo knitwear vi assiste durante tutto il progetto: Maglione da uomo, maglione da donna, maglione da bambino, maglione natalizio, maglione all'uncinetto, accessori in maglia, set in maglia, pantaloncini e pantaloni in maglia, vestito. Contattateci o segnate le vostre esigenze sul preventivo di richiesta.<\/h6>\n<p>&nbsp;<\/p>","protected":false},"featured_media":1353,"template":"","meta":{"_kad_post_transparent":"default","_kad_post_title":"","_kad_post_layout":"default","_kad_post_sidebar_id":"","_kad_post_content_style":"default","_kad_post_vertical_padding":"default","_kad_post_feature":"","_kad_post_feature_position":"","_kad_post_header":false,"_kad_post_footer":false},"product_brand":[],"product_cat":[20],"product_tag":[],"class_list":{"0":"post-1352","1":"product","2":"type-product","3":"status-publish","4":"has-post-thumbnail","6":"product_cat-women-sweater","8":"first","9":"instock","10":"shipping-taxable","11":"product-type-simple","12":"entry","13":"content-bg","14":"loop-entry"},"yoast_head":"<!-- This site is optimized with the Yoast SEO plugin v25.5 - https:\/\/yoast.com\/wordpress\/plugins\/seo\/ -->\n<title>Waffle Knit Jersey Women - Lebo Sweater Manufacturers,Knitwear Manufacturer Custom Sweater Factory<\/title>\n<meta name=\"description\" content=\"Custom Waffle Knit Jersey Women ,Lebo Your One-Stop Knitwear Supplier ,Contact us for free to develop and customize your unique sweater brand.\" \/>\n<meta name=\"robots\" content=\"index, follow, max-snippet:-1, max-image-preview:large, max-video-preview:-1\" \/>\n<link rel=\"canonical\" href=\"https:\/\/www.lebosweater.com\/it\/prodotto\/waffle-knit-jersey-women\/\" \/>\n<meta property=\"og:locale\" content=\"it_IT\" \/>\n<meta property=\"og:type\" content=\"article\" \/>\n<meta property=\"og:title\" content=\"Waffle Knit Jersey Women - Lebo Sweater Manufacturers,Knitwear Manufacturer Custom Sweater Factory\" \/>\n<meta property=\"og:description\" content=\"Custom Waffle Knit Jersey Women ,Lebo Your One-Stop Knitwear Supplier ,Contact us for free to develop and customize your unique sweater brand.\" \/>\n<meta property=\"og:url\" content=\"https:\/\/www.lebosweater.com\/it\/prodotto\/waffle-knit-jersey-women\/\" \/>\n<meta property=\"og:site_name\" content=\"Lebo Sweater Manufacturers,Knitwear Manufacturer Custom Sweater Factory\" \/>\n<meta property=\"article:modified_time\" content=\"2025-04-03T02:40:34+00:00\" \/>\n<meta property=\"og:image\" content=\"https:\/\/www.lebosweater.com\/wp-content\/uploads\/2025\/02\/4d1ce037-31c6-413a-ba19-a99bdef8e716.jpg\" \/>\n\t<meta property=\"og:image:width\" content=\"1000\" \/>\n\t<meta property=\"og:image:height\" content=\"1000\" \/>\n\t<meta property=\"og:image:type\" content=\"image\/jpeg\" \/>\n<meta name=\"twitter:card\" content=\"summary_large_image\" \/>\n<meta name=\"twitter:label1\" content=\"Tempo di lettura stimato\" \/>\n\t<meta name=\"twitter:data1\" content=\"1 minuto\" \/>\n<script type=\"application\/ld+json\" class=\"yoast-schema-graph\">{\"@context\":\"https:\/\/schema.org\",\"@graph\":[{\"@type\":\"WebPage\",\"@id\":\"https:\/\/www.lebosweater.com\/product\/waffle-knit-jersey-women\/\",\"url\":\"https:\/\/www.lebosweater.com\/product\/waffle-knit-jersey-women\/\",\"name\":\"Waffle Knit Jersey Women - Lebo Sweater Manufacturers,Knitwear Manufacturer Custom Sweater Factory\",\"isPartOf\":{\"@id\":\"https:\/\/www.lebosweater.com\/#website\"},\"primaryImageOfPage\":{\"@id\":\"https:\/\/www.lebosweater.com\/product\/waffle-knit-jersey-women\/#primaryimage\"},\"image\":{\"@id\":\"https:\/\/www.lebosweater.com\/product\/waffle-knit-jersey-women\/#primaryimage\"},\"thumbnailUrl\":\"https:\/\/www.lebosweater.com\/wp-content\/uploads\/2025\/02\/4d1ce037-31c6-413a-ba19-a99bdef8e716.jpg\",\"datePublished\":\"2025-02-28T03:37:36+00:00\",\"dateModified\":\"2025-04-03T02:40:34+00:00\",\"description\":\"Custom Waffle Knit Jersey Women ,Lebo Your One-Stop Knitwear Supplier ,Contact us for free to develop and customize your unique sweater brand.\",\"breadcrumb\":{\"@id\":\"https:\/\/www.lebosweater.com\/product\/waffle-knit-jersey-women\/#breadcrumb\"},\"inLanguage\":\"it-IT\",\"potentialAction\":[{\"@type\":\"ReadAction\",\"target\":[\"https:\/\/www.lebosweater.com\/product\/waffle-knit-jersey-women\/\"]}]},{\"@type\":\"ImageObject\",\"inLanguage\":\"it-IT\",\"@id\":\"https:\/\/www.lebosweater.com\/product\/waffle-knit-jersey-women\/#primaryimage\",\"url\":\"https:\/\/www.lebosweater.com\/wp-content\/uploads\/2025\/02\/4d1ce037-31c6-413a-ba19-a99bdef8e716.jpg\",\"contentUrl\":\"https:\/\/www.lebosweater.com\/wp-content\/uploads\/2025\/02\/4d1ce037-31c6-413a-ba19-a99bdef8e716.jpg\",\"width\":1000,\"height\":1000,\"caption\":\"Waffle Knit Jersey Women\"},{\"@type\":\"BreadcrumbList\",\"@id\":\"https:\/\/www.lebosweater.com\/product\/waffle-knit-jersey-women\/#breadcrumb\",\"itemListElement\":[{\"@type\":\"ListItem\",\"position\":1,\"name\":\"\u9996\u9875\",\"item\":\"https:\/\/www.lebosweater.com\/\"},{\"@type\":\"ListItem\",\"position\":2,\"name\":\"Products\",\"item\":\"https:\/\/www.lebosweater.com\/de\/products\/\"},{\"@type\":\"ListItem\",\"position\":3,\"name\":\"Waffle Knit Jersey Women\"}]},{\"@type\":\"WebSite\",\"@id\":\"https:\/\/www.lebosweater.com\/#website\",\"url\":\"https:\/\/www.lebosweater.com\/\",\"name\":\"Lebo Sweater Manufacturers,Knitwear Manufacturer Custom Sweater Factory\",\"description\":\"One-Stop Knitwear Supplier\",\"publisher\":{\"@id\":\"https:\/\/www.lebosweater.com\/#organization\"},\"potentialAction\":[{\"@type\":\"SearchAction\",\"target\":{\"@type\":\"EntryPoint\",\"urlTemplate\":\"https:\/\/www.lebosweater.com\/?s={search_term_string}\"},\"query-input\":{\"@type\":\"PropertyValueSpecification\",\"valueRequired\":true,\"valueName\":\"search_term_string\"}}],\"inLanguage\":\"it-IT\"},{\"@type\":\"Organization\",\"@id\":\"https:\/\/www.lebosweater.com\/#organization\",\"name\":\"Lebo Sweater Manufacturers,Knitwear Manufacturer Custom Sweater Factory\",\"url\":\"https:\/\/www.lebosweater.com\/\",\"logo\":{\"@type\":\"ImageObject\",\"inLanguage\":\"it-IT\",\"@id\":\"https:\/\/www.lebosweater.com\/#\/schema\/logo\/image\/\",\"url\":\"https:\/\/www.lebosweater.com\/wp-content\/uploads\/2025\/02\/cropped-cropped-\u672a\u6807\u9898-1-1.png\",\"contentUrl\":\"https:\/\/www.lebosweater.com\/wp-content\/uploads\/2025\/02\/cropped-cropped-\u672a\u6807\u9898-1-1.png\",\"width\":512,\"height\":205,\"caption\":\"Lebo Sweater Manufacturers,Knitwear Manufacturer Custom Sweater Factory\"},\"image\":{\"@id\":\"https:\/\/www.lebosweater.com\/#\/schema\/logo\/image\/\"}}]}<\/script>\n<!-- \/ Yoast SEO plugin. -->","yoast_head_json":{"title":"Waffle Knit Jersey Women - Lebo Sweater Manufacturers,Knitwear Manufacturer Custom Sweater Factory","description":"Custom Waffle Knit Jersey Women ,Lebo Your One-Stop Knitwear Supplier ,Contact us for free to develop and customize your unique sweater brand.","robots":{"index":"index","follow":"follow","max-snippet":"max-snippet:-1","max-image-preview":"max-image-preview:large","max-video-preview":"max-video-preview:-1"},"canonical":"https:\/\/www.lebosweater.com\/it\/prodotto\/waffle-knit-jersey-women\/","og_locale":"it_IT","og_type":"article","og_title":"Waffle Knit Jersey Women - Lebo Sweater Manufacturers,Knitwear Manufacturer Custom Sweater Factory","og_description":"Custom Waffle Knit Jersey Women ,Lebo Your One-Stop Knitwear Supplier ,Contact us for free to develop and customize your unique sweater brand.","og_url":"https:\/\/www.lebosweater.com\/it\/prodotto\/waffle-knit-jersey-women\/","og_site_name":"Lebo Sweater Manufacturers,Knitwear Manufacturer Custom Sweater Factory","article_modified_time":"2025-04-03T02:40:34+00:00","og_image":[{"width":1000,"height":1000,"url":"https:\/\/www.lebosweater.com\/wp-content\/uploads\/2025\/02\/4d1ce037-31c6-413a-ba19-a99bdef8e716.jpg","type":"image\/jpeg"}],"twitter_card":"summary_large_image","twitter_misc":{"Tempo di lettura stimato":"1 minuto"},"schema":{"@context":"https:\/\/schema.org","@graph":[{"@type":"WebPage","@id":"https:\/\/www.lebosweater.com\/product\/waffle-knit-jersey-women\/","url":"https:\/\/www.lebosweater.com\/product\/waffle-knit-jersey-women\/","name":"Waffle Knit Jersey Women - Lebo Sweater Manufacturers,Knitwear Manufacturer Custom Sweater Factory","isPartOf":{"@id":"https:\/\/www.lebosweater.com\/#website"},"primaryImageOfPage":{"@id":"https:\/\/www.lebosweater.com\/product\/waffle-knit-jersey-women\/#primaryimage"},"image":{"@id":"https:\/\/www.lebosweater.com\/product\/waffle-knit-jersey-women\/#primaryimage"},"thumbnailUrl":"https:\/\/www.lebosweater.com\/wp-content\/uploads\/2025\/02\/4d1ce037-31c6-413a-ba19-a99bdef8e716.jpg","datePublished":"2025-02-28T03:37:36+00:00","dateModified":"2025-04-03T02:40:34+00:00","description":"Custom Waffle Knit Jersey Women ,Lebo Your One-Stop Knitwear Supplier ,Contact us for free to develop and customize your unique sweater brand.","breadcrumb":{"@id":"https:\/\/www.lebosweater.com\/product\/waffle-knit-jersey-women\/#breadcrumb"},"inLanguage":"it-IT","potentialAction":[{"@type":"ReadAction","target":["https:\/\/www.lebosweater.com\/product\/waffle-knit-jersey-women\/"]}]},{"@type":"ImageObject","inLanguage":"it-IT","@id":"https:\/\/www.lebosweater.com\/product\/waffle-knit-jersey-women\/#primaryimage","url":"https:\/\/www.lebosweater.com\/wp-content\/uploads\/2025\/02\/4d1ce037-31c6-413a-ba19-a99bdef8e716.jpg","contentUrl":"https:\/\/www.lebosweater.com\/wp-content\/uploads\/2025\/02\/4d1ce037-31c6-413a-ba19-a99bdef8e716.jpg","width":1000,"height":1000,"caption":"Waffle Knit Jersey Women"},{"@type":"BreadcrumbList","@id":"https:\/\/www.lebosweater.com\/product\/waffle-knit-jersey-women\/#breadcrumb","itemListElement":[{"@type":"ListItem","position":1,"name":"\u9996\u9875","item":"https:\/\/www.lebosweater.com\/"},{"@type":"ListItem","position":2,"name":"Products","item":"https:\/\/www.lebosweater.com\/de\/products\/"},{"@type":"ListItem","position":3,"name":"Waffle Knit Jersey Women"}]},{"@type":"WebSite","@id":"https:\/\/www.lebosweater.com\/#website","url":"https:\/\/www.lebosweater.com\/","name":"Lebo Sweater Manufacturers,Knitwear Manufacturer Custom Sweater Factory","description":"One-Stop Knitwear Supplier","publisher":{"@id":"https:\/\/www.lebosweater.com\/#organization"},"potentialAction":[{"@type":"SearchAction","target":{"@type":"EntryPoint","urlTemplate":"https:\/\/www.lebosweater.com\/?s={search_term_string}"},"query-input":{"@type":"PropertyValueSpecification","valueRequired":true,"valueName":"search_term_string"}}],"inLanguage":"it-IT"},{"@type":"Organization","@id":"https:\/\/www.lebosweater.com\/#organization","name":"Lebo Sweater Manufacturers,Knitwear Manufacturer Custom Sweater Factory","url":"https:\/\/www.lebosweater.com\/","logo":{"@type":"ImageObject","inLanguage":"it-IT","@id":"https:\/\/www.lebosweater.com\/#\/schema\/logo\/image\/","url":"https:\/\/www.lebosweater.com\/wp-content\/uploads\/2025\/02\/cropped-cropped-\u672a\u6807\u9898-1-1.png","contentUrl":"https:\/\/www.lebosweater.com\/wp-content\/uploads\/2025\/02\/cropped-cropped-\u672a\u6807\u9898-1-1.png","width":512,"height":205,"caption":"Lebo Sweater Manufacturers,Knitwear Manufacturer Custom Sweater Factory"},"image":{"@id":"https:\/\/www.lebosweater.com\/#\/schema\/logo\/image\/"}}]}},"jetpack_sharing_enabled":true,"_links":{"self":[{"href":"https:\/\/www.lebosweater.com\/it\/wp-json\/wp\/v2\/product\/1352","targetHints":{"allow":["GET"]}}],"collection":[{"href":"https:\/\/www.lebosweater.com\/it\/wp-json\/wp\/v2\/product"}],"about":[{"href":"https:\/\/www.lebosweater.com\/it\/wp-json\/wp\/v2\/types\/product"}],"wp:featuredmedia":[{"embeddable":true,"href":"https:\/\/www.lebosweater.com\/it\/wp-json\/wp\/v2\/media\/1353"}],"wp:attachment":[{"href":"https:\/\/www.lebosweater.com\/it\/wp-json\/wp\/v2\/media?parent=1352"}],"wp:term":[{"taxonomy":"product_brand","embeddable":true,"href":"https:\/\/www.lebosweater.com\/it\/wp-json\/wp\/v2\/product_brand?post=1352"},{"taxonomy":"product_cat","embeddable":true,"href":"https:\/\/www.lebosweater.com\/it\/wp-json\/wp\/v2\/product_cat?post=1352"},{"taxonomy":"product_tag","embeddable":true,"href":"https:\/\/www.lebosweater.com\/it\/wp-json\/wp\/v2\/product_tag?post=1352"}],"curies":[{"name":"wp","href":"https:\/\/api.w.org\/{rel}","templated":true}]}}