{"id":2178,"date":"2025-04-02T16:07:21","date_gmt":"2025-04-02T08:07:21","guid":{"rendered":"https:\/\/lebosweater.com\/?post_type=product&#038;p=2178"},"modified":"2025-04-02T16:07:21","modified_gmt":"2025-04-02T08:07:21","slug":"heat-reactive-balaclava","status":"publish","type":"product","link":"https:\/\/www.lebosweater.com\/fr\/produit\/heat-reactive-balaclava\/","title":{"rendered":"Cagoule thermor\u00e9active"},"content":{"rendered":"<p dir=\"auto\" data-node=\"true\"><strong>\u00a0Heat Reactive Balaclava-Your Quality Knit Sweater Supplier Partner<\/strong><\/p>\n<p>Custom Heat Reactive Balaclava,Lebo sweater aims to make fashion business easier and help your fashion brand to grow faster with our professional service. We already assisted many clients to grow up from small company to well known brand on its markets. Our experience and expertise allow our customers to reduce the risks and cost of product development.<\/p>\n<h1 dir=\"auto\" data-node=\"true\"><strong style=\"font-family: inherit; font-size: 20px;\">Votre guichet unique <a href=\"https:\/\/www.lebosweater.com\/fr\">Fournisseur de tricots<\/a> En Chine<\/strong><\/h1>\n<p>\u200bDongguan Lebo Clothing Co., Ltd Is a Professional Knitwear Manufacturers Which Specialized In The Design, Developing, Manufacturing, And Marketing For All Ranges Of Sweaters, Knitted Beanies, Scarves, Knit Blankets, T-shirts, Hoodies And Etc.\u200b<\/p>\n<p>We focus on using luxury and high &#8211; quality Italian and local yarns, like cashmere, wool, mohair, alpaca, silk, cotton, and their blends. Our company has knitting machines from Germany&#8217;s STOLL, Japan&#8217;s SHIMA, and China&#8217;s CIXING. Thus, we can produce knit sweaters from 1.5gg to 16gg. With a monthly production capacity of 60,000 sweaters, we master techniques such as intarsia, jacquard, embroidery, crochet, print, and various knitting stitches.<\/p>\n<p>\u200bOur expertise lies in crafting contemporary designs with swift turnaround times and cost-effective pricing, ensuring our clients can yield favorable profits when vending their products. Our objective is to furnish exceptional manufacturing services to both individual customers and businesses.\u200b<\/p>\n<p>Over the years, we&#8217;ve committed to providing top &#8211; notch service and quality. So, we&#8217;ve gathered many long &#8211; term partners. Our business spreads globally, covering countries like the United States, Australia, the U.K., Canada, France, Germany, Brazil, Russia, Japan, Singapore, Korea, and many others.\u200b<\/p>\n<p>We offer not only the latest &#8211; designed products but also pictures, videos, and all the services you need\uff01<\/p>\n<p>\u200bWith 20 years of experience collaborating with leading fashion brands, Lebo sweater provides customers with more efficient one &#8211; stop services and solutions. Build your brand with us. <a href=\"https:\/\/www.lebosweater.com\/fr\/nous-contacter\/\" target=\"_blank\" rel=\"noopener\">Get a free customized consultation now.<\/a>\u200b<\/p>","protected":false},"excerpt":{"rendered":"<h6>Caract\u00e9ristiques :<\/h6>\n<ul>\n<li>Lieu d'origine : Guangdong, Chine<\/li>\n<li>Jauge : 7 GG ou sur mesure<\/li>\n<li>Mat\u00e9riau : R\u00e9actif \u00e0 la chaleur ou personnalis\u00e9<\/li>\n<li>Technologie : Jacquard ou sur mesure<\/li>\n<\/ul>\n<h6><strong>MOQ du produit :<\/strong><\/h6>\n<div class=\"magic-7\" data-spm-anchor-id=\"a2700.custom-template.0.i239.62f63333bfVL3c\">Non Quantit\u00e9 minimale de commande<\/div>\n<div class=\"magic-7\" data-spm-anchor-id=\"a2700.custom-template.0.i235.62f63333bfVL3c\">(Plus la quantit\u00e9 est importante, plus le prix est bas)<\/div>\n<h6 class=\"magic-7\" data-spm-anchor-id=\"a2700.custom-template.0.i235.62f63333bfVL3c\"><strong>Personnalis\u00e9\uff1a<\/strong><\/h6>\n<p>Nous proposons un service complet de fabrication de pulls personnalis\u00e9s, comprenant la personnalisation du logo, de la taille, de la couleur, du tissu, de la conception, des accessoires et des \u00e9tiquettes.<\/p>\n<p>Fabricant de pull-overs, production et conception professionnelles, <a href=\"https:\/\/www.lebosweater.com\/fr\/nous-contacter\/\" target=\"_blank\" rel=\"noopener\">\u00e9chantillons gratuits<\/a> sont disponibles !<\/p>\n<p>N'h\u00e9sitez pas \u00e0 nous envoyer vos propres dessins.<\/p>\n<h6>Lebo knitwear vous accompagne tout au long du projet : <a href=\"https:\/\/www.lebosweater.com\/fr\/categorie-de-produits\/men-sweater\/\" target=\"_blank\" rel=\"noopener\">Chandail pour hommes<\/a>,<a href=\"https:\/\/www.lebosweater.com\/fr\/categorie-de-produits\/women-sweater\/\" target=\"_blank\" rel=\"noopener\">Pull femme<\/a>Chandail pour enfants, chandail de No\u00ebl, chandail en crochet, accessoires en tricot, ensemble en tricot, short et pantalon en tricot, robe. <a href=\"https:\/\/www.lebosweater.com\/fr\/nous-contacter\/\" target=\"_blank\" rel=\"noopener\">Contactez nous<\/a> ou indiquez vos besoins sur le formulaire de demande de devis.<\/h6>\n<p>&nbsp;<\/p>","protected":false},"featured_media":2184,"template":"","meta":{"_kad_post_transparent":"default","_kad_post_title":"","_kad_post_layout":"default","_kad_post_sidebar_id":"","_kad_post_content_style":"default","_kad_post_vertical_padding":"default","_kad_post_feature":"","_kad_post_feature_position":"","_kad_post_header":false,"_kad_post_footer":false},"product_brand":[],"product_cat":[27],"product_tag":[],"class_list":{"0":"post-2178","1":"product","2":"type-product","3":"status-publish","4":"has-post-thumbnail","6":"product_cat-knitted-accessories","8":"first","9":"instock","10":"shipping-taxable","11":"product-type-simple","12":"entry","13":"content-bg","14":"loop-entry"},"yoast_head":"<!-- This site is optimized with the Yoast SEO plugin v25.5 - https:\/\/yoast.com\/wordpress\/plugins\/seo\/ -->\n<title>Heat Reactive Balaclava - Lebo Sweater Manufacturers,Knitwear Manufacturer Custom Sweater Factory<\/title>\n<meta name=\"description\" content=\"If You Want Custom Heat Reactive Balaclava,Lebo Is Sweater Manufacturer ,Please Contact Us For Free To Develop And Customize Your Unique Sweater Brand.\" \/>\n<meta name=\"robots\" content=\"index, follow, max-snippet:-1, max-image-preview:large, max-video-preview:-1\" \/>\n<link rel=\"canonical\" href=\"https:\/\/www.lebosweater.com\/fr\/produit\/heat-reactive-balaclava\/\" \/>\n<meta property=\"og:locale\" content=\"fr_FR\" \/>\n<meta property=\"og:type\" content=\"article\" \/>\n<meta property=\"og:title\" content=\"Heat Reactive Balaclava - Lebo Sweater Manufacturers,Knitwear Manufacturer Custom Sweater Factory\" \/>\n<meta property=\"og:description\" content=\"If You Want Custom Heat Reactive Balaclava,Lebo Is Sweater Manufacturer ,Please Contact Us For Free To Develop And Customize Your Unique Sweater Brand.\" \/>\n<meta property=\"og:url\" content=\"https:\/\/www.lebosweater.com\/fr\/produit\/heat-reactive-balaclava\/\" \/>\n<meta property=\"og:site_name\" content=\"Lebo Sweater Manufacturers,Knitwear Manufacturer Custom Sweater Factory\" \/>\n<meta property=\"og:image\" content=\"https:\/\/www.lebosweater.com\/wp-content\/uploads\/2025\/04\/6.png\" \/>\n\t<meta property=\"og:image:width\" content=\"800\" \/>\n\t<meta property=\"og:image:height\" content=\"800\" \/>\n\t<meta property=\"og:image:type\" content=\"image\/png\" \/>\n<meta name=\"twitter:card\" content=\"summary_large_image\" \/>\n<meta name=\"twitter:label1\" content=\"Dur\u00e9e de lecture estim\u00e9e\" \/>\n\t<meta name=\"twitter:data1\" content=\"2 minutes\" \/>\n<script type=\"application\/ld+json\" class=\"yoast-schema-graph\">{\"@context\":\"https:\/\/schema.org\",\"@graph\":[{\"@type\":\"WebPage\",\"@id\":\"https:\/\/www.lebosweater.com\/product\/heat-reactive-balaclava\/\",\"url\":\"https:\/\/www.lebosweater.com\/product\/heat-reactive-balaclava\/\",\"name\":\"Heat Reactive Balaclava - Lebo Sweater Manufacturers,Knitwear Manufacturer Custom Sweater Factory\",\"isPartOf\":{\"@id\":\"https:\/\/www.lebosweater.com\/#website\"},\"primaryImageOfPage\":{\"@id\":\"https:\/\/www.lebosweater.com\/product\/heat-reactive-balaclava\/#primaryimage\"},\"image\":{\"@id\":\"https:\/\/www.lebosweater.com\/product\/heat-reactive-balaclava\/#primaryimage\"},\"thumbnailUrl\":\"https:\/\/www.lebosweater.com\/wp-content\/uploads\/2025\/04\/6.png\",\"datePublished\":\"2025-04-02T08:07:21+00:00\",\"description\":\"If You Want Custom Heat Reactive Balaclava,Lebo Is Sweater Manufacturer ,Please Contact Us For Free To Develop And Customize Your Unique Sweater Brand.\",\"breadcrumb\":{\"@id\":\"https:\/\/www.lebosweater.com\/product\/heat-reactive-balaclava\/#breadcrumb\"},\"inLanguage\":\"fr-FR\",\"potentialAction\":[{\"@type\":\"ReadAction\",\"target\":[\"https:\/\/www.lebosweater.com\/product\/heat-reactive-balaclava\/\"]}]},{\"@type\":\"ImageObject\",\"inLanguage\":\"fr-FR\",\"@id\":\"https:\/\/www.lebosweater.com\/product\/heat-reactive-balaclava\/#primaryimage\",\"url\":\"https:\/\/www.lebosweater.com\/wp-content\/uploads\/2025\/04\/6.png\",\"contentUrl\":\"https:\/\/www.lebosweater.com\/wp-content\/uploads\/2025\/04\/6.png\",\"width\":800,\"height\":800,\"caption\":\"Heat Reactive Balaclava\"},{\"@type\":\"BreadcrumbList\",\"@id\":\"https:\/\/www.lebosweater.com\/product\/heat-reactive-balaclava\/#breadcrumb\",\"itemListElement\":[{\"@type\":\"ListItem\",\"position\":1,\"name\":\"\u9996\u9875\",\"item\":\"https:\/\/www.lebosweater.com\/\"},{\"@type\":\"ListItem\",\"position\":2,\"name\":\"Products\",\"item\":\"https:\/\/www.lebosweater.com\/de\/products\/\"},{\"@type\":\"ListItem\",\"position\":3,\"name\":\"Heat Reactive Balaclava\"}]},{\"@type\":\"WebSite\",\"@id\":\"https:\/\/www.lebosweater.com\/#website\",\"url\":\"https:\/\/www.lebosweater.com\/\",\"name\":\"Lebo Sweater Manufacturers,Knitwear Manufacturer Custom Sweater Factory\",\"description\":\"One-Stop Knitwear Supplier\",\"publisher\":{\"@id\":\"https:\/\/www.lebosweater.com\/#organization\"},\"potentialAction\":[{\"@type\":\"SearchAction\",\"target\":{\"@type\":\"EntryPoint\",\"urlTemplate\":\"https:\/\/www.lebosweater.com\/?s={search_term_string}\"},\"query-input\":{\"@type\":\"PropertyValueSpecification\",\"valueRequired\":true,\"valueName\":\"search_term_string\"}}],\"inLanguage\":\"fr-FR\"},{\"@type\":\"Organization\",\"@id\":\"https:\/\/www.lebosweater.com\/#organization\",\"name\":\"Lebo Sweater Manufacturers,Knitwear Manufacturer Custom Sweater Factory\",\"url\":\"https:\/\/www.lebosweater.com\/\",\"logo\":{\"@type\":\"ImageObject\",\"inLanguage\":\"fr-FR\",\"@id\":\"https:\/\/www.lebosweater.com\/#\/schema\/logo\/image\/\",\"url\":\"https:\/\/www.lebosweater.com\/wp-content\/uploads\/2025\/02\/cropped-cropped-\u672a\u6807\u9898-1-1.png\",\"contentUrl\":\"https:\/\/www.lebosweater.com\/wp-content\/uploads\/2025\/02\/cropped-cropped-\u672a\u6807\u9898-1-1.png\",\"width\":512,\"height\":205,\"caption\":\"Lebo Sweater Manufacturers,Knitwear Manufacturer Custom Sweater Factory\"},\"image\":{\"@id\":\"https:\/\/www.lebosweater.com\/#\/schema\/logo\/image\/\"}}]}<\/script>\n<!-- \/ Yoast SEO plugin. -->","yoast_head_json":{"title":"Heat Reactive Balaclava - Lebo Sweater Manufacturers,Knitwear Manufacturer Custom Sweater Factory","description":"If You Want Custom Heat Reactive Balaclava,Lebo Is Sweater Manufacturer ,Please Contact Us For Free To Develop And Customize Your Unique Sweater Brand.","robots":{"index":"index","follow":"follow","max-snippet":"max-snippet:-1","max-image-preview":"max-image-preview:large","max-video-preview":"max-video-preview:-1"},"canonical":"https:\/\/www.lebosweater.com\/fr\/produit\/heat-reactive-balaclava\/","og_locale":"fr_FR","og_type":"article","og_title":"Heat Reactive Balaclava - Lebo Sweater Manufacturers,Knitwear Manufacturer Custom Sweater Factory","og_description":"If You Want Custom Heat Reactive Balaclava,Lebo Is Sweater Manufacturer ,Please Contact Us For Free To Develop And Customize Your Unique Sweater Brand.","og_url":"https:\/\/www.lebosweater.com\/fr\/produit\/heat-reactive-balaclava\/","og_site_name":"Lebo Sweater Manufacturers,Knitwear Manufacturer Custom Sweater Factory","og_image":[{"width":800,"height":800,"url":"https:\/\/www.lebosweater.com\/wp-content\/uploads\/2025\/04\/6.png","type":"image\/png"}],"twitter_card":"summary_large_image","twitter_misc":{"Dur\u00e9e de lecture estim\u00e9e":"2 minutes"},"schema":{"@context":"https:\/\/schema.org","@graph":[{"@type":"WebPage","@id":"https:\/\/www.lebosweater.com\/product\/heat-reactive-balaclava\/","url":"https:\/\/www.lebosweater.com\/product\/heat-reactive-balaclava\/","name":"Heat Reactive Balaclava - Lebo Sweater Manufacturers,Knitwear Manufacturer Custom Sweater Factory","isPartOf":{"@id":"https:\/\/www.lebosweater.com\/#website"},"primaryImageOfPage":{"@id":"https:\/\/www.lebosweater.com\/product\/heat-reactive-balaclava\/#primaryimage"},"image":{"@id":"https:\/\/www.lebosweater.com\/product\/heat-reactive-balaclava\/#primaryimage"},"thumbnailUrl":"https:\/\/www.lebosweater.com\/wp-content\/uploads\/2025\/04\/6.png","datePublished":"2025-04-02T08:07:21+00:00","description":"If You Want Custom Heat Reactive Balaclava,Lebo Is Sweater Manufacturer ,Please Contact Us For Free To Develop And Customize Your Unique Sweater Brand.","breadcrumb":{"@id":"https:\/\/www.lebosweater.com\/product\/heat-reactive-balaclava\/#breadcrumb"},"inLanguage":"fr-FR","potentialAction":[{"@type":"ReadAction","target":["https:\/\/www.lebosweater.com\/product\/heat-reactive-balaclava\/"]}]},{"@type":"ImageObject","inLanguage":"fr-FR","@id":"https:\/\/www.lebosweater.com\/product\/heat-reactive-balaclava\/#primaryimage","url":"https:\/\/www.lebosweater.com\/wp-content\/uploads\/2025\/04\/6.png","contentUrl":"https:\/\/www.lebosweater.com\/wp-content\/uploads\/2025\/04\/6.png","width":800,"height":800,"caption":"Heat Reactive Balaclava"},{"@type":"BreadcrumbList","@id":"https:\/\/www.lebosweater.com\/product\/heat-reactive-balaclava\/#breadcrumb","itemListElement":[{"@type":"ListItem","position":1,"name":"\u9996\u9875","item":"https:\/\/www.lebosweater.com\/"},{"@type":"ListItem","position":2,"name":"Products","item":"https:\/\/www.lebosweater.com\/de\/products\/"},{"@type":"ListItem","position":3,"name":"Heat Reactive Balaclava"}]},{"@type":"WebSite","@id":"https:\/\/www.lebosweater.com\/#website","url":"https:\/\/www.lebosweater.com\/","name":"Lebo Sweater Manufacturers,Knitwear Manufacturer Custom Sweater Factory","description":"One-Stop Knitwear Supplier","publisher":{"@id":"https:\/\/www.lebosweater.com\/#organization"},"potentialAction":[{"@type":"SearchAction","target":{"@type":"EntryPoint","urlTemplate":"https:\/\/www.lebosweater.com\/?s={search_term_string}"},"query-input":{"@type":"PropertyValueSpecification","valueRequired":true,"valueName":"search_term_string"}}],"inLanguage":"fr-FR"},{"@type":"Organization","@id":"https:\/\/www.lebosweater.com\/#organization","name":"Lebo Sweater Manufacturers,Knitwear Manufacturer Custom Sweater Factory","url":"https:\/\/www.lebosweater.com\/","logo":{"@type":"ImageObject","inLanguage":"fr-FR","@id":"https:\/\/www.lebosweater.com\/#\/schema\/logo\/image\/","url":"https:\/\/www.lebosweater.com\/wp-content\/uploads\/2025\/02\/cropped-cropped-\u672a\u6807\u9898-1-1.png","contentUrl":"https:\/\/www.lebosweater.com\/wp-content\/uploads\/2025\/02\/cropped-cropped-\u672a\u6807\u9898-1-1.png","width":512,"height":205,"caption":"Lebo Sweater Manufacturers,Knitwear Manufacturer Custom Sweater Factory"},"image":{"@id":"https:\/\/www.lebosweater.com\/#\/schema\/logo\/image\/"}}]}},"jetpack_sharing_enabled":true,"_links":{"self":[{"href":"https:\/\/www.lebosweater.com\/fr\/wp-json\/wp\/v2\/product\/2178","targetHints":{"allow":["GET"]}}],"collection":[{"href":"https:\/\/www.lebosweater.com\/fr\/wp-json\/wp\/v2\/product"}],"about":[{"href":"https:\/\/www.lebosweater.com\/fr\/wp-json\/wp\/v2\/types\/product"}],"wp:featuredmedia":[{"embeddable":true,"href":"https:\/\/www.lebosweater.com\/fr\/wp-json\/wp\/v2\/media\/2184"}],"wp:attachment":[{"href":"https:\/\/www.lebosweater.com\/fr\/wp-json\/wp\/v2\/media?parent=2178"}],"wp:term":[{"taxonomy":"product_brand","embeddable":true,"href":"https:\/\/www.lebosweater.com\/fr\/wp-json\/wp\/v2\/product_brand?post=2178"},{"taxonomy":"product_cat","embeddable":true,"href":"https:\/\/www.lebosweater.com\/fr\/wp-json\/wp\/v2\/product_cat?post=2178"},{"taxonomy":"product_tag","embeddable":true,"href":"https:\/\/www.lebosweater.com\/fr\/wp-json\/wp\/v2\/product_tag?post=2178"}],"curies":[{"name":"wp","href":"https:\/\/api.w.org\/{rel}","templated":true}]}}