{"id":1650,"date":"2025-03-05T17:34:23","date_gmt":"2025-03-05T09:34:23","guid":{"rendered":"https:\/\/lebosweater.com\/?post_type=product&#038;p=1650"},"modified":"2025-04-03T10:29:18","modified_gmt":"2025-04-03T02:29:18","slug":"cashmere-wool-cardigan-sweater-women","status":"publish","type":"product","link":"https:\/\/www.lebosweater.com\/fr\/produit\/cashmere-wool-cardigan-sweater-women\/","title":{"rendered":"Cardigan en laine cachemire Pull femme"},"content":{"rendered":"<h1 class=\"product_title entry-title elementor-heading-title elementor-size-default\">Cardigan en laine cachemire Pull femme<\/h1>\n<p>&nbsp;<\/p>\n<h6><strong>Votre partenaire fournisseur de pulls en tricot de qualit\u00e9<\/strong><\/h6>\n<h6><\/h6>\n<p>Custom Cashmere Wool Cardigan Sweater Women,Lebo sweater aims to make fashion business easier and help your fashion brand to grow faster with our professional service. We already assisted many clients to grow up from small company to well known brand on its markets. Our experience and expertise allow our customers to reduce the risks and cost of product development.<\/p>\n<p><strong>Votre guichet unique <a href=\"https:\/\/www.lebosweater.com\/fr\">Fournisseur de tricots<\/a> En Chine<\/strong><\/p>\n<p>Fort d'une exp\u00e9rience de 20 ans de coop\u00e9ration avec les plus grandes marques de mode, Lebo sweater offre \u00e0 ses clients des services et des solutions plus efficaces \u00e0 partir d'un guichet unique. Construisez votre marque avec nous. <a href=\"https:\/\/www.lebosweater.com\/fr\/nous-contacter\/\">Recevez une consultation personnalis\u00e9e gratuite d\u00e8s maintenant.<\/a><\/p>","protected":false},"excerpt":{"rendered":"<h6>Caract\u00e9ristiques :<\/h6>\n<ul>\n<li>Lieu d'origine : Guangdong, Chine<\/li>\n<li>Jauge : 7 GG ou sur mesure<\/li>\n<li>Material: Cashmere Wool Or Custom<\/li>\n<li>Technologie : C\u00f4tel\u00e9e ou sur mesure<\/li>\n<\/ul>\n<h6><strong>MOQ du produit :<\/strong><\/h6>\n<div class=\"magic-7\" data-spm-anchor-id=\"a2700.custom-template.0.i239.62f63333bfVL3c\">Non Quantit\u00e9 minimale de commande<\/div>\n<div class=\"magic-7\" data-spm-anchor-id=\"a2700.custom-template.0.i235.62f63333bfVL3c\">(Plus la quantit\u00e9 est importante, plus le prix est bas)<\/div>\n<h6>Personnalis\u00e9\uff1a<\/h6>\n<p>Nous proposons un service complet de fabrication de pulls personnalis\u00e9s, comprenant la personnalisation du logo, de la taille, de la couleur, du tissu, de la conception, des accessoires et des \u00e9tiquettes.<\/p>\n<p>Fabricant de sueur, production et conception professionnelles, \u00e9chantillons gratuits disponibles !<\/p>\n<p>N'h\u00e9sitez pas \u00e0 nous envoyer vos propres dessins.<\/p>\n<h6>Lebo knitwear vous accompagne tout au long du projet : Pull homme, pull femme, pull enfant, pull de No\u00ebl, pull au crochet, accessoires tricot, ensemble tricot, short et pantalon en tricot, robe. Contactez-nous ou indiquez vos besoins sur le formulaire de demande de devis.<\/h6>\n<p>&nbsp;<\/p>","protected":false},"featured_media":1653,"template":"","meta":{"_kad_post_transparent":"default","_kad_post_title":"","_kad_post_layout":"default","_kad_post_sidebar_id":"","_kad_post_content_style":"default","_kad_post_vertical_padding":"default","_kad_post_feature":"","_kad_post_feature_position":"","_kad_post_header":false,"_kad_post_footer":false},"product_brand":[],"product_cat":[20],"product_tag":[],"class_list":{"0":"post-1650","1":"product","2":"type-product","3":"status-publish","4":"has-post-thumbnail","6":"product_cat-women-sweater","8":"first","9":"instock","10":"shipping-taxable","11":"product-type-simple","12":"entry","13":"content-bg","14":"loop-entry"},"yoast_head":"<!-- This site is optimized with the Yoast SEO plugin v25.5 - https:\/\/yoast.com\/wordpress\/plugins\/seo\/ -->\n<title>Cashmere Wool Cardigan Sweater Women - Lebo Sweater Manufacturers,Knitwear Manufacturer Custom Sweater Factory<\/title>\n<meta name=\"description\" content=\"If you want custom Cashmere Wool Cardigan Sweater Women,please contact us\uff0cWe are sweater manufacturers,We will help you develop and customize your brand.\" \/>\n<meta name=\"robots\" content=\"index, follow, max-snippet:-1, max-image-preview:large, max-video-preview:-1\" \/>\n<link rel=\"canonical\" href=\"https:\/\/www.lebosweater.com\/fr\/produit\/cashmere-wool-cardigan-sweater-women\/\" \/>\n<meta property=\"og:locale\" content=\"fr_FR\" \/>\n<meta property=\"og:type\" content=\"article\" \/>\n<meta property=\"og:title\" content=\"Cashmere Wool Cardigan Sweater Women - Lebo Sweater Manufacturers,Knitwear Manufacturer Custom Sweater Factory\" \/>\n<meta property=\"og:description\" content=\"If you want custom Cashmere Wool Cardigan Sweater Women,please contact us\uff0cWe are sweater manufacturers,We will help you develop and customize your brand.\" \/>\n<meta property=\"og:url\" content=\"https:\/\/www.lebosweater.com\/fr\/produit\/cashmere-wool-cardigan-sweater-women\/\" \/>\n<meta property=\"og:site_name\" content=\"Lebo Sweater Manufacturers,Knitwear Manufacturer Custom Sweater Factory\" \/>\n<meta property=\"article:modified_time\" content=\"2025-04-03T02:29:18+00:00\" \/>\n<meta property=\"og:image\" content=\"https:\/\/www.lebosweater.com\/wp-content\/uploads\/2025\/03\/d39413b9-3439-4411-a5c1-87aaa6f4d887.jpg\" \/>\n\t<meta property=\"og:image:width\" content=\"800\" \/>\n\t<meta property=\"og:image:height\" content=\"800\" \/>\n\t<meta property=\"og:image:type\" content=\"image\/jpeg\" \/>\n<meta name=\"twitter:card\" content=\"summary_large_image\" \/>\n<meta name=\"twitter:label1\" content=\"Dur\u00e9e de lecture estim\u00e9e\" \/>\n\t<meta name=\"twitter:data1\" content=\"1 minute\" \/>\n<script type=\"application\/ld+json\" class=\"yoast-schema-graph\">{\"@context\":\"https:\/\/schema.org\",\"@graph\":[{\"@type\":\"WebPage\",\"@id\":\"https:\/\/www.lebosweater.com\/product\/cashmere-wool-cardigan-sweater-women\/\",\"url\":\"https:\/\/www.lebosweater.com\/product\/cashmere-wool-cardigan-sweater-women\/\",\"name\":\"Cashmere Wool Cardigan Sweater Women - Lebo Sweater Manufacturers,Knitwear Manufacturer Custom Sweater Factory\",\"isPartOf\":{\"@id\":\"https:\/\/www.lebosweater.com\/#website\"},\"primaryImageOfPage\":{\"@id\":\"https:\/\/www.lebosweater.com\/product\/cashmere-wool-cardigan-sweater-women\/#primaryimage\"},\"image\":{\"@id\":\"https:\/\/www.lebosweater.com\/product\/cashmere-wool-cardigan-sweater-women\/#primaryimage\"},\"thumbnailUrl\":\"https:\/\/www.lebosweater.com\/wp-content\/uploads\/2025\/03\/d39413b9-3439-4411-a5c1-87aaa6f4d887.jpg\",\"datePublished\":\"2025-03-05T09:34:23+00:00\",\"dateModified\":\"2025-04-03T02:29:18+00:00\",\"description\":\"If you want custom Cashmere Wool Cardigan Sweater Women,please contact us\uff0cWe are sweater manufacturers,We will help you develop and customize your brand.\",\"breadcrumb\":{\"@id\":\"https:\/\/www.lebosweater.com\/product\/cashmere-wool-cardigan-sweater-women\/#breadcrumb\"},\"inLanguage\":\"fr-FR\",\"potentialAction\":[{\"@type\":\"ReadAction\",\"target\":[\"https:\/\/www.lebosweater.com\/product\/cashmere-wool-cardigan-sweater-women\/\"]}]},{\"@type\":\"ImageObject\",\"inLanguage\":\"fr-FR\",\"@id\":\"https:\/\/www.lebosweater.com\/product\/cashmere-wool-cardigan-sweater-women\/#primaryimage\",\"url\":\"https:\/\/www.lebosweater.com\/wp-content\/uploads\/2025\/03\/d39413b9-3439-4411-a5c1-87aaa6f4d887.jpg\",\"contentUrl\":\"https:\/\/www.lebosweater.com\/wp-content\/uploads\/2025\/03\/d39413b9-3439-4411-a5c1-87aaa6f4d887.jpg\",\"width\":800,\"height\":800,\"caption\":\"Cashmere Wool Cardigan Sweater Women\"},{\"@type\":\"BreadcrumbList\",\"@id\":\"https:\/\/www.lebosweater.com\/product\/cashmere-wool-cardigan-sweater-women\/#breadcrumb\",\"itemListElement\":[{\"@type\":\"ListItem\",\"position\":1,\"name\":\"\u9996\u9875\",\"item\":\"https:\/\/www.lebosweater.com\/\"},{\"@type\":\"ListItem\",\"position\":2,\"name\":\"Products\",\"item\":\"https:\/\/www.lebosweater.com\/de\/products\/\"},{\"@type\":\"ListItem\",\"position\":3,\"name\":\"Cashmere Wool Cardigan Sweater Women\"}]},{\"@type\":\"WebSite\",\"@id\":\"https:\/\/www.lebosweater.com\/#website\",\"url\":\"https:\/\/www.lebosweater.com\/\",\"name\":\"Lebo Sweater Manufacturers,Knitwear Manufacturer Custom Sweater Factory\",\"description\":\"One-Stop Knitwear Supplier\",\"publisher\":{\"@id\":\"https:\/\/www.lebosweater.com\/#organization\"},\"potentialAction\":[{\"@type\":\"SearchAction\",\"target\":{\"@type\":\"EntryPoint\",\"urlTemplate\":\"https:\/\/www.lebosweater.com\/?s={search_term_string}\"},\"query-input\":{\"@type\":\"PropertyValueSpecification\",\"valueRequired\":true,\"valueName\":\"search_term_string\"}}],\"inLanguage\":\"fr-FR\"},{\"@type\":\"Organization\",\"@id\":\"https:\/\/www.lebosweater.com\/#organization\",\"name\":\"Lebo Sweater Manufacturers,Knitwear Manufacturer Custom Sweater Factory\",\"url\":\"https:\/\/www.lebosweater.com\/\",\"logo\":{\"@type\":\"ImageObject\",\"inLanguage\":\"fr-FR\",\"@id\":\"https:\/\/www.lebosweater.com\/#\/schema\/logo\/image\/\",\"url\":\"https:\/\/www.lebosweater.com\/wp-content\/uploads\/2025\/02\/cropped-cropped-\u672a\u6807\u9898-1-1.png\",\"contentUrl\":\"https:\/\/www.lebosweater.com\/wp-content\/uploads\/2025\/02\/cropped-cropped-\u672a\u6807\u9898-1-1.png\",\"width\":512,\"height\":205,\"caption\":\"Lebo Sweater Manufacturers,Knitwear Manufacturer Custom Sweater Factory\"},\"image\":{\"@id\":\"https:\/\/www.lebosweater.com\/#\/schema\/logo\/image\/\"}}]}<\/script>\n<!-- \/ Yoast SEO plugin. -->","yoast_head_json":{"title":"Cashmere Wool Cardigan Sweater Women - Lebo Sweater Manufacturers,Knitwear Manufacturer Custom Sweater Factory","description":"If you want custom Cashmere Wool Cardigan Sweater Women,please contact us\uff0cWe are sweater manufacturers,We will help you develop and customize your brand.","robots":{"index":"index","follow":"follow","max-snippet":"max-snippet:-1","max-image-preview":"max-image-preview:large","max-video-preview":"max-video-preview:-1"},"canonical":"https:\/\/www.lebosweater.com\/fr\/produit\/cashmere-wool-cardigan-sweater-women\/","og_locale":"fr_FR","og_type":"article","og_title":"Cashmere Wool Cardigan Sweater Women - Lebo Sweater Manufacturers,Knitwear Manufacturer Custom Sweater Factory","og_description":"If you want custom Cashmere Wool Cardigan Sweater Women,please contact us\uff0cWe are sweater manufacturers,We will help you develop and customize your brand.","og_url":"https:\/\/www.lebosweater.com\/fr\/produit\/cashmere-wool-cardigan-sweater-women\/","og_site_name":"Lebo Sweater Manufacturers,Knitwear Manufacturer Custom Sweater Factory","article_modified_time":"2025-04-03T02:29:18+00:00","og_image":[{"width":800,"height":800,"url":"https:\/\/www.lebosweater.com\/wp-content\/uploads\/2025\/03\/d39413b9-3439-4411-a5c1-87aaa6f4d887.jpg","type":"image\/jpeg"}],"twitter_card":"summary_large_image","twitter_misc":{"Dur\u00e9e de lecture estim\u00e9e":"1 minute"},"schema":{"@context":"https:\/\/schema.org","@graph":[{"@type":"WebPage","@id":"https:\/\/www.lebosweater.com\/product\/cashmere-wool-cardigan-sweater-women\/","url":"https:\/\/www.lebosweater.com\/product\/cashmere-wool-cardigan-sweater-women\/","name":"Cashmere Wool Cardigan Sweater Women - Lebo Sweater Manufacturers,Knitwear Manufacturer Custom Sweater Factory","isPartOf":{"@id":"https:\/\/www.lebosweater.com\/#website"},"primaryImageOfPage":{"@id":"https:\/\/www.lebosweater.com\/product\/cashmere-wool-cardigan-sweater-women\/#primaryimage"},"image":{"@id":"https:\/\/www.lebosweater.com\/product\/cashmere-wool-cardigan-sweater-women\/#primaryimage"},"thumbnailUrl":"https:\/\/www.lebosweater.com\/wp-content\/uploads\/2025\/03\/d39413b9-3439-4411-a5c1-87aaa6f4d887.jpg","datePublished":"2025-03-05T09:34:23+00:00","dateModified":"2025-04-03T02:29:18+00:00","description":"If you want custom Cashmere Wool Cardigan Sweater Women,please contact us\uff0cWe are sweater manufacturers,We will help you develop and customize your brand.","breadcrumb":{"@id":"https:\/\/www.lebosweater.com\/product\/cashmere-wool-cardigan-sweater-women\/#breadcrumb"},"inLanguage":"fr-FR","potentialAction":[{"@type":"ReadAction","target":["https:\/\/www.lebosweater.com\/product\/cashmere-wool-cardigan-sweater-women\/"]}]},{"@type":"ImageObject","inLanguage":"fr-FR","@id":"https:\/\/www.lebosweater.com\/product\/cashmere-wool-cardigan-sweater-women\/#primaryimage","url":"https:\/\/www.lebosweater.com\/wp-content\/uploads\/2025\/03\/d39413b9-3439-4411-a5c1-87aaa6f4d887.jpg","contentUrl":"https:\/\/www.lebosweater.com\/wp-content\/uploads\/2025\/03\/d39413b9-3439-4411-a5c1-87aaa6f4d887.jpg","width":800,"height":800,"caption":"Cashmere Wool Cardigan Sweater Women"},{"@type":"BreadcrumbList","@id":"https:\/\/www.lebosweater.com\/product\/cashmere-wool-cardigan-sweater-women\/#breadcrumb","itemListElement":[{"@type":"ListItem","position":1,"name":"\u9996\u9875","item":"https:\/\/www.lebosweater.com\/"},{"@type":"ListItem","position":2,"name":"Products","item":"https:\/\/www.lebosweater.com\/de\/products\/"},{"@type":"ListItem","position":3,"name":"Cashmere Wool Cardigan Sweater Women"}]},{"@type":"WebSite","@id":"https:\/\/www.lebosweater.com\/#website","url":"https:\/\/www.lebosweater.com\/","name":"Lebo Sweater Manufacturers,Knitwear Manufacturer Custom Sweater Factory","description":"One-Stop Knitwear Supplier","publisher":{"@id":"https:\/\/www.lebosweater.com\/#organization"},"potentialAction":[{"@type":"SearchAction","target":{"@type":"EntryPoint","urlTemplate":"https:\/\/www.lebosweater.com\/?s={search_term_string}"},"query-input":{"@type":"PropertyValueSpecification","valueRequired":true,"valueName":"search_term_string"}}],"inLanguage":"fr-FR"},{"@type":"Organization","@id":"https:\/\/www.lebosweater.com\/#organization","name":"Lebo Sweater Manufacturers,Knitwear Manufacturer Custom Sweater Factory","url":"https:\/\/www.lebosweater.com\/","logo":{"@type":"ImageObject","inLanguage":"fr-FR","@id":"https:\/\/www.lebosweater.com\/#\/schema\/logo\/image\/","url":"https:\/\/www.lebosweater.com\/wp-content\/uploads\/2025\/02\/cropped-cropped-\u672a\u6807\u9898-1-1.png","contentUrl":"https:\/\/www.lebosweater.com\/wp-content\/uploads\/2025\/02\/cropped-cropped-\u672a\u6807\u9898-1-1.png","width":512,"height":205,"caption":"Lebo Sweater Manufacturers,Knitwear Manufacturer Custom Sweater Factory"},"image":{"@id":"https:\/\/www.lebosweater.com\/#\/schema\/logo\/image\/"}}]}},"jetpack_sharing_enabled":true,"_links":{"self":[{"href":"https:\/\/www.lebosweater.com\/fr\/wp-json\/wp\/v2\/product\/1650","targetHints":{"allow":["GET"]}}],"collection":[{"href":"https:\/\/www.lebosweater.com\/fr\/wp-json\/wp\/v2\/product"}],"about":[{"href":"https:\/\/www.lebosweater.com\/fr\/wp-json\/wp\/v2\/types\/product"}],"wp:featuredmedia":[{"embeddable":true,"href":"https:\/\/www.lebosweater.com\/fr\/wp-json\/wp\/v2\/media\/1653"}],"wp:attachment":[{"href":"https:\/\/www.lebosweater.com\/fr\/wp-json\/wp\/v2\/media?parent=1650"}],"wp:term":[{"taxonomy":"product_brand","embeddable":true,"href":"https:\/\/www.lebosweater.com\/fr\/wp-json\/wp\/v2\/product_brand?post=1650"},{"taxonomy":"product_cat","embeddable":true,"href":"https:\/\/www.lebosweater.com\/fr\/wp-json\/wp\/v2\/product_cat?post=1650"},{"taxonomy":"product_tag","embeddable":true,"href":"https:\/\/www.lebosweater.com\/fr\/wp-json\/wp\/v2\/product_tag?post=1650"}],"curies":[{"name":"wp","href":"https:\/\/api.w.org\/{rel}","templated":true}]}}