{"id":39,"date":"2023-11-09T16:30:13","date_gmt":"2023-11-09T08:30:13","guid":{"rendered":"https:\/\/lebosweater.com\/?page_id=39"},"modified":"2025-05-13T16:27:29","modified_gmt":"2025-05-13T08:27:29","slug":"about-us","status":"publish","type":"page","link":"https:\/\/www.lebosweater.com\/fr\/about-us\/","title":{"rendered":"\u00c0 propos de nous"},"content":{"rendered":"<div data-elementor-type=\"wp-page\" data-elementor-id=\"39\" class=\"elementor elementor-39\" data-elementor-settings=\"{&quot;ha_cmc_init_switcher&quot;:&quot;no&quot;}\" data-elementor-post-type=\"page\">\n\t\t\t\t<div class=\"elementor-element elementor-element-422234fb e-flex e-con-boxed e-con e-parent\" data-id=\"422234fb\" data-element_type=\"container\" data-settings=\"{&quot;_ha_eqh_enable&quot;:false}\">\n\t\t\t\t\t<div class=\"e-con-inner\">\n\t\t<div class=\"elementor-element elementor-element-23be704 e-con-full e-flex e-con e-child\" data-id=\"23be704\" data-element_type=\"container\" data-settings=\"{&quot;_ha_eqh_enable&quot;:false}\">\n\t\t\t\t<div class=\"elementor-element elementor-element-6e56e296 elementor-widget elementor-widget-heading\" data-id=\"6e56e296\" data-element_type=\"widget\" data-widget_type=\"heading.default\">\n\t\t\t\t<div class=\"elementor-widget-container\">\n\t\t\t\t\t<h1 class=\"elementor-heading-title elementor-size-default\">About Us\u200b<\/h1>\t\t\t\t<\/div>\n\t\t\t\t<\/div>\n\t\t\t\t<div class=\"elementor-element elementor-element-3d65c6f8 elementor-widget-mobile__width-initial elementor-widget elementor-widget-text-editor\" data-id=\"3d65c6f8\" data-element_type=\"widget\" data-widget_type=\"text-editor.default\">\n\t\t\t\t<div class=\"elementor-widget-container\">\n\t\t\t\t\t\t\t\t\t<p><span style=\"background-color: transparent;\"><span style=\"color: #7a7a7a;\">Dongguan Lebo Clothing Co. est un fabricant professionnel de tricots sp\u00e9cialis\u00e9 dans la conception, le d\u00e9veloppement, la fabrication et la commercialisation de toutes les gammes de pulls, de bonnets tricot\u00e9s, d'\u00e9charpes, de couvertures en tricot, de t-shirts, de sweats \u00e0 capuche, etc.\u00a0<\/span><\/span><\/p><p><span style=\"background-color: transparent; color: #7a7a7a; letter-spacing: 0px; word-spacing: 0em;\">Nous nous concentrons sur l'utilisation des fils italiens et locaux les plus luxueux et les plus fins (cachemire, laine, mohair, alpaga, soie, coton, etc.) et de leurs m\u00e9langes. Nous sommes \u00e9quip\u00e9s de machines \u00e0 tricoter allemandes STOLL, japonaises SHIMA et chinoises CIXING. Nous sommes capables de produire des pulls en tricot de 1,5 \u00e0 16 g. Notre capacit\u00e9 de production mensuelle est de 60 000 pulls. Nous sommes sp\u00e9cialis\u00e9s dans les techniques d'intarsia, de jacquard, de broderie, de crochet, d'impression, etc. et dans tous les types de points de tricotage.<\/span><\/p>\t\t\t\t\t\t\t\t<\/div>\n\t\t\t\t<\/div>\n\t\t\t\t<\/div>\n\t\t<div class=\"elementor-element elementor-element-701ebab8 e-con-full e-flex e-con e-child\" data-id=\"701ebab8\" data-element_type=\"container\" data-settings=\"{&quot;background_background&quot;:&quot;classic&quot;,&quot;_ha_eqh_enable&quot;:false}\">\n\t\t\t\t<div class=\"elementor-element elementor-element-51629110 elementor-widget elementor-widget-image\" data-id=\"51629110\" data-element_type=\"widget\" data-widget_type=\"image.default\">\n\t\t\t\t<div class=\"elementor-widget-container\">\n\t\t\t\t\t\t\t\t\t\t\t\t\t\t\t<img fetchpriority=\"high\" decoding=\"async\" width=\"1920\" height=\"1080\" src=\"https:\/\/www.lebosweater.com\/wp-content\/uploads\/2023\/11\/bb1dc94d-809d-44a5-9dc0-8f0b18331d42.jpg\" class=\"attachment-full size-full wp-image-339\" alt=\"\" srcset=\"\/\/www.lebosweater.com\/wp-content\/uploads\/2023\/11\/bb1dc94d-809d-44a5-9dc0-8f0b18331d42.jpg 1920w, \/\/www.lebosweater.com\/wp-content\/uploads\/2023\/11\/bb1dc94d-809d-44a5-9dc0-8f0b18331d42-300x169.jpg 300w, \/\/www.lebosweater.com\/wp-content\/uploads\/2023\/11\/bb1dc94d-809d-44a5-9dc0-8f0b18331d42-600x338.jpg 600w, \/\/www.lebosweater.com\/wp-content\/uploads\/2023\/11\/bb1dc94d-809d-44a5-9dc0-8f0b18331d42-1024x576.jpg 1024w, \/\/www.lebosweater.com\/wp-content\/uploads\/2023\/11\/bb1dc94d-809d-44a5-9dc0-8f0b18331d42-768x432.jpg 768w, \/\/www.lebosweater.com\/wp-content\/uploads\/2023\/11\/bb1dc94d-809d-44a5-9dc0-8f0b18331d42-1536x864.jpg 1536w, \/\/www.lebosweater.com\/wp-content\/uploads\/2023\/11\/bb1dc94d-809d-44a5-9dc0-8f0b18331d42-18x10.jpg 18w, \/\/www.lebosweater.com\/wp-content\/uploads\/2023\/11\/bb1dc94d-809d-44a5-9dc0-8f0b18331d42-1320x743.jpg 1320w\" sizes=\"(max-width: 1920px) 100vw, 1920px\" \/>\t\t\t\t\t\t\t\t\t\t\t\t\t\t\t<\/div>\n\t\t\t\t<\/div>\n\t\t\t\t<\/div>\n\t\t\t\t\t<\/div>\n\t\t\t\t<\/div>\n\t\t<div class=\"elementor-element elementor-element-4c3aa897 e-flex e-con-boxed e-con e-parent\" data-id=\"4c3aa897\" data-element_type=\"container\" data-settings=\"{&quot;_ha_eqh_enable&quot;:false}\">\n\t\t\t\t\t<div class=\"e-con-inner\">\n\t\t<div class=\"elementor-element elementor-element-3870a403 e-con-full e-flex e-con e-child\" data-id=\"3870a403\" data-element_type=\"container\" data-settings=\"{&quot;_ha_eqh_enable&quot;:false}\">\n\t\t\t\t<div class=\"elementor-element elementor-element-5789721c elementor-widget elementor-widget-image\" data-id=\"5789721c\" data-element_type=\"widget\" data-widget_type=\"image.default\">\n\t\t\t\t<div class=\"elementor-widget-container\">\n\t\t\t\t\t\t\t\t\t\t\t\t\t\t\t<img decoding=\"async\" width=\"2037\" height=\"1204\" src=\"https:\/\/www.lebosweater.com\/wp-content\/uploads\/2024\/03\/83-1.jpg\" class=\"attachment-full size-full wp-image-560\" alt=\"fabricants de pulls\" srcset=\"\/\/www.lebosweater.com\/wp-content\/uploads\/2024\/03\/83-1.jpg 2037w, \/\/www.lebosweater.com\/wp-content\/uploads\/2024\/03\/83-1-300x177.jpg 300w, \/\/www.lebosweater.com\/wp-content\/uploads\/2024\/03\/83-1-600x355.jpg 600w, \/\/www.lebosweater.com\/wp-content\/uploads\/2024\/03\/83-1-1024x605.jpg 1024w, \/\/www.lebosweater.com\/wp-content\/uploads\/2024\/03\/83-1-150x89.jpg 150w, \/\/www.lebosweater.com\/wp-content\/uploads\/2024\/03\/83-1-768x454.jpg 768w, \/\/www.lebosweater.com\/wp-content\/uploads\/2024\/03\/83-1-1536x908.jpg 1536w, \/\/www.lebosweater.com\/wp-content\/uploads\/2024\/03\/83-1-18x12.jpg 18w, \/\/www.lebosweater.com\/wp-content\/uploads\/2024\/03\/83-1-1320x780.jpg 1320w\" sizes=\"(max-width: 2037px) 100vw, 2037px\" \/>\t\t\t\t\t\t\t\t\t\t\t\t\t\t\t<\/div>\n\t\t\t\t<\/div>\n\t\t\t\t<\/div>\n\t\t<div class=\"elementor-element elementor-element-19929165 e-con-full e-flex e-con e-child\" data-id=\"19929165\" data-element_type=\"container\" data-settings=\"{&quot;_ha_eqh_enable&quot;:false}\">\n\t\t\t\t<div class=\"elementor-element elementor-element-201267c6 elementor-widget elementor-widget-heading\" data-id=\"201267c6\" data-element_type=\"widget\" data-widget_type=\"heading.default\">\n\t\t\t\t<div class=\"elementor-widget-container\">\n\t\t\t\t\t<h2 class=\"elementor-heading-title elementor-size-default\">Our Mission<\/h2>\t\t\t\t<\/div>\n\t\t\t\t<\/div>\n\t\t\t\t<div class=\"elementor-element elementor-element-24a0f81c elementor-widget elementor-widget-text-editor\" data-id=\"24a0f81c\" data-element_type=\"widget\" data-widget_type=\"text-editor.default\">\n\t\t\t\t<div class=\"elementor-widget-container\">\n\t\t\t\t\t\t\t\t\t<p><span style=\"background-color: transparent;\"><span style=\"color: #7a7a7a;\">We havir own designersquality inspectors, production staff and other 80 em-ployees We support any product design, sample manufacturing, and provide you with one-stop servicessuch as high-quality production, quality control, andtimely delivery of products.<\/span><\/span><\/p><p><span style=\"color: #7a7a7a; background-color: transparent; letter-spacing: 0px; word-spacing: 0em;\">Our expertise lies in crafting contemporary designs with swift turnaround times and cost-effective pricing, ensuring our clients can yield favorable profits when vending their products. Our mission is to furnish exceptional manufacturing services to both individual customers and businesses.<\/span><\/p>\t\t\t\t\t\t\t\t<\/div>\n\t\t\t\t<\/div>\n\t\t\t\t<\/div>\n\t\t\t\t\t<\/div>\n\t\t\t\t<\/div>\n\t\t<div class=\"elementor-element elementor-element-4198f4f1 e-con-full e-flex e-con e-parent\" data-id=\"4198f4f1\" data-element_type=\"container\" data-settings=\"{&quot;_ha_eqh_enable&quot;:false}\">\n\t\t<div class=\"elementor-element elementor-element-6d17883b e-con-full e-flex e-con e-child\" data-id=\"6d17883b\" data-element_type=\"container\" data-settings=\"{&quot;_ha_eqh_enable&quot;:false}\">\n\t\t\t\t<div class=\"elementor-element elementor-element-7ced640e elementor-widget elementor-widget-heading\" data-id=\"7ced640e\" data-element_type=\"widget\" data-widget_type=\"heading.default\">\n\t\t\t\t<div class=\"elementor-widget-container\">\n\t\t\t\t\t<h2 class=\"elementor-heading-title elementor-size-default\">Why Choose Us<\/h2>\t\t\t\t<\/div>\n\t\t\t\t<\/div>\n\t\t\t\t<div class=\"elementor-element elementor-element-6ba5a0a elementor-widget elementor-widget-text-editor\" data-id=\"6ba5a0a\" data-element_type=\"widget\" data-widget_type=\"text-editor.default\">\n\t\t\t\t<div class=\"elementor-widget-container\">\n\t\t\t\t\t\t\t\t\t<p><span style=\"background-color: transparent;\"><span style=\"color: #7a7a7a;\">We are loved by customers for our high quality and very competitive prices!<\/span><\/span><\/p>\t\t\t\t\t\t\t\t<\/div>\n\t\t\t\t<\/div>\n\t\t\t\t<div class=\"elementor-element elementor-element-124da3ef elementor-align-left elementor-icon-list--layout-traditional elementor-list-item-link-full_width elementor-widget elementor-widget-icon-list\" data-id=\"124da3ef\" data-element_type=\"widget\" data-widget_type=\"icon-list.default\">\n\t\t\t\t<div class=\"elementor-widget-container\">\n\t\t\t\t\t\t\t<ul class=\"elementor-icon-list-items\">\n\t\t\t\t\t\t\t<li class=\"elementor-icon-list-item\">\n\t\t\t\t\t\t\t\t\t\t\t<a href=\"#\">\n\n\t\t\t\t\t\t\t\t\t\t\t\t<span class=\"elementor-icon-list-icon\">\n\t\t\t\t\t\t\t<svg aria-hidden=\"true\" class=\"e-font-icon-svg e-fas-square-full\" viewbox=\"0 0 512 512\" xmlns=\"http:\/\/www.w3.org\/2000\/svg\"><path d=\"M512 512H0V0h512v512z\"><\/path><\/svg>\t\t\t\t\t\t<\/span>\n\t\t\t\t\t\t\t\t\t\t<span class=\"elementor-icon-list-text\">Own factory<\/span>\n\t\t\t\t\t\t\t\t\t\t\t<\/a>\n\t\t\t\t\t\t\t\t\t<\/li>\n\t\t\t\t\t\t\t\t<li class=\"elementor-icon-list-item\">\n\t\t\t\t\t\t\t\t\t\t\t<a href=\"#\">\n\n\t\t\t\t\t\t\t\t\t\t\t\t<span class=\"elementor-icon-list-icon\">\n\t\t\t\t\t\t\t<svg aria-hidden=\"true\" class=\"e-font-icon-svg e-fas-square-full\" viewbox=\"0 0 512 512\" xmlns=\"http:\/\/www.w3.org\/2000\/svg\"><path d=\"M512 512H0V0h512v512z\"><\/path><\/svg>\t\t\t\t\t\t<\/span>\n\t\t\t\t\t\t\t\t\t\t<span class=\"elementor-icon-list-text\">No MOQ<\/span>\n\t\t\t\t\t\t\t\t\t\t\t<\/a>\n\t\t\t\t\t\t\t\t\t<\/li>\n\t\t\t\t\t\t\t\t<li class=\"elementor-icon-list-item\">\n\t\t\t\t\t\t\t\t\t\t\t<span class=\"elementor-icon-list-icon\">\n\t\t\t\t\t\t\t<svg aria-hidden=\"true\" class=\"e-font-icon-svg e-fas-square-full\" viewbox=\"0 0 512 512\" xmlns=\"http:\/\/www.w3.org\/2000\/svg\"><path d=\"M512 512H0V0h512v512z\"><\/path><\/svg>\t\t\t\t\t\t<\/span>\n\t\t\t\t\t\t\t\t\t\t<span class=\"elementor-icon-list-text\">Free Design<\/span>\n\t\t\t\t\t\t\t\t\t<\/li>\n\t\t\t\t\t\t\t\t<li class=\"elementor-icon-list-item\">\n\t\t\t\t\t\t\t\t\t\t\t<a href=\"#\">\n\n\t\t\t\t\t\t\t\t\t\t\t\t<span class=\"elementor-icon-list-icon\">\n\t\t\t\t\t\t\t<svg aria-hidden=\"true\" class=\"e-font-icon-svg e-fas-square-full\" viewbox=\"0 0 512 512\" xmlns=\"http:\/\/www.w3.org\/2000\/svg\"><path d=\"M512 512H0V0h512v512z\"><\/path><\/svg>\t\t\t\t\t\t<\/span>\n\t\t\t\t\t\t\t\t\t\t<span class=\"elementor-icon-list-text\">Professional Team<\/span>\n\t\t\t\t\t\t\t\t\t\t\t<\/a>\n\t\t\t\t\t\t\t\t\t<\/li>\n\t\t\t\t\t\t<\/ul>\n\t\t\t\t\t\t<\/div>\n\t\t\t\t<\/div>\n\t\t\t\t<\/div>\n\t\t<div class=\"elementor-element elementor-element-b5579c9 e-con-full e-flex e-con e-child\" data-id=\"b5579c9\" data-element_type=\"container\" data-settings=\"{&quot;_ha_eqh_enable&quot;:false}\">\n\t\t\t\t<div class=\"elementor-element elementor-element-3bf6a696 elementor-widget elementor-widget-image\" data-id=\"3bf6a696\" data-element_type=\"widget\" data-widget_type=\"image.default\">\n\t\t\t\t<div class=\"elementor-widget-container\">\n\t\t\t\t\t\t\t\t\t\t\t\t\t\t\t<img decoding=\"async\" width=\"1024\" height=\"639\" src=\"https:\/\/www.lebosweater.com\/wp-content\/uploads\/2025\/04\/97513323003f4f78ae62b574f785825b-1024x639.jpeg\" class=\"attachment-large size-large wp-image-2483\" alt=\"Knitwear Manufacturers\" srcset=\"\/\/www.lebosweater.com\/wp-content\/uploads\/2025\/04\/97513323003f4f78ae62b574f785825b-1024x639.jpeg 1024w, \/\/www.lebosweater.com\/wp-content\/uploads\/2025\/04\/97513323003f4f78ae62b574f785825b-300x187.jpeg 300w, \/\/www.lebosweater.com\/wp-content\/uploads\/2025\/04\/97513323003f4f78ae62b574f785825b-150x94.jpeg 150w, \/\/www.lebosweater.com\/wp-content\/uploads\/2025\/04\/97513323003f4f78ae62b574f785825b-768x479.jpeg 768w, \/\/www.lebosweater.com\/wp-content\/uploads\/2025\/04\/97513323003f4f78ae62b574f785825b-1536x958.jpeg 1536w, \/\/www.lebosweater.com\/wp-content\/uploads\/2025\/04\/97513323003f4f78ae62b574f785825b-2048x1278.jpeg 2048w, \/\/www.lebosweater.com\/wp-content\/uploads\/2025\/04\/97513323003f4f78ae62b574f785825b-18x12.jpeg 18w, \/\/www.lebosweater.com\/wp-content\/uploads\/2025\/04\/97513323003f4f78ae62b574f785825b-600x374.jpeg 600w\" sizes=\"(max-width: 1024px) 100vw, 1024px\" \/>\t\t\t\t\t\t\t\t\t\t\t\t\t\t\t<\/div>\n\t\t\t\t<\/div>\n\t\t\t\t<\/div>\n\t\t\t\t<\/div>\n\t\t<div class=\"elementor-element elementor-element-6c2301fc e-con-full e-flex e-con e-parent\" data-id=\"6c2301fc\" data-element_type=\"container\" data-settings=\"{&quot;_ha_eqh_enable&quot;:false}\">\n\t\t\t\t<div class=\"elementor-element elementor-element-62ca30f1 elementor-widget elementor-widget-heading\" data-id=\"62ca30f1\" data-element_type=\"widget\" data-widget_type=\"heading.default\">\n\t\t\t\t<div class=\"elementor-widget-container\">\n\t\t\t\t\t<h3 class=\"elementor-heading-title elementor-size-default\">Your Vision, Our Craftsmanship<\/h3>\t\t\t\t<\/div>\n\t\t\t\t<\/div>\n\t\t\t\t<div class=\"elementor-element elementor-element-60498a2d elementor-widget elementor-widget-text-editor\" data-id=\"60498a2d\" data-element_type=\"widget\" data-widget_type=\"text-editor.default\">\n\t\t\t\t<div class=\"elementor-widget-container\">\n\t\t\t\t\t\t\t\t\t<p>Exceptional sweaters start with your ideas and our expertise.<\/p>\t\t\t\t\t\t\t\t<\/div>\n\t\t\t\t<\/div>\n\t\t\t\t<div class=\"elementor-element elementor-element-6b32ac42 elementor-align-center elementor-mobile-align-center elementor-widget elementor-widget-button\" data-id=\"6b32ac42\" data-element_type=\"widget\" data-widget_type=\"button.default\">\n\t\t\t\t<div class=\"elementor-widget-container\">\n\t\t\t\t\t\t\t\t\t<div class=\"elementor-button-wrapper\">\n\t\t\t\t\t<a class=\"elementor-button elementor-button-link elementor-size-sm\" href=\"https:\/\/wa.me\/8618344080340\" target=\"_blank\">\n\t\t\t\t\t\t<span class=\"elementor-button-content-wrapper\">\n\t\t\t\t\t\t\t\t\t<span class=\"elementor-button-text\">Realize your brand idea<\/span>\n\t\t\t\t\t<\/span>\n\t\t\t\t\t<\/a>\n\t\t\t\t<\/div>\n\t\t\t\t\t\t\t\t<\/div>\n\t\t\t\t<\/div>\n\t\t\t\t<\/div>\n\t\t\t\t<\/div>","protected":false},"excerpt":{"rendered":"<p>About Us\u200b Dongguan Lebo Clothing Co., Ltd Is a Professional Knitwear Manufacturers Which Specialized In The Design, Developing, Manufacturing, And Marketing For All Ranges Of Sweaters, Knitted Beanies, Scarves, Knit Blankets, T-shirts, Hoodies And Etc.\u00a0 Focused on using luxury and finest Italian &amp; local yarns of Cashmere, Wool, Mohair, Alpaca, Silk, Cotton etc. and its&#8230;<\/p>","protected":false},"author":1,"featured_media":0,"parent":0,"menu_order":2,"comment_status":"closed","ping_status":"closed","template":"","meta":{"_kad_post_transparent":"","_kad_post_title":"hide","_kad_post_layout":"fullwidth","_kad_post_sidebar_id":"","_kad_post_content_style":"unboxed","_kad_post_vertical_padding":"hide","_kad_post_feature":"hide","_kad_post_feature_position":"","_kad_post_header":false,"_kad_post_footer":false,"footnotes":""},"class_list":["post-39","page","type-page","status-publish","hentry"],"yoast_head":"<!-- This site is optimized with the Yoast SEO plugin v25.5 - https:\/\/yoast.com\/wordpress\/plugins\/seo\/ -->\n<title>About Us - Lebo Sweater Manufacturers,Knitwear Manufacturer Custom Sweater Factory<\/title>\n<meta name=\"description\" content=\"Lebo Knitwear Manufacturers Help Customer Develop And Customize Unique Sweater,Free Design, Low Moq,Fast Shipping,Welcome To Contact Us!!!\" \/>\n<meta name=\"robots\" content=\"index, follow, max-snippet:-1, max-image-preview:large, max-video-preview:-1\" \/>\n<link rel=\"canonical\" href=\"https:\/\/www.lebosweater.com\/fr\/about-us\/\" \/>\n<meta property=\"og:locale\" content=\"fr_FR\" \/>\n<meta property=\"og:type\" content=\"article\" \/>\n<meta property=\"og:title\" content=\"About Us - Lebo Sweater Manufacturers,Knitwear Manufacturer Custom Sweater Factory\" \/>\n<meta property=\"og:description\" content=\"Lebo Knitwear Manufacturers Help Customer Develop And Customize Unique Sweater,Free Design, Low Moq,Fast Shipping,Welcome To Contact Us!!!\" \/>\n<meta property=\"og:url\" content=\"https:\/\/www.lebosweater.com\/fr\/about-us\/\" \/>\n<meta property=\"og:site_name\" content=\"Lebo Sweater Manufacturers,Knitwear Manufacturer Custom Sweater Factory\" \/>\n<meta property=\"article:modified_time\" content=\"2025-05-13T08:27:29+00:00\" \/>\n<meta property=\"og:image\" content=\"https:\/\/lebosweater.com\/wp-content\/uploads\/2023\/11\/bb1dc94d-809d-44a5-9dc0-8f0b18331d42.jpg\" \/>\n<meta name=\"twitter:card\" content=\"summary_large_image\" \/>\n<meta name=\"twitter:label1\" content=\"Dur\u00e9e de lecture estim\u00e9e\" \/>\n\t<meta name=\"twitter:data1\" content=\"2 minutes\" \/>\n<script type=\"application\/ld+json\" class=\"yoast-schema-graph\">{\"@context\":\"https:\/\/schema.org\",\"@graph\":[{\"@type\":\"WebPage\",\"@id\":\"https:\/\/www.lebosweater.com\/about-us\/\",\"url\":\"https:\/\/www.lebosweater.com\/about-us\/\",\"name\":\"About Us - Lebo Sweater Manufacturers,Knitwear Manufacturer Custom Sweater Factory\",\"isPartOf\":{\"@id\":\"https:\/\/www.lebosweater.com\/#website\"},\"primaryImageOfPage\":{\"@id\":\"https:\/\/www.lebosweater.com\/about-us\/#primaryimage\"},\"image\":{\"@id\":\"https:\/\/www.lebosweater.com\/about-us\/#primaryimage\"},\"thumbnailUrl\":\"https:\/\/lebosweater.com\/wp-content\/uploads\/2023\/11\/bb1dc94d-809d-44a5-9dc0-8f0b18331d42.jpg\",\"datePublished\":\"2023-11-09T08:30:13+00:00\",\"dateModified\":\"2025-05-13T08:27:29+00:00\",\"description\":\"Lebo Knitwear Manufacturers Help Customer Develop And Customize Unique Sweater,Free Design, Low Moq,Fast Shipping,Welcome To Contact Us!!!\",\"breadcrumb\":{\"@id\":\"https:\/\/www.lebosweater.com\/about-us\/#breadcrumb\"},\"inLanguage\":\"fr-FR\",\"potentialAction\":[{\"@type\":\"ReadAction\",\"target\":[\"https:\/\/www.lebosweater.com\/about-us\/\"]}]},{\"@type\":\"ImageObject\",\"inLanguage\":\"fr-FR\",\"@id\":\"https:\/\/www.lebosweater.com\/about-us\/#primaryimage\",\"url\":\"https:\/\/lebosweater.com\/wp-content\/uploads\/2023\/11\/bb1dc94d-809d-44a5-9dc0-8f0b18331d42.jpg\",\"contentUrl\":\"https:\/\/lebosweater.com\/wp-content\/uploads\/2023\/11\/bb1dc94d-809d-44a5-9dc0-8f0b18331d42.jpg\"},{\"@type\":\"BreadcrumbList\",\"@id\":\"https:\/\/www.lebosweater.com\/about-us\/#breadcrumb\",\"itemListElement\":[{\"@type\":\"ListItem\",\"position\":1,\"name\":\"\u9996\u9875\",\"item\":\"https:\/\/www.lebosweater.com\/\"},{\"@type\":\"ListItem\",\"position\":2,\"name\":\"About Us\"}]},{\"@type\":\"WebSite\",\"@id\":\"https:\/\/www.lebosweater.com\/#website\",\"url\":\"https:\/\/www.lebosweater.com\/\",\"name\":\"Lebo Sweater Manufacturers,Knitwear Manufacturer Custom Sweater Factory\",\"description\":\"One-Stop Knitwear Supplier\",\"publisher\":{\"@id\":\"https:\/\/www.lebosweater.com\/#organization\"},\"potentialAction\":[{\"@type\":\"SearchAction\",\"target\":{\"@type\":\"EntryPoint\",\"urlTemplate\":\"https:\/\/www.lebosweater.com\/?s={search_term_string}\"},\"query-input\":{\"@type\":\"PropertyValueSpecification\",\"valueRequired\":true,\"valueName\":\"search_term_string\"}}],\"inLanguage\":\"fr-FR\"},{\"@type\":\"Organization\",\"@id\":\"https:\/\/www.lebosweater.com\/#organization\",\"name\":\"Lebo Sweater Manufacturers,Knitwear Manufacturer Custom Sweater Factory\",\"url\":\"https:\/\/www.lebosweater.com\/\",\"logo\":{\"@type\":\"ImageObject\",\"inLanguage\":\"fr-FR\",\"@id\":\"https:\/\/www.lebosweater.com\/#\/schema\/logo\/image\/\",\"url\":\"https:\/\/www.lebosweater.com\/wp-content\/uploads\/2025\/02\/cropped-cropped-\u672a\u6807\u9898-1-1.png\",\"contentUrl\":\"https:\/\/www.lebosweater.com\/wp-content\/uploads\/2025\/02\/cropped-cropped-\u672a\u6807\u9898-1-1.png\",\"width\":512,\"height\":205,\"caption\":\"Lebo Sweater Manufacturers,Knitwear Manufacturer Custom Sweater Factory\"},\"image\":{\"@id\":\"https:\/\/www.lebosweater.com\/#\/schema\/logo\/image\/\"}}]}<\/script>\n<!-- \/ Yoast SEO plugin. -->","yoast_head_json":{"title":"About Us - Lebo Sweater Manufacturers,Knitwear Manufacturer Custom Sweater Factory","description":"Lebo Knitwear Manufacturers Help Customer Develop And Customize Unique Sweater,Free Design, Low Moq,Fast Shipping,Welcome To Contact Us!!!","robots":{"index":"index","follow":"follow","max-snippet":"max-snippet:-1","max-image-preview":"max-image-preview:large","max-video-preview":"max-video-preview:-1"},"canonical":"https:\/\/www.lebosweater.com\/fr\/about-us\/","og_locale":"fr_FR","og_type":"article","og_title":"About Us - Lebo Sweater Manufacturers,Knitwear Manufacturer Custom Sweater Factory","og_description":"Lebo Knitwear Manufacturers Help Customer Develop And Customize Unique Sweater,Free Design, Low Moq,Fast Shipping,Welcome To Contact Us!!!","og_url":"https:\/\/www.lebosweater.com\/fr\/about-us\/","og_site_name":"Lebo Sweater Manufacturers,Knitwear Manufacturer Custom Sweater Factory","article_modified_time":"2025-05-13T08:27:29+00:00","og_image":[{"url":"https:\/\/lebosweater.com\/wp-content\/uploads\/2023\/11\/bb1dc94d-809d-44a5-9dc0-8f0b18331d42.jpg","type":"","width":"","height":""}],"twitter_card":"summary_large_image","twitter_misc":{"Dur\u00e9e de lecture estim\u00e9e":"2 minutes"},"schema":{"@context":"https:\/\/schema.org","@graph":[{"@type":"WebPage","@id":"https:\/\/www.lebosweater.com\/about-us\/","url":"https:\/\/www.lebosweater.com\/about-us\/","name":"About Us - Lebo Sweater Manufacturers,Knitwear Manufacturer Custom Sweater Factory","isPartOf":{"@id":"https:\/\/www.lebosweater.com\/#website"},"primaryImageOfPage":{"@id":"https:\/\/www.lebosweater.com\/about-us\/#primaryimage"},"image":{"@id":"https:\/\/www.lebosweater.com\/about-us\/#primaryimage"},"thumbnailUrl":"https:\/\/lebosweater.com\/wp-content\/uploads\/2023\/11\/bb1dc94d-809d-44a5-9dc0-8f0b18331d42.jpg","datePublished":"2023-11-09T08:30:13+00:00","dateModified":"2025-05-13T08:27:29+00:00","description":"Lebo Knitwear Manufacturers Help Customer Develop And Customize Unique Sweater,Free Design, Low Moq,Fast Shipping,Welcome To Contact Us!!!","breadcrumb":{"@id":"https:\/\/www.lebosweater.com\/about-us\/#breadcrumb"},"inLanguage":"fr-FR","potentialAction":[{"@type":"ReadAction","target":["https:\/\/www.lebosweater.com\/about-us\/"]}]},{"@type":"ImageObject","inLanguage":"fr-FR","@id":"https:\/\/www.lebosweater.com\/about-us\/#primaryimage","url":"https:\/\/lebosweater.com\/wp-content\/uploads\/2023\/11\/bb1dc94d-809d-44a5-9dc0-8f0b18331d42.jpg","contentUrl":"https:\/\/lebosweater.com\/wp-content\/uploads\/2023\/11\/bb1dc94d-809d-44a5-9dc0-8f0b18331d42.jpg"},{"@type":"BreadcrumbList","@id":"https:\/\/www.lebosweater.com\/about-us\/#breadcrumb","itemListElement":[{"@type":"ListItem","position":1,"name":"\u9996\u9875","item":"https:\/\/www.lebosweater.com\/"},{"@type":"ListItem","position":2,"name":"About Us"}]},{"@type":"WebSite","@id":"https:\/\/www.lebosweater.com\/#website","url":"https:\/\/www.lebosweater.com\/","name":"Lebo Sweater Manufacturers,Knitwear Manufacturer Custom Sweater Factory","description":"One-Stop Knitwear Supplier","publisher":{"@id":"https:\/\/www.lebosweater.com\/#organization"},"potentialAction":[{"@type":"SearchAction","target":{"@type":"EntryPoint","urlTemplate":"https:\/\/www.lebosweater.com\/?s={search_term_string}"},"query-input":{"@type":"PropertyValueSpecification","valueRequired":true,"valueName":"search_term_string"}}],"inLanguage":"fr-FR"},{"@type":"Organization","@id":"https:\/\/www.lebosweater.com\/#organization","name":"Lebo Sweater Manufacturers,Knitwear Manufacturer Custom Sweater Factory","url":"https:\/\/www.lebosweater.com\/","logo":{"@type":"ImageObject","inLanguage":"fr-FR","@id":"https:\/\/www.lebosweater.com\/#\/schema\/logo\/image\/","url":"https:\/\/www.lebosweater.com\/wp-content\/uploads\/2025\/02\/cropped-cropped-\u672a\u6807\u9898-1-1.png","contentUrl":"https:\/\/www.lebosweater.com\/wp-content\/uploads\/2025\/02\/cropped-cropped-\u672a\u6807\u9898-1-1.png","width":512,"height":205,"caption":"Lebo Sweater Manufacturers,Knitwear Manufacturer Custom Sweater Factory"},"image":{"@id":"https:\/\/www.lebosweater.com\/#\/schema\/logo\/image\/"}}]}},"jetpack_sharing_enabled":true,"_links":{"self":[{"href":"https:\/\/www.lebosweater.com\/fr\/wp-json\/wp\/v2\/pages\/39","targetHints":{"allow":["GET"]}}],"collection":[{"href":"https:\/\/www.lebosweater.com\/fr\/wp-json\/wp\/v2\/pages"}],"about":[{"href":"https:\/\/www.lebosweater.com\/fr\/wp-json\/wp\/v2\/types\/page"}],"author":[{"embeddable":true,"href":"https:\/\/www.lebosweater.com\/fr\/wp-json\/wp\/v2\/users\/1"}],"replies":[{"embeddable":true,"href":"https:\/\/www.lebosweater.com\/fr\/wp-json\/wp\/v2\/comments?post=39"}],"version-history":[{"count":58,"href":"https:\/\/www.lebosweater.com\/fr\/wp-json\/wp\/v2\/pages\/39\/revisions"}],"predecessor-version":[{"id":2840,"href":"https:\/\/www.lebosweater.com\/fr\/wp-json\/wp\/v2\/pages\/39\/revisions\/2840"}],"wp:attachment":[{"href":"https:\/\/www.lebosweater.com\/fr\/wp-json\/wp\/v2\/media?parent=39"}],"curies":[{"name":"wp","href":"https:\/\/api.w.org\/{rel}","templated":true}]}}