{"id":2933,"date":"2025-06-04T17:27:54","date_gmt":"2025-06-04T09:27:54","guid":{"rendered":"https:\/\/lebosweater.com\/?post_type=product&#038;p=2933"},"modified":"2025-06-04T17:27:54","modified_gmt":"2025-06-04T09:27:54","slug":"custom-football-knitted-polo","status":"publish","type":"product","link":"https:\/\/www.lebosweater.com\/fi\/tuote\/custom-football-knitted-polo\/","title":{"rendered":"Custom Football Knitted Polo"},"content":{"rendered":"<h6 dir=\"auto\" data-node=\"true\"><strong>Custom Football Knitted Polo -Your Quality Knit Sweater Supplier Partner<\/strong><\/h6>\n<p>Custom Design Logo Embroidered Badge Wave Jacquard Short Sleeve Sweater Top Vintage Football Knitted Polo Women Men,Lebo sweater manufacturer aims to make fashion business easier and help your fashion brand to grow faster with our professional service. We already assisted many clients to grow up from small company to well known brand on its markets. Our experience and expertise allow our customers to reduce the risks and cost of product development.<\/p>\n<h6><strong style=\"font-family: inherit; font-size: 20px;\">Your One-Stop <a href=\"https:\/\/www.lebosweater.com\/fi\">Knitwear Supplier<\/a> In China<\/strong><\/h6>\n<p>\u200bDongguan Lebo Clothing Co., Ltd Is a Professional Knitwear Manufacturers Which Specialized In The Design, Developing, Manufacturing, And Marketing For All Ranges Of Sweaters, Knitted Beanies, Scarves, Knit Blankets, T-shirts, Hoodies And Etc.\u200b<\/p>\n<p>We focus on using luxury and high &#8211; quality Italian and local yarns, like cashmere, wool, mohair, alpaca, silk, cotton, and their blends. Our company has knitting machines from Germany&#8217;s STOLL, Japan&#8217;s SHIMA, and China&#8217;s CIXING. Thus, we can produce knit sweaters from 1.5gg to 16gg. With a monthly production capacity of 60,000 sweaters, we master techniques such as intarsia, jacquard, embroidery, crochet, print, and various knitting stitches.<\/p>\n<p>\u200bOur expertise lies in crafting contemporary designs with swift turnaround times and cost-effective pricing, ensuring our clients can yield favorable profits when vending their products. Our objective is to furnish exceptional manufacturing services to both individual customers and businesses.\u200b<\/p>\n<p>Over the years, we&#8217;ve committed to providing top &#8211; notch service and quality. So, we&#8217;ve gathered many long &#8211; term partners. Our business spreads globally, covering countries like the United States, Australia, the U.K., Canada, France, Germany, Brazil, Russia, Japan, Singapore, Korea, and many others.\u200b<\/p>\n<p>We offer not only the latest &#8211; designed products but also pictures, videos, and all the services you need\uff01<\/p>\n<p>\u200bWith 20 years of experience collaborating with leading fashion brands, Lebo sweater provides customers with more efficient one &#8211; stop services and solutions. Build your brand with us. <a href=\"https:\/\/www.lebosweater.com\/fi\/ota-yhteytta\/\" target=\"_blank\" rel=\"noopener\">Get a free customized consultation now.<\/a>\u200b<\/p>","protected":false},"excerpt":{"rendered":"<h6>Ominaisuudet:<\/h6>\n<ul>\n<li>Alkuper\u00e4paikka: Guangdong, Kiina<\/li>\n<li>Mittari: GG tai mukautettu<\/li>\n<li>Material: Acrylic\/Nylon Or Custom<\/li>\n<li>Technology: Embroidery, jacquard,intarsia, printing, Or Custom<\/li>\n<\/ul>\n<h6><strong>Tuotteen MOQ:<\/strong><\/h6>\n<div class=\"magic-7\" data-spm-anchor-id=\"a2700.custom-template.0.i239.62f63333bfVL3c\">Ei Minimitilausm\u00e4\u00e4r\u00e4<\/div>\n<div class=\"magic-7\" data-spm-anchor-id=\"a2700.custom-template.0.i235.62f63333bfVL3c\">( Mit\u00e4 enemm\u00e4n, sit\u00e4 halvempi hinta)<\/div>\n<h6 class=\"magic-7\" data-spm-anchor-id=\"a2700.custom-template.0.i235.62f63333bfVL3c\"><strong>R\u00e4\u00e4t\u00e4l\u00f6ityj\u00e4\uff1a<\/strong><\/h6>\n<p>Tarjoamme yhden luukun mukautetun villapaidan valmistuspalvelun, joka sis\u00e4lt\u00e4\u00e4 r\u00e4\u00e4t\u00e4l\u00f6idyn logon \/ koon \/ v\u00e4rin \/ kankaan \/ suunnittelun \/ lis\u00e4varusteen \/ tarrat.<\/p>\n<p>puseron valmistaja ammattimainen tuotanto ja suunnittelu, <a href=\"https:\/\/www.lebosweater.com\/fi\/ota-yhteytta\/\" target=\"_blank\" rel=\"noopener\">ilmaiset n\u00e4ytteet<\/a> ovat saatavilla!<\/p>\n<p>Tervetuloa l\u00e4hett\u00e4m\u00e4\u00e4n meille oma suunnittelusi.<\/p>\n<h5>Your Vision, Our Craftsmanship<\/h5>\n<p>Exceptional sweaters start with your ideas and our expertise.<\/p>","protected":false},"featured_media":2934,"template":"","meta":{"_kad_post_transparent":"default","_kad_post_title":"","_kad_post_layout":"default","_kad_post_sidebar_id":"","_kad_post_content_style":"default","_kad_post_vertical_padding":"default","_kad_post_feature":"","_kad_post_feature_position":"","_kad_post_header":false,"_kad_post_footer":false},"product_brand":[],"product_cat":[20],"product_tag":[],"class_list":{"0":"post-2933","1":"product","2":"type-product","3":"status-publish","4":"has-post-thumbnail","6":"product_cat-women-sweater","8":"first","9":"instock","10":"shipping-taxable","11":"product-type-simple","12":"entry","13":"content-bg","14":"loop-entry"},"yoast_head":"<!-- This site is optimized with the Yoast SEO plugin v25.5 - https:\/\/yoast.com\/wordpress\/plugins\/seo\/ -->\n<title>Custom Football Knitted Polo - Lebo Sweater Manufacturers,Knitwear Manufacturer Custom Sweater Factory<\/title>\n<meta name=\"description\" content=\"If You Want Custom Football Knitted Polo,Lebo Is Sweater Manufacturer ,Please Contact Us For Free To Develop And Customize Your Unique Sweater Brand.\" \/>\n<meta name=\"robots\" content=\"index, follow, max-snippet:-1, max-image-preview:large, max-video-preview:-1\" \/>\n<link rel=\"canonical\" href=\"https:\/\/www.lebosweater.com\/fi\/tuote\/custom-football-knitted-polo\/\" \/>\n<meta property=\"og:locale\" content=\"fi_FI\" \/>\n<meta property=\"og:type\" content=\"article\" \/>\n<meta property=\"og:title\" content=\"Custom Football Knitted Polo - Lebo Sweater Manufacturers,Knitwear Manufacturer Custom Sweater Factory\" \/>\n<meta property=\"og:description\" content=\"If You Want Custom Football Knitted Polo,Lebo Is Sweater Manufacturer ,Please Contact Us For Free To Develop And Customize Your Unique Sweater Brand.\" \/>\n<meta property=\"og:url\" content=\"https:\/\/www.lebosweater.com\/fi\/tuote\/custom-football-knitted-polo\/\" \/>\n<meta property=\"og:site_name\" content=\"Lebo Sweater Manufacturers,Knitwear Manufacturer Custom Sweater Factory\" \/>\n<meta property=\"og:image\" content=\"https:\/\/www.lebosweater.com\/wp-content\/uploads\/2025\/06\/1-2.jpg\" \/>\n\t<meta property=\"og:image:width\" content=\"800\" \/>\n\t<meta property=\"og:image:height\" content=\"800\" \/>\n\t<meta property=\"og:image:type\" content=\"image\/jpeg\" \/>\n<meta name=\"twitter:card\" content=\"summary_large_image\" \/>\n<meta name=\"twitter:label1\" content=\"Arvioitu lukuaika\" \/>\n\t<meta name=\"twitter:data1\" content=\"2 minuuttia\" \/>\n<script type=\"application\/ld+json\" class=\"yoast-schema-graph\">{\"@context\":\"https:\/\/schema.org\",\"@graph\":[{\"@type\":\"WebPage\",\"@id\":\"https:\/\/www.lebosweater.com\/product\/custom-football-knitted-polo\/\",\"url\":\"https:\/\/www.lebosweater.com\/product\/custom-football-knitted-polo\/\",\"name\":\"Custom Football Knitted Polo - Lebo Sweater Manufacturers,Knitwear Manufacturer Custom Sweater Factory\",\"isPartOf\":{\"@id\":\"https:\/\/www.lebosweater.com\/#website\"},\"primaryImageOfPage\":{\"@id\":\"https:\/\/www.lebosweater.com\/product\/custom-football-knitted-polo\/#primaryimage\"},\"image\":{\"@id\":\"https:\/\/www.lebosweater.com\/product\/custom-football-knitted-polo\/#primaryimage\"},\"thumbnailUrl\":\"https:\/\/www.lebosweater.com\/wp-content\/uploads\/2025\/06\/1-2.jpg\",\"datePublished\":\"2025-06-04T09:27:54+00:00\",\"description\":\"If You Want Custom Football Knitted Polo,Lebo Is Sweater Manufacturer ,Please Contact Us For Free To Develop And Customize Your Unique Sweater Brand.\",\"breadcrumb\":{\"@id\":\"https:\/\/www.lebosweater.com\/product\/custom-football-knitted-polo\/#breadcrumb\"},\"inLanguage\":\"fi\",\"potentialAction\":[{\"@type\":\"ReadAction\",\"target\":[\"https:\/\/www.lebosweater.com\/product\/custom-football-knitted-polo\/\"]}]},{\"@type\":\"ImageObject\",\"inLanguage\":\"fi\",\"@id\":\"https:\/\/www.lebosweater.com\/product\/custom-football-knitted-polo\/#primaryimage\",\"url\":\"https:\/\/www.lebosweater.com\/wp-content\/uploads\/2025\/06\/1-2.jpg\",\"contentUrl\":\"https:\/\/www.lebosweater.com\/wp-content\/uploads\/2025\/06\/1-2.jpg\",\"width\":800,\"height\":800,\"caption\":\"Custom Football Knitted Polo\"},{\"@type\":\"BreadcrumbList\",\"@id\":\"https:\/\/www.lebosweater.com\/product\/custom-football-knitted-polo\/#breadcrumb\",\"itemListElement\":[{\"@type\":\"ListItem\",\"position\":1,\"name\":\"\u9996\u9875\",\"item\":\"https:\/\/www.lebosweater.com\/\"},{\"@type\":\"ListItem\",\"position\":2,\"name\":\"Products\",\"item\":\"https:\/\/www.lebosweater.com\/de\/products\/\"},{\"@type\":\"ListItem\",\"position\":3,\"name\":\"Custom Football Knitted Polo\"}]},{\"@type\":\"WebSite\",\"@id\":\"https:\/\/www.lebosweater.com\/#website\",\"url\":\"https:\/\/www.lebosweater.com\/\",\"name\":\"Lebo Sweater Manufacturers,Knitwear Manufacturer Custom Sweater Factory\",\"description\":\"One-Stop Knitwear Supplier\",\"publisher\":{\"@id\":\"https:\/\/www.lebosweater.com\/#organization\"},\"potentialAction\":[{\"@type\":\"SearchAction\",\"target\":{\"@type\":\"EntryPoint\",\"urlTemplate\":\"https:\/\/www.lebosweater.com\/?s={search_term_string}\"},\"query-input\":{\"@type\":\"PropertyValueSpecification\",\"valueRequired\":true,\"valueName\":\"search_term_string\"}}],\"inLanguage\":\"fi\"},{\"@type\":\"Organization\",\"@id\":\"https:\/\/www.lebosweater.com\/#organization\",\"name\":\"Lebo Sweater Manufacturers,Knitwear Manufacturer Custom Sweater Factory\",\"url\":\"https:\/\/www.lebosweater.com\/\",\"logo\":{\"@type\":\"ImageObject\",\"inLanguage\":\"fi\",\"@id\":\"https:\/\/www.lebosweater.com\/#\/schema\/logo\/image\/\",\"url\":\"https:\/\/www.lebosweater.com\/wp-content\/uploads\/2025\/02\/cropped-cropped-\u672a\u6807\u9898-1-1.png\",\"contentUrl\":\"https:\/\/www.lebosweater.com\/wp-content\/uploads\/2025\/02\/cropped-cropped-\u672a\u6807\u9898-1-1.png\",\"width\":512,\"height\":205,\"caption\":\"Lebo Sweater Manufacturers,Knitwear Manufacturer Custom Sweater Factory\"},\"image\":{\"@id\":\"https:\/\/www.lebosweater.com\/#\/schema\/logo\/image\/\"}}]}<\/script>\n<!-- \/ Yoast SEO plugin. -->","yoast_head_json":{"title":"Custom Football Knitted Polo - Lebo Sweater Manufacturers,Knitwear Manufacturer Custom Sweater Factory","description":"If You Want Custom Football Knitted Polo,Lebo Is Sweater Manufacturer ,Please Contact Us For Free To Develop And Customize Your Unique Sweater Brand.","robots":{"index":"index","follow":"follow","max-snippet":"max-snippet:-1","max-image-preview":"max-image-preview:large","max-video-preview":"max-video-preview:-1"},"canonical":"https:\/\/www.lebosweater.com\/fi\/tuote\/custom-football-knitted-polo\/","og_locale":"fi_FI","og_type":"article","og_title":"Custom Football Knitted Polo - Lebo Sweater Manufacturers,Knitwear Manufacturer Custom Sweater Factory","og_description":"If You Want Custom Football Knitted Polo,Lebo Is Sweater Manufacturer ,Please Contact Us For Free To Develop And Customize Your Unique Sweater Brand.","og_url":"https:\/\/www.lebosweater.com\/fi\/tuote\/custom-football-knitted-polo\/","og_site_name":"Lebo Sweater Manufacturers,Knitwear Manufacturer Custom Sweater Factory","og_image":[{"width":800,"height":800,"url":"https:\/\/www.lebosweater.com\/wp-content\/uploads\/2025\/06\/1-2.jpg","type":"image\/jpeg"}],"twitter_card":"summary_large_image","twitter_misc":{"Arvioitu lukuaika":"2 minuuttia"},"schema":{"@context":"https:\/\/schema.org","@graph":[{"@type":"WebPage","@id":"https:\/\/www.lebosweater.com\/product\/custom-football-knitted-polo\/","url":"https:\/\/www.lebosweater.com\/product\/custom-football-knitted-polo\/","name":"Custom Football Knitted Polo - Lebo Sweater Manufacturers,Knitwear Manufacturer Custom Sweater Factory","isPartOf":{"@id":"https:\/\/www.lebosweater.com\/#website"},"primaryImageOfPage":{"@id":"https:\/\/www.lebosweater.com\/product\/custom-football-knitted-polo\/#primaryimage"},"image":{"@id":"https:\/\/www.lebosweater.com\/product\/custom-football-knitted-polo\/#primaryimage"},"thumbnailUrl":"https:\/\/www.lebosweater.com\/wp-content\/uploads\/2025\/06\/1-2.jpg","datePublished":"2025-06-04T09:27:54+00:00","description":"If You Want Custom Football Knitted Polo,Lebo Is Sweater Manufacturer ,Please Contact Us For Free To Develop And Customize Your Unique Sweater Brand.","breadcrumb":{"@id":"https:\/\/www.lebosweater.com\/product\/custom-football-knitted-polo\/#breadcrumb"},"inLanguage":"fi","potentialAction":[{"@type":"ReadAction","target":["https:\/\/www.lebosweater.com\/product\/custom-football-knitted-polo\/"]}]},{"@type":"ImageObject","inLanguage":"fi","@id":"https:\/\/www.lebosweater.com\/product\/custom-football-knitted-polo\/#primaryimage","url":"https:\/\/www.lebosweater.com\/wp-content\/uploads\/2025\/06\/1-2.jpg","contentUrl":"https:\/\/www.lebosweater.com\/wp-content\/uploads\/2025\/06\/1-2.jpg","width":800,"height":800,"caption":"Custom Football Knitted Polo"},{"@type":"BreadcrumbList","@id":"https:\/\/www.lebosweater.com\/product\/custom-football-knitted-polo\/#breadcrumb","itemListElement":[{"@type":"ListItem","position":1,"name":"\u9996\u9875","item":"https:\/\/www.lebosweater.com\/"},{"@type":"ListItem","position":2,"name":"Products","item":"https:\/\/www.lebosweater.com\/de\/products\/"},{"@type":"ListItem","position":3,"name":"Custom Football Knitted Polo"}]},{"@type":"WebSite","@id":"https:\/\/www.lebosweater.com\/#website","url":"https:\/\/www.lebosweater.com\/","name":"Lebo Sweater Manufacturers,Knitwear Manufacturer Custom Sweater Factory","description":"One-Stop Knitwear Supplier","publisher":{"@id":"https:\/\/www.lebosweater.com\/#organization"},"potentialAction":[{"@type":"SearchAction","target":{"@type":"EntryPoint","urlTemplate":"https:\/\/www.lebosweater.com\/?s={search_term_string}"},"query-input":{"@type":"PropertyValueSpecification","valueRequired":true,"valueName":"search_term_string"}}],"inLanguage":"fi"},{"@type":"Organization","@id":"https:\/\/www.lebosweater.com\/#organization","name":"Lebo Sweater Manufacturers,Knitwear Manufacturer Custom Sweater Factory","url":"https:\/\/www.lebosweater.com\/","logo":{"@type":"ImageObject","inLanguage":"fi","@id":"https:\/\/www.lebosweater.com\/#\/schema\/logo\/image\/","url":"https:\/\/www.lebosweater.com\/wp-content\/uploads\/2025\/02\/cropped-cropped-\u672a\u6807\u9898-1-1.png","contentUrl":"https:\/\/www.lebosweater.com\/wp-content\/uploads\/2025\/02\/cropped-cropped-\u672a\u6807\u9898-1-1.png","width":512,"height":205,"caption":"Lebo Sweater Manufacturers,Knitwear Manufacturer Custom Sweater Factory"},"image":{"@id":"https:\/\/www.lebosweater.com\/#\/schema\/logo\/image\/"}}]}},"jetpack_sharing_enabled":true,"_links":{"self":[{"href":"https:\/\/www.lebosweater.com\/fi\/wp-json\/wp\/v2\/product\/2933","targetHints":{"allow":["GET"]}}],"collection":[{"href":"https:\/\/www.lebosweater.com\/fi\/wp-json\/wp\/v2\/product"}],"about":[{"href":"https:\/\/www.lebosweater.com\/fi\/wp-json\/wp\/v2\/types\/product"}],"wp:featuredmedia":[{"embeddable":true,"href":"https:\/\/www.lebosweater.com\/fi\/wp-json\/wp\/v2\/media\/2934"}],"wp:attachment":[{"href":"https:\/\/www.lebosweater.com\/fi\/wp-json\/wp\/v2\/media?parent=2933"}],"wp:term":[{"taxonomy":"product_brand","embeddable":true,"href":"https:\/\/www.lebosweater.com\/fi\/wp-json\/wp\/v2\/product_brand?post=2933"},{"taxonomy":"product_cat","embeddable":true,"href":"https:\/\/www.lebosweater.com\/fi\/wp-json\/wp\/v2\/product_cat?post=2933"},{"taxonomy":"product_tag","embeddable":true,"href":"https:\/\/www.lebosweater.com\/fi\/wp-json\/wp\/v2\/product_tag?post=2933"}],"curies":[{"name":"wp","href":"https:\/\/api.w.org\/{rel}","templated":true}]}}