{"id":1419,"date":"2025-03-03T15:02:58","date_gmt":"2025-03-03T07:02:58","guid":{"rendered":"https:\/\/lebosweater.com\/?post_type=product&#038;p=1419"},"modified":"2025-04-03T10:39:06","modified_gmt":"2025-04-03T02:39:06","slug":"gothic-fuzzy-mohair-sweater","status":"publish","type":"product","link":"https:\/\/www.lebosweater.com\/fi\/tuote\/gothic-fuzzy-mohair-sweater\/","title":{"rendered":"Gothic Fuzzy Mohair Sweater"},"content":{"rendered":"<h1 class=\"product_title entry-title elementor-heading-title elementor-size-default\">Gothic Fuzzy Mohair Sweater<\/h1>\n<p>&nbsp;<\/p>\n<h6><strong>Your Quality Knit Sweater Supplier Partner<\/strong><\/h6>\n<h6><\/h6>\n<p>Custom Gothic Fuzzy Mohair Sweater ,Lebo sweater aims to make fashion business easier and help your fashion brand to grow faster with our professional service. We already assisted many clients to grow up from small company to well known brand on its markets. Our experience and expertise allow our customers to reduce the risks and cost of product development.<\/p>\n<p><strong>Your One-Stop <a href=\"https:\/\/www.lebosweater.com\/fi\">Knitwear Supplier<\/a> In China<\/strong><\/p>\n<p>With 20 year experiences of cooperation with leading fashion brands, Lebo sweater provides custiomers with more efficient one-stop services and solutions. Build Your Brand With Us. <a href=\"https:\/\/www.lebosweater.com\/fi\/ota-yhteytta\/\">Receive Free Customized Consultation Now.<\/a><\/p>","protected":false},"excerpt":{"rendered":"<h6>Ominaisuudet:<\/h6>\n<ul>\n<li>Alkuper\u00e4paikka: Guangdong, Kiina<\/li>\n<li>Mittari: GG tai mukautettu<\/li>\n<li>Materiaali: tai Custom<\/li>\n<li>Teknologia: Jacquard tai Custom<\/li>\n<\/ul>\n<h6><strong>Tuotteen MOQ:<\/strong><\/h6>\n<div class=\"magic-7\" data-spm-anchor-id=\"a2700.custom-template.0.i239.62f63333bfVL3c\">Ei Minimitilausm\u00e4\u00e4r\u00e4<\/div>\n<div class=\"magic-7\" data-spm-anchor-id=\"a2700.custom-template.0.i235.62f63333bfVL3c\">( Mit\u00e4 enemm\u00e4n, sit\u00e4 halvempi hinta)<\/div>\n<h6>R\u00e4\u00e4t\u00e4l\u00f6ityj\u00e4\uff1a<\/h6>\n<p>Tarjoamme yhden luukun mukautetun villapaidan valmistuspalvelun, joka sis\u00e4lt\u00e4\u00e4 r\u00e4\u00e4t\u00e4l\u00f6idyn logon \/ koon \/ v\u00e4rin \/ kankaan \/ suunnittelun \/ lis\u00e4varusteen \/ tarrat.<\/p>\n<p>puseron valmistaja ammattimainen tuotanto ja suunnittelu, ilmaisia n\u00e4ytteit\u00e4 on saatavilla!<\/p>\n<p>Tervetuloa l\u00e4hett\u00e4m\u00e4\u00e4n meille oma suunnittelusi.<\/p>\n<h6>Lebo-neuleet auttavat sinua koko projektin ajan: Neuleet, neulotut asusteet, neulosetti, neulotut shortsit ja housut, mekko. Ota yhteytt\u00e4 tai merkitse vaatimuksesi kyselylomakkeeseen.<\/h6>\n<p>&nbsp;<\/p>","protected":false},"featured_media":1421,"template":"","meta":{"_kad_post_transparent":"default","_kad_post_title":"","_kad_post_layout":"default","_kad_post_sidebar_id":"","_kad_post_content_style":"default","_kad_post_vertical_padding":"default","_kad_post_feature":"","_kad_post_feature_position":"","_kad_post_header":false,"_kad_post_footer":false},"product_brand":[],"product_cat":[19],"product_tag":[],"class_list":{"0":"post-1419","1":"product","2":"type-product","3":"status-publish","4":"has-post-thumbnail","6":"product_cat-men-sweater","8":"first","9":"instock","10":"shipping-taxable","11":"product-type-simple","12":"entry","13":"content-bg","14":"loop-entry"},"yoast_head":"<!-- This site is optimized with the Yoast SEO plugin v25.5 - https:\/\/yoast.com\/wordpress\/plugins\/seo\/ -->\n<title>Gothic Fuzzy Mohair Sweater - Lebo Sweater Manufacturers,Knitwear Manufacturer Custom Sweater Factory<\/title>\n<meta name=\"description\" content=\"If you want custom Gothic Fuzzy Mohair Sweater ,please contact us\uff0cWe are sweater manufacturers,We will help you develop and customize your sweater brand.\" \/>\n<meta name=\"robots\" content=\"index, follow, max-snippet:-1, max-image-preview:large, max-video-preview:-1\" \/>\n<link rel=\"canonical\" href=\"https:\/\/www.lebosweater.com\/fi\/tuote\/gothic-fuzzy-mohair-sweater\/\" \/>\n<meta property=\"og:locale\" content=\"fi_FI\" \/>\n<meta property=\"og:type\" content=\"article\" \/>\n<meta property=\"og:title\" content=\"Gothic Fuzzy Mohair Sweater - Lebo Sweater Manufacturers,Knitwear Manufacturer Custom Sweater Factory\" \/>\n<meta property=\"og:description\" content=\"If you want custom Gothic Fuzzy Mohair Sweater ,please contact us\uff0cWe are sweater manufacturers,We will help you develop and customize your sweater brand.\" \/>\n<meta property=\"og:url\" content=\"https:\/\/www.lebosweater.com\/fi\/tuote\/gothic-fuzzy-mohair-sweater\/\" \/>\n<meta property=\"og:site_name\" content=\"Lebo Sweater Manufacturers,Knitwear Manufacturer Custom Sweater Factory\" \/>\n<meta property=\"article:modified_time\" content=\"2025-04-03T02:39:06+00:00\" \/>\n<meta property=\"og:image\" content=\"https:\/\/www.lebosweater.com\/wp-content\/uploads\/2025\/03\/9bf6c07f-21db-4f88-b6f5-c13d8774646a.jpg\" \/>\n\t<meta property=\"og:image:width\" content=\"800\" \/>\n\t<meta property=\"og:image:height\" content=\"800\" \/>\n\t<meta property=\"og:image:type\" content=\"image\/jpeg\" \/>\n<meta name=\"twitter:card\" content=\"summary_large_image\" \/>\n<meta name=\"twitter:label1\" content=\"Arvioitu lukuaika\" \/>\n\t<meta name=\"twitter:data1\" content=\"1 minuutti\" \/>\n<script type=\"application\/ld+json\" class=\"yoast-schema-graph\">{\"@context\":\"https:\/\/schema.org\",\"@graph\":[{\"@type\":\"WebPage\",\"@id\":\"https:\/\/www.lebosweater.com\/product\/gothic-fuzzy-mohair-sweater\/\",\"url\":\"https:\/\/www.lebosweater.com\/product\/gothic-fuzzy-mohair-sweater\/\",\"name\":\"Gothic Fuzzy Mohair Sweater - Lebo Sweater Manufacturers,Knitwear Manufacturer Custom Sweater Factory\",\"isPartOf\":{\"@id\":\"https:\/\/www.lebosweater.com\/#website\"},\"primaryImageOfPage\":{\"@id\":\"https:\/\/www.lebosweater.com\/product\/gothic-fuzzy-mohair-sweater\/#primaryimage\"},\"image\":{\"@id\":\"https:\/\/www.lebosweater.com\/product\/gothic-fuzzy-mohair-sweater\/#primaryimage\"},\"thumbnailUrl\":\"https:\/\/www.lebosweater.com\/wp-content\/uploads\/2025\/03\/9bf6c07f-21db-4f88-b6f5-c13d8774646a.jpg\",\"datePublished\":\"2025-03-03T07:02:58+00:00\",\"dateModified\":\"2025-04-03T02:39:06+00:00\",\"description\":\"If you want custom Gothic Fuzzy Mohair Sweater ,please contact us\uff0cWe are sweater manufacturers,We will help you develop and customize your sweater brand.\",\"breadcrumb\":{\"@id\":\"https:\/\/www.lebosweater.com\/product\/gothic-fuzzy-mohair-sweater\/#breadcrumb\"},\"inLanguage\":\"fi\",\"potentialAction\":[{\"@type\":\"ReadAction\",\"target\":[\"https:\/\/www.lebosweater.com\/product\/gothic-fuzzy-mohair-sweater\/\"]}]},{\"@type\":\"ImageObject\",\"inLanguage\":\"fi\",\"@id\":\"https:\/\/www.lebosweater.com\/product\/gothic-fuzzy-mohair-sweater\/#primaryimage\",\"url\":\"https:\/\/www.lebosweater.com\/wp-content\/uploads\/2025\/03\/9bf6c07f-21db-4f88-b6f5-c13d8774646a.jpg\",\"contentUrl\":\"https:\/\/www.lebosweater.com\/wp-content\/uploads\/2025\/03\/9bf6c07f-21db-4f88-b6f5-c13d8774646a.jpg\",\"width\":800,\"height\":800,\"caption\":\"Gothic Fuzzy Mohair Sweater\"},{\"@type\":\"BreadcrumbList\",\"@id\":\"https:\/\/www.lebosweater.com\/product\/gothic-fuzzy-mohair-sweater\/#breadcrumb\",\"itemListElement\":[{\"@type\":\"ListItem\",\"position\":1,\"name\":\"\u9996\u9875\",\"item\":\"https:\/\/www.lebosweater.com\/\"},{\"@type\":\"ListItem\",\"position\":2,\"name\":\"Products\",\"item\":\"https:\/\/www.lebosweater.com\/de\/products\/\"},{\"@type\":\"ListItem\",\"position\":3,\"name\":\"Gothic Fuzzy Mohair Sweater\"}]},{\"@type\":\"WebSite\",\"@id\":\"https:\/\/www.lebosweater.com\/#website\",\"url\":\"https:\/\/www.lebosweater.com\/\",\"name\":\"Lebo Sweater Manufacturers,Knitwear Manufacturer Custom Sweater Factory\",\"description\":\"One-Stop Knitwear Supplier\",\"publisher\":{\"@id\":\"https:\/\/www.lebosweater.com\/#organization\"},\"potentialAction\":[{\"@type\":\"SearchAction\",\"target\":{\"@type\":\"EntryPoint\",\"urlTemplate\":\"https:\/\/www.lebosweater.com\/?s={search_term_string}\"},\"query-input\":{\"@type\":\"PropertyValueSpecification\",\"valueRequired\":true,\"valueName\":\"search_term_string\"}}],\"inLanguage\":\"fi\"},{\"@type\":\"Organization\",\"@id\":\"https:\/\/www.lebosweater.com\/#organization\",\"name\":\"Lebo Sweater Manufacturers,Knitwear Manufacturer Custom Sweater Factory\",\"url\":\"https:\/\/www.lebosweater.com\/\",\"logo\":{\"@type\":\"ImageObject\",\"inLanguage\":\"fi\",\"@id\":\"https:\/\/www.lebosweater.com\/#\/schema\/logo\/image\/\",\"url\":\"https:\/\/www.lebosweater.com\/wp-content\/uploads\/2025\/02\/cropped-cropped-\u672a\u6807\u9898-1-1.png\",\"contentUrl\":\"https:\/\/www.lebosweater.com\/wp-content\/uploads\/2025\/02\/cropped-cropped-\u672a\u6807\u9898-1-1.png\",\"width\":512,\"height\":205,\"caption\":\"Lebo Sweater Manufacturers,Knitwear Manufacturer Custom Sweater Factory\"},\"image\":{\"@id\":\"https:\/\/www.lebosweater.com\/#\/schema\/logo\/image\/\"}}]}<\/script>\n<!-- \/ Yoast SEO plugin. -->","yoast_head_json":{"title":"Gothic Fuzzy Mohair Sweater - Lebo Sweater Manufacturers,Knitwear Manufacturer Custom Sweater Factory","description":"If you want custom Gothic Fuzzy Mohair Sweater ,please contact us\uff0cWe are sweater manufacturers,We will help you develop and customize your sweater brand.","robots":{"index":"index","follow":"follow","max-snippet":"max-snippet:-1","max-image-preview":"max-image-preview:large","max-video-preview":"max-video-preview:-1"},"canonical":"https:\/\/www.lebosweater.com\/fi\/tuote\/gothic-fuzzy-mohair-sweater\/","og_locale":"fi_FI","og_type":"article","og_title":"Gothic Fuzzy Mohair Sweater - Lebo Sweater Manufacturers,Knitwear Manufacturer Custom Sweater Factory","og_description":"If you want custom Gothic Fuzzy Mohair Sweater ,please contact us\uff0cWe are sweater manufacturers,We will help you develop and customize your sweater brand.","og_url":"https:\/\/www.lebosweater.com\/fi\/tuote\/gothic-fuzzy-mohair-sweater\/","og_site_name":"Lebo Sweater Manufacturers,Knitwear Manufacturer Custom Sweater Factory","article_modified_time":"2025-04-03T02:39:06+00:00","og_image":[{"width":800,"height":800,"url":"https:\/\/www.lebosweater.com\/wp-content\/uploads\/2025\/03\/9bf6c07f-21db-4f88-b6f5-c13d8774646a.jpg","type":"image\/jpeg"}],"twitter_card":"summary_large_image","twitter_misc":{"Arvioitu lukuaika":"1 minuutti"},"schema":{"@context":"https:\/\/schema.org","@graph":[{"@type":"WebPage","@id":"https:\/\/www.lebosweater.com\/product\/gothic-fuzzy-mohair-sweater\/","url":"https:\/\/www.lebosweater.com\/product\/gothic-fuzzy-mohair-sweater\/","name":"Gothic Fuzzy Mohair Sweater - Lebo Sweater Manufacturers,Knitwear Manufacturer Custom Sweater Factory","isPartOf":{"@id":"https:\/\/www.lebosweater.com\/#website"},"primaryImageOfPage":{"@id":"https:\/\/www.lebosweater.com\/product\/gothic-fuzzy-mohair-sweater\/#primaryimage"},"image":{"@id":"https:\/\/www.lebosweater.com\/product\/gothic-fuzzy-mohair-sweater\/#primaryimage"},"thumbnailUrl":"https:\/\/www.lebosweater.com\/wp-content\/uploads\/2025\/03\/9bf6c07f-21db-4f88-b6f5-c13d8774646a.jpg","datePublished":"2025-03-03T07:02:58+00:00","dateModified":"2025-04-03T02:39:06+00:00","description":"If you want custom Gothic Fuzzy Mohair Sweater ,please contact us\uff0cWe are sweater manufacturers,We will help you develop and customize your sweater brand.","breadcrumb":{"@id":"https:\/\/www.lebosweater.com\/product\/gothic-fuzzy-mohair-sweater\/#breadcrumb"},"inLanguage":"fi","potentialAction":[{"@type":"ReadAction","target":["https:\/\/www.lebosweater.com\/product\/gothic-fuzzy-mohair-sweater\/"]}]},{"@type":"ImageObject","inLanguage":"fi","@id":"https:\/\/www.lebosweater.com\/product\/gothic-fuzzy-mohair-sweater\/#primaryimage","url":"https:\/\/www.lebosweater.com\/wp-content\/uploads\/2025\/03\/9bf6c07f-21db-4f88-b6f5-c13d8774646a.jpg","contentUrl":"https:\/\/www.lebosweater.com\/wp-content\/uploads\/2025\/03\/9bf6c07f-21db-4f88-b6f5-c13d8774646a.jpg","width":800,"height":800,"caption":"Gothic Fuzzy Mohair Sweater"},{"@type":"BreadcrumbList","@id":"https:\/\/www.lebosweater.com\/product\/gothic-fuzzy-mohair-sweater\/#breadcrumb","itemListElement":[{"@type":"ListItem","position":1,"name":"\u9996\u9875","item":"https:\/\/www.lebosweater.com\/"},{"@type":"ListItem","position":2,"name":"Products","item":"https:\/\/www.lebosweater.com\/de\/products\/"},{"@type":"ListItem","position":3,"name":"Gothic Fuzzy Mohair Sweater"}]},{"@type":"WebSite","@id":"https:\/\/www.lebosweater.com\/#website","url":"https:\/\/www.lebosweater.com\/","name":"Lebo Sweater Manufacturers,Knitwear Manufacturer Custom Sweater Factory","description":"One-Stop Knitwear Supplier","publisher":{"@id":"https:\/\/www.lebosweater.com\/#organization"},"potentialAction":[{"@type":"SearchAction","target":{"@type":"EntryPoint","urlTemplate":"https:\/\/www.lebosweater.com\/?s={search_term_string}"},"query-input":{"@type":"PropertyValueSpecification","valueRequired":true,"valueName":"search_term_string"}}],"inLanguage":"fi"},{"@type":"Organization","@id":"https:\/\/www.lebosweater.com\/#organization","name":"Lebo Sweater Manufacturers,Knitwear Manufacturer Custom Sweater Factory","url":"https:\/\/www.lebosweater.com\/","logo":{"@type":"ImageObject","inLanguage":"fi","@id":"https:\/\/www.lebosweater.com\/#\/schema\/logo\/image\/","url":"https:\/\/www.lebosweater.com\/wp-content\/uploads\/2025\/02\/cropped-cropped-\u672a\u6807\u9898-1-1.png","contentUrl":"https:\/\/www.lebosweater.com\/wp-content\/uploads\/2025\/02\/cropped-cropped-\u672a\u6807\u9898-1-1.png","width":512,"height":205,"caption":"Lebo Sweater Manufacturers,Knitwear Manufacturer Custom Sweater Factory"},"image":{"@id":"https:\/\/www.lebosweater.com\/#\/schema\/logo\/image\/"}}]}},"jetpack_sharing_enabled":true,"_links":{"self":[{"href":"https:\/\/www.lebosweater.com\/fi\/wp-json\/wp\/v2\/product\/1419","targetHints":{"allow":["GET"]}}],"collection":[{"href":"https:\/\/www.lebosweater.com\/fi\/wp-json\/wp\/v2\/product"}],"about":[{"href":"https:\/\/www.lebosweater.com\/fi\/wp-json\/wp\/v2\/types\/product"}],"wp:featuredmedia":[{"embeddable":true,"href":"https:\/\/www.lebosweater.com\/fi\/wp-json\/wp\/v2\/media\/1421"}],"wp:attachment":[{"href":"https:\/\/www.lebosweater.com\/fi\/wp-json\/wp\/v2\/media?parent=1419"}],"wp:term":[{"taxonomy":"product_brand","embeddable":true,"href":"https:\/\/www.lebosweater.com\/fi\/wp-json\/wp\/v2\/product_brand?post=1419"},{"taxonomy":"product_cat","embeddable":true,"href":"https:\/\/www.lebosweater.com\/fi\/wp-json\/wp\/v2\/product_cat?post=1419"},{"taxonomy":"product_tag","embeddable":true,"href":"https:\/\/www.lebosweater.com\/fi\/wp-json\/wp\/v2\/product_tag?post=1419"}],"curies":[{"name":"wp","href":"https:\/\/api.w.org\/{rel}","templated":true}]}}