{"id":2138,"date":"2025-04-01T16:44:46","date_gmt":"2025-04-01T08:44:46","guid":{"rendered":"https:\/\/lebosweater.com\/?post_type=product&#038;p=2138"},"modified":"2025-04-03T10:13:28","modified_gmt":"2025-04-03T02:13:28","slug":"vintage-knitted-football-jumper","status":"publish","type":"product","link":"https:\/\/www.lebosweater.com\/es\/producto\/vintage-knitted-football-jumper\/","title":{"rendered":"Vintage Knitted Football Jumper"},"content":{"rendered":"<p>&nbsp;<\/p>\n<p dir=\"auto\" data-node=\"true\"><strong>Vintage Knitted Football Jumper-Your Quality Knit Sweater Supplier Partner<\/strong><\/p>\n<p>Custom Vintage Knitted Football Jumper,Lebo sweater aims to make fashion business easier and help your fashion brand to grow faster with our professional service. We already assisted many clients to grow up from small company to well known brand on its markets. Our experience and expertise allow our customers to reduce the risks and cost of product development.<\/p>\n<h1 dir=\"auto\" data-node=\"true\"><strong style=\"font-family: inherit; font-size: 20px;\">Your One-Stop <a href=\"https:\/\/www.lebosweater.com\/es\">Knitwear Supplier<\/a> In China<\/strong><\/h1>\n<p>\u200bDongguan Lebo Clothing Co., Ltd Is a Professional Knitwear Manufacturers Which Specialized In The Design, Developing, Manufacturing, And Marketing For All Ranges Of Sweaters, Knitted Beanies, Scarves, Knit Blankets, T-shirts, Hoodies And Etc.\u200b<\/p>\n<p>We focus on using luxury and high &#8211; quality Italian and local yarns, like cashmere, wool, mohair, alpaca, silk, cotton, and their blends. Our company has knitting machines from Germany&#8217;s STOLL, Japan&#8217;s SHIMA, and China&#8217;s CIXING. Thus, we can produce knit sweaters from 1.5gg to 16gg. With a monthly production capacity of 60,000 sweaters, we master techniques such as intarsia, jacquard, embroidery, crochet, print, and various knitting stitches.<\/p>\n<p>\u200bOur expertise lies in crafting contemporary designs with swift turnaround times and cost-effective pricing, ensuring our clients can yield favorable profits when vending their products. Our objective is to furnish exceptional manufacturing services to both individual customers and businesses.\u200b<\/p>\n<p>Over the years, we&#8217;ve committed to providing top &#8211; notch service and quality. So, we&#8217;ve gathered many long &#8211; term partners. Our business spreads globally, covering countries like the United States, Australia, the U.K., Canada, France, Germany, Brazil, Russia, Japan, Singapore, Korea, and many others.\u200b<\/p>\n<p>We offer not only the latest &#8211; designed products but also pictures, videos, and all the services you need\uff01<\/p>\n<p>\u200bWith 20 years of experience collaborating with leading fashion brands, Lebo sweater provides customers with more efficient one &#8211; stop services and solutions. Build your brand with us. <a href=\"https:\/\/www.lebosweater.com\/es\/contacto\/\" target=\"_blank\" rel=\"noopener\">Get a free customized consultation now.<\/a>\u200b<\/p>","protected":false},"excerpt":{"rendered":"<h6>Caracter\u00edsticas:<\/h6>\n<ul>\n<li>Lugar de origen: Guangdong, China<\/li>\n<li>Calibre: 7 GG O Custom<\/li>\n<li>Material: Cotton Or Custom<\/li>\n<li>Tecnolog\u00eda: Jacquard o a medida<\/li>\n<\/ul>\n<h6><strong>MOQ del producto:<\/strong><\/h6>\n<div class=\"magic-7\" data-spm-anchor-id=\"a2700.custom-template.0.i239.62f63333bfVL3c\">Sin cantidad m\u00ednima de pedido<\/div>\n<div class=\"magic-7\" data-spm-anchor-id=\"a2700.custom-template.0.i235.62f63333bfVL3c\">( Cuanta m\u00e1s cantidad, m\u00e1s barato es el precio)<\/div>\n<h6>A medida\uff1a<\/h6>\n<p>Ofrecemos un servicio integral de fabricaci\u00f3n de su\u00e9teres personalizados que incluye logotipo\/tama\u00f1o\/color\/tejido\/dise\u00f1o\/accesorio\/etiquetas personalizadas.<\/p>\n<p>fabricante de su\u00e9teres producci\u00f3n y dise\u00f1o profesionales, <a href=\"https:\/\/www.lebosweater.com\/es\/contacto\/\" target=\"_blank\" rel=\"noopener\">muestras gratuitas<\/a> \u00a1est\u00e1n disponibles!<\/p>\n<p>Puede enviarnos su propio dise\u00f1o.<\/p>\n<h6>Lebo knitwear le ayuda a lo largo de todo el proyecto: <a href=\"https:\/\/www.lebosweater.com\/es\/categoria-de-productos\/men-sweater\/\" target=\"_blank\" rel=\"noopener\">Jersey para hombre<\/a>,<a href=\"https:\/\/www.lebosweater.com\/es\/categoria-de-productos\/women-sweater\/\" target=\"_blank\" rel=\"noopener\">Su\u00e9ter Mujer<\/a>Su\u00e9ter para ni\u00f1os, su\u00e9ter de Navidad, su\u00e9ter de ganchillo, accesorios de punto, conjunto de punto, pantalones cortos y pantalones de punto, vestido. <a href=\"https:\/\/www.lebosweater.com\/es\/contacto\/\" target=\"_blank\" rel=\"noopener\">P\u00f3ngase en contacto con nosotros<\/a> o marque sus requisitos en el presupuesto de la consulta.<\/h6>\n<p>&nbsp;<\/p>","protected":false},"featured_media":2139,"template":"","meta":{"_kad_post_transparent":"default","_kad_post_title":"","_kad_post_layout":"default","_kad_post_sidebar_id":"","_kad_post_content_style":"default","_kad_post_vertical_padding":"default","_kad_post_feature":"","_kad_post_feature_position":"","_kad_post_header":false,"_kad_post_footer":false},"product_brand":[],"product_cat":[19],"product_tag":[],"class_list":{"0":"post-2138","1":"product","2":"type-product","3":"status-publish","4":"has-post-thumbnail","6":"product_cat-men-sweater","8":"first","9":"instock","10":"shipping-taxable","11":"product-type-simple","12":"entry","13":"content-bg","14":"loop-entry"},"yoast_head":"<!-- This site is optimized with the Yoast SEO plugin v25.5 - https:\/\/yoast.com\/wordpress\/plugins\/seo\/ -->\n<title>Vintage Knitted Football Jumper - Lebo Sweater Manufacturers,Knitwear Manufacturer Custom Sweater Factory<\/title>\n<meta name=\"description\" content=\"If You Want Custom Vintage Knitted Football Jumper,Lebo Is Sweater Manufacturer ,Please Contact Us For Free To Develop And Customize Your Unique Sweater Brand.\" \/>\n<meta name=\"robots\" content=\"index, follow, max-snippet:-1, max-image-preview:large, max-video-preview:-1\" \/>\n<link rel=\"canonical\" href=\"https:\/\/www.lebosweater.com\/es\/producto\/vintage-knitted-football-jumper\/\" \/>\n<meta property=\"og:locale\" content=\"es_ES\" \/>\n<meta property=\"og:type\" content=\"article\" \/>\n<meta property=\"og:title\" content=\"Vintage Knitted Football Jumper - Lebo Sweater Manufacturers,Knitwear Manufacturer Custom Sweater Factory\" \/>\n<meta property=\"og:description\" content=\"If You Want Custom Vintage Knitted Football Jumper,Lebo Is Sweater Manufacturer ,Please Contact Us For Free To Develop And Customize Your Unique Sweater Brand.\" \/>\n<meta property=\"og:url\" content=\"https:\/\/www.lebosweater.com\/es\/producto\/vintage-knitted-football-jumper\/\" \/>\n<meta property=\"og:site_name\" content=\"Lebo Sweater Manufacturers,Knitwear Manufacturer Custom Sweater Factory\" \/>\n<meta property=\"article:modified_time\" content=\"2025-04-03T02:13:28+00:00\" \/>\n<meta property=\"og:image\" content=\"https:\/\/www.lebosweater.com\/wp-content\/uploads\/2025\/04\/1.jpg\" \/>\n\t<meta property=\"og:image:width\" content=\"800\" \/>\n\t<meta property=\"og:image:height\" content=\"800\" \/>\n\t<meta property=\"og:image:type\" content=\"image\/jpeg\" \/>\n<meta name=\"twitter:card\" content=\"summary_large_image\" \/>\n<meta name=\"twitter:label1\" content=\"Tiempo de lectura\" \/>\n\t<meta name=\"twitter:data1\" content=\"2 minutos\" \/>\n<script type=\"application\/ld+json\" class=\"yoast-schema-graph\">{\"@context\":\"https:\/\/schema.org\",\"@graph\":[{\"@type\":\"WebPage\",\"@id\":\"https:\/\/www.lebosweater.com\/product\/vintage-knitted-football-jumper\/\",\"url\":\"https:\/\/www.lebosweater.com\/product\/vintage-knitted-football-jumper\/\",\"name\":\"Vintage Knitted Football Jumper - Lebo Sweater Manufacturers,Knitwear Manufacturer Custom Sweater Factory\",\"isPartOf\":{\"@id\":\"https:\/\/www.lebosweater.com\/#website\"},\"primaryImageOfPage\":{\"@id\":\"https:\/\/www.lebosweater.com\/product\/vintage-knitted-football-jumper\/#primaryimage\"},\"image\":{\"@id\":\"https:\/\/www.lebosweater.com\/product\/vintage-knitted-football-jumper\/#primaryimage\"},\"thumbnailUrl\":\"https:\/\/www.lebosweater.com\/wp-content\/uploads\/2025\/04\/1.jpg\",\"datePublished\":\"2025-04-01T08:44:46+00:00\",\"dateModified\":\"2025-04-03T02:13:28+00:00\",\"description\":\"If You Want Custom Vintage Knitted Football Jumper,Lebo Is Sweater Manufacturer ,Please Contact Us For Free To Develop And Customize Your Unique Sweater Brand.\",\"breadcrumb\":{\"@id\":\"https:\/\/www.lebosweater.com\/product\/vintage-knitted-football-jumper\/#breadcrumb\"},\"inLanguage\":\"es\",\"potentialAction\":[{\"@type\":\"ReadAction\",\"target\":[\"https:\/\/www.lebosweater.com\/product\/vintage-knitted-football-jumper\/\"]}]},{\"@type\":\"ImageObject\",\"inLanguage\":\"es\",\"@id\":\"https:\/\/www.lebosweater.com\/product\/vintage-knitted-football-jumper\/#primaryimage\",\"url\":\"https:\/\/www.lebosweater.com\/wp-content\/uploads\/2025\/04\/1.jpg\",\"contentUrl\":\"https:\/\/www.lebosweater.com\/wp-content\/uploads\/2025\/04\/1.jpg\",\"width\":800,\"height\":800,\"caption\":\"Vintage Knitted Football Jumper\"},{\"@type\":\"BreadcrumbList\",\"@id\":\"https:\/\/www.lebosweater.com\/product\/vintage-knitted-football-jumper\/#breadcrumb\",\"itemListElement\":[{\"@type\":\"ListItem\",\"position\":1,\"name\":\"\u9996\u9875\",\"item\":\"https:\/\/www.lebosweater.com\/\"},{\"@type\":\"ListItem\",\"position\":2,\"name\":\"Products\",\"item\":\"https:\/\/www.lebosweater.com\/de\/products\/\"},{\"@type\":\"ListItem\",\"position\":3,\"name\":\"Vintage Knitted Football Jumper\"}]},{\"@type\":\"WebSite\",\"@id\":\"https:\/\/www.lebosweater.com\/#website\",\"url\":\"https:\/\/www.lebosweater.com\/\",\"name\":\"Lebo Sweater Manufacturers,Knitwear Manufacturer Custom Sweater Factory\",\"description\":\"One-Stop Knitwear Supplier\",\"publisher\":{\"@id\":\"https:\/\/www.lebosweater.com\/#organization\"},\"potentialAction\":[{\"@type\":\"SearchAction\",\"target\":{\"@type\":\"EntryPoint\",\"urlTemplate\":\"https:\/\/www.lebosweater.com\/?s={search_term_string}\"},\"query-input\":{\"@type\":\"PropertyValueSpecification\",\"valueRequired\":true,\"valueName\":\"search_term_string\"}}],\"inLanguage\":\"es\"},{\"@type\":\"Organization\",\"@id\":\"https:\/\/www.lebosweater.com\/#organization\",\"name\":\"Lebo Sweater Manufacturers,Knitwear Manufacturer Custom Sweater Factory\",\"url\":\"https:\/\/www.lebosweater.com\/\",\"logo\":{\"@type\":\"ImageObject\",\"inLanguage\":\"es\",\"@id\":\"https:\/\/www.lebosweater.com\/#\/schema\/logo\/image\/\",\"url\":\"https:\/\/www.lebosweater.com\/wp-content\/uploads\/2025\/02\/cropped-cropped-\u672a\u6807\u9898-1-1.png\",\"contentUrl\":\"https:\/\/www.lebosweater.com\/wp-content\/uploads\/2025\/02\/cropped-cropped-\u672a\u6807\u9898-1-1.png\",\"width\":512,\"height\":205,\"caption\":\"Lebo Sweater Manufacturers,Knitwear Manufacturer Custom Sweater Factory\"},\"image\":{\"@id\":\"https:\/\/www.lebosweater.com\/#\/schema\/logo\/image\/\"}}]}<\/script>\n<!-- \/ Yoast SEO plugin. -->","yoast_head_json":{"title":"Vintage Knitted Football Jumper - Lebo Sweater Manufacturers,Knitwear Manufacturer Custom Sweater Factory","description":"If You Want Custom Vintage Knitted Football Jumper,Lebo Is Sweater Manufacturer ,Please Contact Us For Free To Develop And Customize Your Unique Sweater Brand.","robots":{"index":"index","follow":"follow","max-snippet":"max-snippet:-1","max-image-preview":"max-image-preview:large","max-video-preview":"max-video-preview:-1"},"canonical":"https:\/\/www.lebosweater.com\/es\/producto\/vintage-knitted-football-jumper\/","og_locale":"es_ES","og_type":"article","og_title":"Vintage Knitted Football Jumper - Lebo Sweater Manufacturers,Knitwear Manufacturer Custom Sweater Factory","og_description":"If You Want Custom Vintage Knitted Football Jumper,Lebo Is Sweater Manufacturer ,Please Contact Us For Free To Develop And Customize Your Unique Sweater Brand.","og_url":"https:\/\/www.lebosweater.com\/es\/producto\/vintage-knitted-football-jumper\/","og_site_name":"Lebo Sweater Manufacturers,Knitwear Manufacturer Custom Sweater Factory","article_modified_time":"2025-04-03T02:13:28+00:00","og_image":[{"width":800,"height":800,"url":"https:\/\/www.lebosweater.com\/wp-content\/uploads\/2025\/04\/1.jpg","type":"image\/jpeg"}],"twitter_card":"summary_large_image","twitter_misc":{"Tiempo de lectura":"2 minutos"},"schema":{"@context":"https:\/\/schema.org","@graph":[{"@type":"WebPage","@id":"https:\/\/www.lebosweater.com\/product\/vintage-knitted-football-jumper\/","url":"https:\/\/www.lebosweater.com\/product\/vintage-knitted-football-jumper\/","name":"Vintage Knitted Football Jumper - Lebo Sweater Manufacturers,Knitwear Manufacturer Custom Sweater Factory","isPartOf":{"@id":"https:\/\/www.lebosweater.com\/#website"},"primaryImageOfPage":{"@id":"https:\/\/www.lebosweater.com\/product\/vintage-knitted-football-jumper\/#primaryimage"},"image":{"@id":"https:\/\/www.lebosweater.com\/product\/vintage-knitted-football-jumper\/#primaryimage"},"thumbnailUrl":"https:\/\/www.lebosweater.com\/wp-content\/uploads\/2025\/04\/1.jpg","datePublished":"2025-04-01T08:44:46+00:00","dateModified":"2025-04-03T02:13:28+00:00","description":"If You Want Custom Vintage Knitted Football Jumper,Lebo Is Sweater Manufacturer ,Please Contact Us For Free To Develop And Customize Your Unique Sweater Brand.","breadcrumb":{"@id":"https:\/\/www.lebosweater.com\/product\/vintage-knitted-football-jumper\/#breadcrumb"},"inLanguage":"es","potentialAction":[{"@type":"ReadAction","target":["https:\/\/www.lebosweater.com\/product\/vintage-knitted-football-jumper\/"]}]},{"@type":"ImageObject","inLanguage":"es","@id":"https:\/\/www.lebosweater.com\/product\/vintage-knitted-football-jumper\/#primaryimage","url":"https:\/\/www.lebosweater.com\/wp-content\/uploads\/2025\/04\/1.jpg","contentUrl":"https:\/\/www.lebosweater.com\/wp-content\/uploads\/2025\/04\/1.jpg","width":800,"height":800,"caption":"Vintage Knitted Football Jumper"},{"@type":"BreadcrumbList","@id":"https:\/\/www.lebosweater.com\/product\/vintage-knitted-football-jumper\/#breadcrumb","itemListElement":[{"@type":"ListItem","position":1,"name":"\u9996\u9875","item":"https:\/\/www.lebosweater.com\/"},{"@type":"ListItem","position":2,"name":"Products","item":"https:\/\/www.lebosweater.com\/de\/products\/"},{"@type":"ListItem","position":3,"name":"Vintage Knitted Football Jumper"}]},{"@type":"WebSite","@id":"https:\/\/www.lebosweater.com\/#website","url":"https:\/\/www.lebosweater.com\/","name":"Lebo Sweater Manufacturers,Knitwear Manufacturer Custom Sweater Factory","description":"One-Stop Knitwear Supplier","publisher":{"@id":"https:\/\/www.lebosweater.com\/#organization"},"potentialAction":[{"@type":"SearchAction","target":{"@type":"EntryPoint","urlTemplate":"https:\/\/www.lebosweater.com\/?s={search_term_string}"},"query-input":{"@type":"PropertyValueSpecification","valueRequired":true,"valueName":"search_term_string"}}],"inLanguage":"es"},{"@type":"Organization","@id":"https:\/\/www.lebosweater.com\/#organization","name":"Lebo Sweater Manufacturers,Knitwear Manufacturer Custom Sweater Factory","url":"https:\/\/www.lebosweater.com\/","logo":{"@type":"ImageObject","inLanguage":"es","@id":"https:\/\/www.lebosweater.com\/#\/schema\/logo\/image\/","url":"https:\/\/www.lebosweater.com\/wp-content\/uploads\/2025\/02\/cropped-cropped-\u672a\u6807\u9898-1-1.png","contentUrl":"https:\/\/www.lebosweater.com\/wp-content\/uploads\/2025\/02\/cropped-cropped-\u672a\u6807\u9898-1-1.png","width":512,"height":205,"caption":"Lebo Sweater Manufacturers,Knitwear Manufacturer Custom Sweater Factory"},"image":{"@id":"https:\/\/www.lebosweater.com\/#\/schema\/logo\/image\/"}}]}},"jetpack_sharing_enabled":true,"_links":{"self":[{"href":"https:\/\/www.lebosweater.com\/es\/wp-json\/wp\/v2\/product\/2138","targetHints":{"allow":["GET"]}}],"collection":[{"href":"https:\/\/www.lebosweater.com\/es\/wp-json\/wp\/v2\/product"}],"about":[{"href":"https:\/\/www.lebosweater.com\/es\/wp-json\/wp\/v2\/types\/product"}],"wp:featuredmedia":[{"embeddable":true,"href":"https:\/\/www.lebosweater.com\/es\/wp-json\/wp\/v2\/media\/2139"}],"wp:attachment":[{"href":"https:\/\/www.lebosweater.com\/es\/wp-json\/wp\/v2\/media?parent=2138"}],"wp:term":[{"taxonomy":"product_brand","embeddable":true,"href":"https:\/\/www.lebosweater.com\/es\/wp-json\/wp\/v2\/product_brand?post=2138"},{"taxonomy":"product_cat","embeddable":true,"href":"https:\/\/www.lebosweater.com\/es\/wp-json\/wp\/v2\/product_cat?post=2138"},{"taxonomy":"product_tag","embeddable":true,"href":"https:\/\/www.lebosweater.com\/es\/wp-json\/wp\/v2\/product_tag?post=2138"}],"curies":[{"name":"wp","href":"https:\/\/api.w.org\/{rel}","templated":true}]}}