{"id":1915,"date":"2025-03-07T11:37:14","date_gmt":"2025-03-07T03:37:14","guid":{"rendered":"https:\/\/lebosweater.com\/?post_type=product&#038;p=1915"},"modified":"2025-04-03T10:17:27","modified_gmt":"2025-04-03T02:17:27","slug":"striped-crochet-knitted-shorts","status":"publish","type":"product","link":"https:\/\/www.lebosweater.com\/es\/producto\/striped-crochet-knitted-shorts\/","title":{"rendered":"Striped Crochet Knitted Shorts"},"content":{"rendered":"<h1 class=\"product_title entry-title elementor-heading-title elementor-size-default\">Striped Crochet Knitted Shorts<\/h1>\n<p>&nbsp;<\/p>\n<h6><strong>Your Quality Knit Sweater Supplier Partner<\/strong><\/h6>\n<h6><\/h6>\n<p>Custom Striped Crochet Knitted Shorts,Lebo sweater aims to make fashion business easier and help your fashion brand to grow faster with our professional service. We already assisted many clients to grow up from small company to well known brand on its markets. Our experience and expertise allow our customers to reduce the risks and cost of product development.<\/p>\n<p><strong>Your One-Stop <a href=\"https:\/\/www.lebosweater.com\/es\">Knitwear Supplier<\/a> In China<\/strong><\/p>\n<p>With 20 year experiences of cooperation with leading fashion brands, Lebo sweater provides custiomers with more efficient one-stop services and solutions. Build Your Brand With Us. <a href=\"https:\/\/www.lebosweater.com\/es\/contacto\/\">Receive Free Customized Consultation Now.<\/a><\/p>","protected":false},"excerpt":{"rendered":"<h6>Caracter\u00edsticas:<\/h6>\n<ul>\n<li>Lugar de origen: Guangdong, China<\/li>\n<li>Calibre: 7 GG O Custom<\/li>\n<li>Material: 100% Cotton Or Custom<\/li>\n<li>Technology: Itarsia Or Custom<\/li>\n<\/ul>\n<h6><strong>MOQ del producto:<\/strong><\/h6>\n<div class=\"magic-7\" data-spm-anchor-id=\"a2700.custom-template.0.i239.62f63333bfVL3c\">Sin cantidad m\u00ednima de pedido<\/div>\n<div class=\"magic-7\" data-spm-anchor-id=\"a2700.custom-template.0.i235.62f63333bfVL3c\">( Cuanta m\u00e1s cantidad, m\u00e1s barato es el precio)<\/div>\n<h6>A medida\uff1a<\/h6>\n<p>Ofrecemos un servicio integral de fabricaci\u00f3n de su\u00e9teres personalizados que incluye logotipo\/tama\u00f1o\/color\/tejido\/dise\u00f1o\/accesorio\/etiquetas personalizadas.<\/p>\n<p>\u00a1su\u00e9ter fabricante profesional de la producci\u00f3n y el dise\u00f1o, las muestras libres est\u00e1n disponibles!<\/p>\n<p>Puede enviarnos su propio dise\u00f1o.<\/p>\n<h6>Lebo knitwear le asiste durante todo el proyecto: Su\u00e9ter de hombre,Su\u00e9ter de mujer,Su\u00e9ter de ni\u00f1o,Su\u00e9ter de Navidad,Su\u00e9ter de ganchillo,Accesorios de punto,Conjunto de punto,Pantalones cortos&amp;pantalones de punto,Vestido. P\u00f3ngase en contacto con nosotros o marque sus requisitos en el presupuesto de consulta.<\/h6>\n<p>&nbsp;<\/p>","protected":false},"featured_media":1916,"template":"","meta":{"_kad_post_transparent":"default","_kad_post_title":"","_kad_post_layout":"default","_kad_post_sidebar_id":"","_kad_post_content_style":"default","_kad_post_vertical_padding":"default","_kad_post_feature":"","_kad_post_feature_position":"","_kad_post_header":false,"_kad_post_footer":false},"product_brand":[],"product_cat":[29],"product_tag":[],"class_list":{"0":"post-1915","1":"product","2":"type-product","3":"status-publish","4":"has-post-thumbnail","6":"product_cat-knit-shortspants","8":"first","9":"instock","10":"shipping-taxable","11":"product-type-simple","12":"entry","13":"content-bg","14":"loop-entry"},"yoast_head":"<!-- This site is optimized with the Yoast SEO plugin v25.5 - https:\/\/yoast.com\/wordpress\/plugins\/seo\/ -->\n<title>Striped Crochet Knitted Shorts - Lebo Sweater Manufacturers,Knitwear Manufacturer Custom Sweater Factory<\/title>\n<meta name=\"description\" content=\"If You Want Custom Striped Crochet Knitted Shorts,Lebo Is Sweater Manufacturer ,Please Contact Us For Free To Develop And Customize Your Unique Sweater Brand\" \/>\n<meta name=\"robots\" content=\"index, follow, max-snippet:-1, max-image-preview:large, max-video-preview:-1\" \/>\n<link rel=\"canonical\" href=\"https:\/\/www.lebosweater.com\/es\/producto\/striped-crochet-knitted-shorts\/\" \/>\n<meta property=\"og:locale\" content=\"es_ES\" \/>\n<meta property=\"og:type\" content=\"article\" \/>\n<meta property=\"og:title\" content=\"Striped Crochet Knitted Shorts - Lebo Sweater Manufacturers,Knitwear Manufacturer Custom Sweater Factory\" \/>\n<meta property=\"og:description\" content=\"If You Want Custom Striped Crochet Knitted Shorts,Lebo Is Sweater Manufacturer ,Please Contact Us For Free To Develop And Customize Your Unique Sweater Brand\" \/>\n<meta property=\"og:url\" content=\"https:\/\/www.lebosweater.com\/es\/producto\/striped-crochet-knitted-shorts\/\" \/>\n<meta property=\"og:site_name\" content=\"Lebo Sweater Manufacturers,Knitwear Manufacturer Custom Sweater Factory\" \/>\n<meta property=\"article:modified_time\" content=\"2025-04-03T02:17:27+00:00\" \/>\n<meta property=\"og:image\" content=\"https:\/\/www.lebosweater.com\/wp-content\/uploads\/2025\/03\/11-1.jpg\" \/>\n\t<meta property=\"og:image:width\" content=\"800\" \/>\n\t<meta property=\"og:image:height\" content=\"800\" \/>\n\t<meta property=\"og:image:type\" content=\"image\/jpeg\" \/>\n<meta name=\"twitter:card\" content=\"summary_large_image\" \/>\n<meta name=\"twitter:label1\" content=\"Tiempo de lectura\" \/>\n\t<meta name=\"twitter:data1\" content=\"1 minuto\" \/>\n<script type=\"application\/ld+json\" class=\"yoast-schema-graph\">{\"@context\":\"https:\/\/schema.org\",\"@graph\":[{\"@type\":\"WebPage\",\"@id\":\"https:\/\/www.lebosweater.com\/product\/striped-crochet-knitted-shorts\/\",\"url\":\"https:\/\/www.lebosweater.com\/product\/striped-crochet-knitted-shorts\/\",\"name\":\"Striped Crochet Knitted Shorts - Lebo Sweater Manufacturers,Knitwear Manufacturer Custom Sweater Factory\",\"isPartOf\":{\"@id\":\"https:\/\/www.lebosweater.com\/#website\"},\"primaryImageOfPage\":{\"@id\":\"https:\/\/www.lebosweater.com\/product\/striped-crochet-knitted-shorts\/#primaryimage\"},\"image\":{\"@id\":\"https:\/\/www.lebosweater.com\/product\/striped-crochet-knitted-shorts\/#primaryimage\"},\"thumbnailUrl\":\"https:\/\/www.lebosweater.com\/wp-content\/uploads\/2025\/03\/11-1.jpg\",\"datePublished\":\"2025-03-07T03:37:14+00:00\",\"dateModified\":\"2025-04-03T02:17:27+00:00\",\"description\":\"If You Want Custom Striped Crochet Knitted Shorts,Lebo Is Sweater Manufacturer ,Please Contact Us For Free To Develop And Customize Your Unique Sweater Brand\",\"breadcrumb\":{\"@id\":\"https:\/\/www.lebosweater.com\/product\/striped-crochet-knitted-shorts\/#breadcrumb\"},\"inLanguage\":\"es\",\"potentialAction\":[{\"@type\":\"ReadAction\",\"target\":[\"https:\/\/www.lebosweater.com\/product\/striped-crochet-knitted-shorts\/\"]}]},{\"@type\":\"ImageObject\",\"inLanguage\":\"es\",\"@id\":\"https:\/\/www.lebosweater.com\/product\/striped-crochet-knitted-shorts\/#primaryimage\",\"url\":\"https:\/\/www.lebosweater.com\/wp-content\/uploads\/2025\/03\/11-1.jpg\",\"contentUrl\":\"https:\/\/www.lebosweater.com\/wp-content\/uploads\/2025\/03\/11-1.jpg\",\"width\":800,\"height\":800,\"caption\":\"Striped Crochet Knitted Shorts\"},{\"@type\":\"BreadcrumbList\",\"@id\":\"https:\/\/www.lebosweater.com\/product\/striped-crochet-knitted-shorts\/#breadcrumb\",\"itemListElement\":[{\"@type\":\"ListItem\",\"position\":1,\"name\":\"\u9996\u9875\",\"item\":\"https:\/\/www.lebosweater.com\/\"},{\"@type\":\"ListItem\",\"position\":2,\"name\":\"Products\",\"item\":\"https:\/\/www.lebosweater.com\/de\/products\/\"},{\"@type\":\"ListItem\",\"position\":3,\"name\":\"Striped Crochet Knitted Shorts\"}]},{\"@type\":\"WebSite\",\"@id\":\"https:\/\/www.lebosweater.com\/#website\",\"url\":\"https:\/\/www.lebosweater.com\/\",\"name\":\"Lebo Sweater Manufacturers,Knitwear Manufacturer Custom Sweater Factory\",\"description\":\"One-Stop Knitwear Supplier\",\"publisher\":{\"@id\":\"https:\/\/www.lebosweater.com\/#organization\"},\"potentialAction\":[{\"@type\":\"SearchAction\",\"target\":{\"@type\":\"EntryPoint\",\"urlTemplate\":\"https:\/\/www.lebosweater.com\/?s={search_term_string}\"},\"query-input\":{\"@type\":\"PropertyValueSpecification\",\"valueRequired\":true,\"valueName\":\"search_term_string\"}}],\"inLanguage\":\"es\"},{\"@type\":\"Organization\",\"@id\":\"https:\/\/www.lebosweater.com\/#organization\",\"name\":\"Lebo Sweater Manufacturers,Knitwear Manufacturer Custom Sweater Factory\",\"url\":\"https:\/\/www.lebosweater.com\/\",\"logo\":{\"@type\":\"ImageObject\",\"inLanguage\":\"es\",\"@id\":\"https:\/\/www.lebosweater.com\/#\/schema\/logo\/image\/\",\"url\":\"https:\/\/www.lebosweater.com\/wp-content\/uploads\/2025\/02\/cropped-cropped-\u672a\u6807\u9898-1-1.png\",\"contentUrl\":\"https:\/\/www.lebosweater.com\/wp-content\/uploads\/2025\/02\/cropped-cropped-\u672a\u6807\u9898-1-1.png\",\"width\":512,\"height\":205,\"caption\":\"Lebo Sweater Manufacturers,Knitwear Manufacturer Custom Sweater Factory\"},\"image\":{\"@id\":\"https:\/\/www.lebosweater.com\/#\/schema\/logo\/image\/\"}}]}<\/script>\n<!-- \/ Yoast SEO plugin. -->","yoast_head_json":{"title":"Striped Crochet Knitted Shorts - Lebo Sweater Manufacturers,Knitwear Manufacturer Custom Sweater Factory","description":"If You Want Custom Striped Crochet Knitted Shorts,Lebo Is Sweater Manufacturer ,Please Contact Us For Free To Develop And Customize Your Unique Sweater Brand","robots":{"index":"index","follow":"follow","max-snippet":"max-snippet:-1","max-image-preview":"max-image-preview:large","max-video-preview":"max-video-preview:-1"},"canonical":"https:\/\/www.lebosweater.com\/es\/producto\/striped-crochet-knitted-shorts\/","og_locale":"es_ES","og_type":"article","og_title":"Striped Crochet Knitted Shorts - Lebo Sweater Manufacturers,Knitwear Manufacturer Custom Sweater Factory","og_description":"If You Want Custom Striped Crochet Knitted Shorts,Lebo Is Sweater Manufacturer ,Please Contact Us For Free To Develop And Customize Your Unique Sweater Brand","og_url":"https:\/\/www.lebosweater.com\/es\/producto\/striped-crochet-knitted-shorts\/","og_site_name":"Lebo Sweater Manufacturers,Knitwear Manufacturer Custom Sweater Factory","article_modified_time":"2025-04-03T02:17:27+00:00","og_image":[{"width":800,"height":800,"url":"https:\/\/www.lebosweater.com\/wp-content\/uploads\/2025\/03\/11-1.jpg","type":"image\/jpeg"}],"twitter_card":"summary_large_image","twitter_misc":{"Tiempo de lectura":"1 minuto"},"schema":{"@context":"https:\/\/schema.org","@graph":[{"@type":"WebPage","@id":"https:\/\/www.lebosweater.com\/product\/striped-crochet-knitted-shorts\/","url":"https:\/\/www.lebosweater.com\/product\/striped-crochet-knitted-shorts\/","name":"Striped Crochet Knitted Shorts - Lebo Sweater Manufacturers,Knitwear Manufacturer Custom Sweater Factory","isPartOf":{"@id":"https:\/\/www.lebosweater.com\/#website"},"primaryImageOfPage":{"@id":"https:\/\/www.lebosweater.com\/product\/striped-crochet-knitted-shorts\/#primaryimage"},"image":{"@id":"https:\/\/www.lebosweater.com\/product\/striped-crochet-knitted-shorts\/#primaryimage"},"thumbnailUrl":"https:\/\/www.lebosweater.com\/wp-content\/uploads\/2025\/03\/11-1.jpg","datePublished":"2025-03-07T03:37:14+00:00","dateModified":"2025-04-03T02:17:27+00:00","description":"If You Want Custom Striped Crochet Knitted Shorts,Lebo Is Sweater Manufacturer ,Please Contact Us For Free To Develop And Customize Your Unique Sweater Brand","breadcrumb":{"@id":"https:\/\/www.lebosweater.com\/product\/striped-crochet-knitted-shorts\/#breadcrumb"},"inLanguage":"es","potentialAction":[{"@type":"ReadAction","target":["https:\/\/www.lebosweater.com\/product\/striped-crochet-knitted-shorts\/"]}]},{"@type":"ImageObject","inLanguage":"es","@id":"https:\/\/www.lebosweater.com\/product\/striped-crochet-knitted-shorts\/#primaryimage","url":"https:\/\/www.lebosweater.com\/wp-content\/uploads\/2025\/03\/11-1.jpg","contentUrl":"https:\/\/www.lebosweater.com\/wp-content\/uploads\/2025\/03\/11-1.jpg","width":800,"height":800,"caption":"Striped Crochet Knitted Shorts"},{"@type":"BreadcrumbList","@id":"https:\/\/www.lebosweater.com\/product\/striped-crochet-knitted-shorts\/#breadcrumb","itemListElement":[{"@type":"ListItem","position":1,"name":"\u9996\u9875","item":"https:\/\/www.lebosweater.com\/"},{"@type":"ListItem","position":2,"name":"Products","item":"https:\/\/www.lebosweater.com\/de\/products\/"},{"@type":"ListItem","position":3,"name":"Striped Crochet Knitted Shorts"}]},{"@type":"WebSite","@id":"https:\/\/www.lebosweater.com\/#website","url":"https:\/\/www.lebosweater.com\/","name":"Lebo Sweater Manufacturers,Knitwear Manufacturer Custom Sweater Factory","description":"One-Stop Knitwear Supplier","publisher":{"@id":"https:\/\/www.lebosweater.com\/#organization"},"potentialAction":[{"@type":"SearchAction","target":{"@type":"EntryPoint","urlTemplate":"https:\/\/www.lebosweater.com\/?s={search_term_string}"},"query-input":{"@type":"PropertyValueSpecification","valueRequired":true,"valueName":"search_term_string"}}],"inLanguage":"es"},{"@type":"Organization","@id":"https:\/\/www.lebosweater.com\/#organization","name":"Lebo Sweater Manufacturers,Knitwear Manufacturer Custom Sweater Factory","url":"https:\/\/www.lebosweater.com\/","logo":{"@type":"ImageObject","inLanguage":"es","@id":"https:\/\/www.lebosweater.com\/#\/schema\/logo\/image\/","url":"https:\/\/www.lebosweater.com\/wp-content\/uploads\/2025\/02\/cropped-cropped-\u672a\u6807\u9898-1-1.png","contentUrl":"https:\/\/www.lebosweater.com\/wp-content\/uploads\/2025\/02\/cropped-cropped-\u672a\u6807\u9898-1-1.png","width":512,"height":205,"caption":"Lebo Sweater Manufacturers,Knitwear Manufacturer Custom Sweater Factory"},"image":{"@id":"https:\/\/www.lebosweater.com\/#\/schema\/logo\/image\/"}}]}},"jetpack_sharing_enabled":true,"_links":{"self":[{"href":"https:\/\/www.lebosweater.com\/es\/wp-json\/wp\/v2\/product\/1915","targetHints":{"allow":["GET"]}}],"collection":[{"href":"https:\/\/www.lebosweater.com\/es\/wp-json\/wp\/v2\/product"}],"about":[{"href":"https:\/\/www.lebosweater.com\/es\/wp-json\/wp\/v2\/types\/product"}],"wp:featuredmedia":[{"embeddable":true,"href":"https:\/\/www.lebosweater.com\/es\/wp-json\/wp\/v2\/media\/1916"}],"wp:attachment":[{"href":"https:\/\/www.lebosweater.com\/es\/wp-json\/wp\/v2\/media?parent=1915"}],"wp:term":[{"taxonomy":"product_brand","embeddable":true,"href":"https:\/\/www.lebosweater.com\/es\/wp-json\/wp\/v2\/product_brand?post=1915"},{"taxonomy":"product_cat","embeddable":true,"href":"https:\/\/www.lebosweater.com\/es\/wp-json\/wp\/v2\/product_cat?post=1915"},{"taxonomy":"product_tag","embeddable":true,"href":"https:\/\/www.lebosweater.com\/es\/wp-json\/wp\/v2\/product_tag?post=1915"}],"curies":[{"name":"wp","href":"https:\/\/api.w.org\/{rel}","templated":true}]}}