{"id":645,"date":"2024-03-07T18:27:58","date_gmt":"2024-03-07T10:27:58","guid":{"rendered":"https:\/\/lebosweater.com\/?post_type=product&#038;p=645"},"modified":"2025-04-03T10:46:47","modified_gmt":"2025-04-03T02:46:47","slug":"custom-heat-reactive-sweater","status":"publish","type":"product","link":"https:\/\/www.lebosweater.com\/de\/produkt\/custom-heat-reactive-sweater\/","title":{"rendered":"Custom Heat Reactive Sweater-Sweater Manufacturers"},"content":{"rendered":"<h1 class=\"product_title entry-title elementor-heading-title elementor-size-default\">Custom Heat Reactive Sweater<\/h1>\n<h6><strong>Ihr Partner f\u00fcr Qualit\u00e4tsstrickpullover<\/strong><\/h6>\n<p>custom Heat Reactive Sweater,Lebo sweater aims to make fashion business easier and help your fashion brand to grow faster with our professional service. We already assisted many clients to grow up from small company to well known brand on its markets. Our experience and expertise allow our customers to reduce the risks and cost of product development.<\/p>\n<p><strong>Ihre zentrale Anlaufstelle <a href=\"https:\/\/www.lebosweater.com\/de\">Lieferant f\u00fcr Strickwaren<\/a> In China<\/strong><\/p>\n<p>Mit 20 Jahren Erfahrung in der Zusammenarbeit mit f\u00fchrenden Modemarken bietet Lebo sweater seinen Kunden effiziente Dienstleistungen und L\u00f6sungen aus einer Hand. Bauen Sie Ihre Marke mit uns auf. <a href=\"https:\/\/www.lebosweater.com\/de\/kontaktieren-sie-uns\/\">Erhalten Sie jetzt eine kostenlose, individuelle Beratung.<\/a><\/p>","protected":false},"excerpt":{"rendered":"<h6>Merkmale:<\/h6>\n<ul>\n<li>Herkunftsort: Guangdong, China<\/li>\n<li>Spurweite:7 GG oder kundenspezifisch<\/li>\n<li>Material:Thermo Sensitive Yarn Or Custom<\/li>\n<li>Technology: Rib Or Custom<\/li>\n<\/ul>\n<h6><strong>Produkt-MOQ:<\/strong><\/h6>\n<div class=\"magic-7\" data-spm-anchor-id=\"a2700.custom-template.0.i239.62f63333bfVL3c\">Keine Mindestbestellmenge<\/div>\n<div class=\"magic-7\" data-spm-anchor-id=\"a2700.custom-template.0.i235.62f63333bfVL3c\">(Je mehr Menge, desto g\u00fcnstiger der Preis)<\/div>\n<h6>Kundenspezifisch\uff1a<\/h6>\n<p>Wir bieten einen One-Stop-Service f\u00fcr die Herstellung von Pullovern nach Ma\u00df, einschlie\u00dflich kundenspezifischer Logos, Gr\u00f6\u00dfen, Farben, Stoffe, Designs, Accessoires und Etiketten.<\/p>\n<p>Pullover Hersteller professionelle Produktion und Design, kostenlose Proben sind verf\u00fcgbar!<\/p>\n<p>Sie k\u00f6nnen uns gerne Ihr eigenes Design schicken.<\/p>\n<h6>Lebo knitwear unterst\u00fctzt Sie w\u00e4hrend des gesamten Projekts: Herrenpullover,Damenpullover,Kinderpullover,Weihnachtspullover,H\u00e4kelpullover,Strickaccessoires,Strickset,Strickshorts&amp;Hosen,Kleid. Kontaktieren Sie uns oder markieren Sie Ihre Anforderungen auf dem Anfrageformular.<\/h6>\n<p>&nbsp;<\/p>","protected":false},"featured_media":653,"template":"","meta":{"_kad_post_transparent":"default","_kad_post_title":"","_kad_post_layout":"default","_kad_post_sidebar_id":"","_kad_post_content_style":"default","_kad_post_vertical_padding":"default","_kad_post_feature":"","_kad_post_feature_position":"","_kad_post_header":false,"_kad_post_footer":false},"product_brand":[],"product_cat":[19],"product_tag":[32,37,33],"class_list":{"0":"post-645","1":"product","2":"type-product","3":"status-publish","4":"has-post-thumbnail","6":"product_cat-men-sweater","7":"product_tag-heat-reactive-sweater","8":"product_tag-men-sweater","9":"product_tag-sweater","11":"first","12":"instock","13":"shipping-taxable","14":"product-type-simple","15":"entry","16":"content-bg","17":"loop-entry"},"yoast_head":"<!-- This site is optimized with the Yoast SEO plugin v25.5 - https:\/\/yoast.com\/wordpress\/plugins\/seo\/ -->\n<title>Custom Heat Reactive Sweater-Sweater Manufacturers - Lebo Sweater Manufacturers,Knitwear Manufacturer Custom Sweater Factory<\/title>\n<meta name=\"description\" content=\"Custom Heat Reactive Sweater ,Lebo Your One-Stop Knitwear Supplier ,Contact us for free to develop and customize your unique sweater brand\uff0c24 hours online.\" \/>\n<meta name=\"robots\" content=\"index, follow, max-snippet:-1, max-image-preview:large, max-video-preview:-1\" \/>\n<link rel=\"canonical\" href=\"https:\/\/www.lebosweater.com\/de\/produkt\/custom-heat-reactive-sweater\/\" \/>\n<meta property=\"og:locale\" content=\"de_DE\" \/>\n<meta property=\"og:type\" content=\"article\" \/>\n<meta property=\"og:title\" content=\"Custom Heat Reactive Sweater-Sweater Manufacturers - Lebo Sweater Manufacturers,Knitwear Manufacturer Custom Sweater Factory\" \/>\n<meta property=\"og:description\" content=\"Custom Heat Reactive Sweater ,Lebo Your One-Stop Knitwear Supplier ,Contact us for free to develop and customize your unique sweater brand\uff0c24 hours online.\" \/>\n<meta property=\"og:url\" content=\"https:\/\/www.lebosweater.com\/de\/produkt\/custom-heat-reactive-sweater\/\" \/>\n<meta property=\"og:site_name\" content=\"Lebo Sweater Manufacturers,Knitwear Manufacturer Custom Sweater Factory\" \/>\n<meta property=\"article:modified_time\" content=\"2025-04-03T02:46:47+00:00\" \/>\n<meta property=\"og:image\" content=\"https:\/\/www.lebosweater.com\/wp-content\/uploads\/2024\/03\/Main-01.jpg\" \/>\n\t<meta property=\"og:image:width\" content=\"800\" \/>\n\t<meta property=\"og:image:height\" content=\"800\" \/>\n\t<meta property=\"og:image:type\" content=\"image\/jpeg\" \/>\n<meta name=\"twitter:card\" content=\"summary_large_image\" \/>\n<meta name=\"twitter:label1\" content=\"Gesch\u00e4tzte Lesezeit\" \/>\n\t<meta name=\"twitter:data1\" content=\"1\u00a0Minute\" \/>\n<script type=\"application\/ld+json\" class=\"yoast-schema-graph\">{\"@context\":\"https:\/\/schema.org\",\"@graph\":[{\"@type\":\"WebPage\",\"@id\":\"https:\/\/www.lebosweater.com\/product\/custom-heat-reactive-sweater\/\",\"url\":\"https:\/\/www.lebosweater.com\/product\/custom-heat-reactive-sweater\/\",\"name\":\"Custom Heat Reactive Sweater-Sweater Manufacturers - Lebo Sweater Manufacturers,Knitwear Manufacturer Custom Sweater Factory\",\"isPartOf\":{\"@id\":\"https:\/\/www.lebosweater.com\/#website\"},\"primaryImageOfPage\":{\"@id\":\"https:\/\/www.lebosweater.com\/product\/custom-heat-reactive-sweater\/#primaryimage\"},\"image\":{\"@id\":\"https:\/\/www.lebosweater.com\/product\/custom-heat-reactive-sweater\/#primaryimage\"},\"thumbnailUrl\":\"https:\/\/www.lebosweater.com\/wp-content\/uploads\/2024\/03\/Main-01.jpg\",\"datePublished\":\"2024-03-07T10:27:58+00:00\",\"dateModified\":\"2025-04-03T02:46:47+00:00\",\"description\":\"Custom Heat Reactive Sweater ,Lebo Your One-Stop Knitwear Supplier ,Contact us for free to develop and customize your unique sweater brand\uff0c24 hours online.\",\"breadcrumb\":{\"@id\":\"https:\/\/www.lebosweater.com\/product\/custom-heat-reactive-sweater\/#breadcrumb\"},\"inLanguage\":\"de\",\"potentialAction\":[{\"@type\":\"ReadAction\",\"target\":[\"https:\/\/www.lebosweater.com\/product\/custom-heat-reactive-sweater\/\"]}]},{\"@type\":\"ImageObject\",\"inLanguage\":\"de\",\"@id\":\"https:\/\/www.lebosweater.com\/product\/custom-heat-reactive-sweater\/#primaryimage\",\"url\":\"https:\/\/www.lebosweater.com\/wp-content\/uploads\/2024\/03\/Main-01.jpg\",\"contentUrl\":\"https:\/\/www.lebosweater.com\/wp-content\/uploads\/2024\/03\/Main-01.jpg\",\"width\":800,\"height\":800,\"caption\":\"Heat Reactive Sweater\"},{\"@type\":\"BreadcrumbList\",\"@id\":\"https:\/\/www.lebosweater.com\/product\/custom-heat-reactive-sweater\/#breadcrumb\",\"itemListElement\":[{\"@type\":\"ListItem\",\"position\":1,\"name\":\"\u9996\u9875\",\"item\":\"https:\/\/www.lebosweater.com\/\"},{\"@type\":\"ListItem\",\"position\":2,\"name\":\"Products\",\"item\":\"https:\/\/www.lebosweater.com\/de\/products\/\"},{\"@type\":\"ListItem\",\"position\":3,\"name\":\"Custom Heat Reactive Sweater-Sweater Manufacturers\"}]},{\"@type\":\"WebSite\",\"@id\":\"https:\/\/www.lebosweater.com\/#website\",\"url\":\"https:\/\/www.lebosweater.com\/\",\"name\":\"Lebo Sweater Manufacturers,Knitwear Manufacturer Custom Sweater Factory\",\"description\":\"One-Stop Knitwear Supplier\",\"publisher\":{\"@id\":\"https:\/\/www.lebosweater.com\/#organization\"},\"potentialAction\":[{\"@type\":\"SearchAction\",\"target\":{\"@type\":\"EntryPoint\",\"urlTemplate\":\"https:\/\/www.lebosweater.com\/?s={search_term_string}\"},\"query-input\":{\"@type\":\"PropertyValueSpecification\",\"valueRequired\":true,\"valueName\":\"search_term_string\"}}],\"inLanguage\":\"de\"},{\"@type\":\"Organization\",\"@id\":\"https:\/\/www.lebosweater.com\/#organization\",\"name\":\"Lebo Sweater Manufacturers,Knitwear Manufacturer Custom Sweater Factory\",\"url\":\"https:\/\/www.lebosweater.com\/\",\"logo\":{\"@type\":\"ImageObject\",\"inLanguage\":\"de\",\"@id\":\"https:\/\/www.lebosweater.com\/#\/schema\/logo\/image\/\",\"url\":\"https:\/\/www.lebosweater.com\/wp-content\/uploads\/2025\/02\/cropped-cropped-\u672a\u6807\u9898-1-1.png\",\"contentUrl\":\"https:\/\/www.lebosweater.com\/wp-content\/uploads\/2025\/02\/cropped-cropped-\u672a\u6807\u9898-1-1.png\",\"width\":512,\"height\":205,\"caption\":\"Lebo Sweater Manufacturers,Knitwear Manufacturer Custom Sweater Factory\"},\"image\":{\"@id\":\"https:\/\/www.lebosweater.com\/#\/schema\/logo\/image\/\"}}]}<\/script>\n<!-- \/ Yoast SEO plugin. -->","yoast_head_json":{"title":"Custom Heat Reactive Sweater-Sweater Manufacturers - Lebo Sweater Manufacturers,Knitwear Manufacturer Custom Sweater Factory","description":"Custom Heat Reactive Sweater ,Lebo Your One-Stop Knitwear Supplier ,Contact us for free to develop and customize your unique sweater brand\uff0c24 hours online.","robots":{"index":"index","follow":"follow","max-snippet":"max-snippet:-1","max-image-preview":"max-image-preview:large","max-video-preview":"max-video-preview:-1"},"canonical":"https:\/\/www.lebosweater.com\/de\/produkt\/custom-heat-reactive-sweater\/","og_locale":"de_DE","og_type":"article","og_title":"Custom Heat Reactive Sweater-Sweater Manufacturers - Lebo Sweater Manufacturers,Knitwear Manufacturer Custom Sweater Factory","og_description":"Custom Heat Reactive Sweater ,Lebo Your One-Stop Knitwear Supplier ,Contact us for free to develop and customize your unique sweater brand\uff0c24 hours online.","og_url":"https:\/\/www.lebosweater.com\/de\/produkt\/custom-heat-reactive-sweater\/","og_site_name":"Lebo Sweater Manufacturers,Knitwear Manufacturer Custom Sweater Factory","article_modified_time":"2025-04-03T02:46:47+00:00","og_image":[{"width":800,"height":800,"url":"https:\/\/www.lebosweater.com\/wp-content\/uploads\/2024\/03\/Main-01.jpg","type":"image\/jpeg"}],"twitter_card":"summary_large_image","twitter_misc":{"Gesch\u00e4tzte Lesezeit":"1\u00a0Minute"},"schema":{"@context":"https:\/\/schema.org","@graph":[{"@type":"WebPage","@id":"https:\/\/www.lebosweater.com\/product\/custom-heat-reactive-sweater\/","url":"https:\/\/www.lebosweater.com\/product\/custom-heat-reactive-sweater\/","name":"Custom Heat Reactive Sweater-Sweater Manufacturers - Lebo Sweater Manufacturers,Knitwear Manufacturer Custom Sweater Factory","isPartOf":{"@id":"https:\/\/www.lebosweater.com\/#website"},"primaryImageOfPage":{"@id":"https:\/\/www.lebosweater.com\/product\/custom-heat-reactive-sweater\/#primaryimage"},"image":{"@id":"https:\/\/www.lebosweater.com\/product\/custom-heat-reactive-sweater\/#primaryimage"},"thumbnailUrl":"https:\/\/www.lebosweater.com\/wp-content\/uploads\/2024\/03\/Main-01.jpg","datePublished":"2024-03-07T10:27:58+00:00","dateModified":"2025-04-03T02:46:47+00:00","description":"Custom Heat Reactive Sweater ,Lebo Your One-Stop Knitwear Supplier ,Contact us for free to develop and customize your unique sweater brand\uff0c24 hours online.","breadcrumb":{"@id":"https:\/\/www.lebosweater.com\/product\/custom-heat-reactive-sweater\/#breadcrumb"},"inLanguage":"de","potentialAction":[{"@type":"ReadAction","target":["https:\/\/www.lebosweater.com\/product\/custom-heat-reactive-sweater\/"]}]},{"@type":"ImageObject","inLanguage":"de","@id":"https:\/\/www.lebosweater.com\/product\/custom-heat-reactive-sweater\/#primaryimage","url":"https:\/\/www.lebosweater.com\/wp-content\/uploads\/2024\/03\/Main-01.jpg","contentUrl":"https:\/\/www.lebosweater.com\/wp-content\/uploads\/2024\/03\/Main-01.jpg","width":800,"height":800,"caption":"Heat Reactive Sweater"},{"@type":"BreadcrumbList","@id":"https:\/\/www.lebosweater.com\/product\/custom-heat-reactive-sweater\/#breadcrumb","itemListElement":[{"@type":"ListItem","position":1,"name":"\u9996\u9875","item":"https:\/\/www.lebosweater.com\/"},{"@type":"ListItem","position":2,"name":"Products","item":"https:\/\/www.lebosweater.com\/de\/products\/"},{"@type":"ListItem","position":3,"name":"Custom Heat Reactive Sweater-Sweater Manufacturers"}]},{"@type":"WebSite","@id":"https:\/\/www.lebosweater.com\/#website","url":"https:\/\/www.lebosweater.com\/","name":"Lebo Sweater Manufacturers,Knitwear Manufacturer Custom Sweater Factory","description":"One-Stop Knitwear Supplier","publisher":{"@id":"https:\/\/www.lebosweater.com\/#organization"},"potentialAction":[{"@type":"SearchAction","target":{"@type":"EntryPoint","urlTemplate":"https:\/\/www.lebosweater.com\/?s={search_term_string}"},"query-input":{"@type":"PropertyValueSpecification","valueRequired":true,"valueName":"search_term_string"}}],"inLanguage":"de"},{"@type":"Organization","@id":"https:\/\/www.lebosweater.com\/#organization","name":"Lebo Sweater Manufacturers,Knitwear Manufacturer Custom Sweater Factory","url":"https:\/\/www.lebosweater.com\/","logo":{"@type":"ImageObject","inLanguage":"de","@id":"https:\/\/www.lebosweater.com\/#\/schema\/logo\/image\/","url":"https:\/\/www.lebosweater.com\/wp-content\/uploads\/2025\/02\/cropped-cropped-\u672a\u6807\u9898-1-1.png","contentUrl":"https:\/\/www.lebosweater.com\/wp-content\/uploads\/2025\/02\/cropped-cropped-\u672a\u6807\u9898-1-1.png","width":512,"height":205,"caption":"Lebo Sweater Manufacturers,Knitwear Manufacturer Custom Sweater Factory"},"image":{"@id":"https:\/\/www.lebosweater.com\/#\/schema\/logo\/image\/"}}]}},"jetpack_sharing_enabled":true,"_links":{"self":[{"href":"https:\/\/www.lebosweater.com\/de\/wp-json\/wp\/v2\/product\/645","targetHints":{"allow":["GET"]}}],"collection":[{"href":"https:\/\/www.lebosweater.com\/de\/wp-json\/wp\/v2\/product"}],"about":[{"href":"https:\/\/www.lebosweater.com\/de\/wp-json\/wp\/v2\/types\/product"}],"wp:featuredmedia":[{"embeddable":true,"href":"https:\/\/www.lebosweater.com\/de\/wp-json\/wp\/v2\/media\/653"}],"wp:attachment":[{"href":"https:\/\/www.lebosweater.com\/de\/wp-json\/wp\/v2\/media?parent=645"}],"wp:term":[{"taxonomy":"product_brand","embeddable":true,"href":"https:\/\/www.lebosweater.com\/de\/wp-json\/wp\/v2\/product_brand?post=645"},{"taxonomy":"product_cat","embeddable":true,"href":"https:\/\/www.lebosweater.com\/de\/wp-json\/wp\/v2\/product_cat?post=645"},{"taxonomy":"product_tag","embeddable":true,"href":"https:\/\/www.lebosweater.com\/de\/wp-json\/wp\/v2\/product_tag?post=645"}],"curies":[{"name":"wp","href":"https:\/\/api.w.org\/{rel}","templated":true}]}}