{"id":1716,"date":"2025-03-06T11:40:43","date_gmt":"2025-03-06T03:40:43","guid":{"rendered":"https:\/\/lebosweater.com\/?post_type=product&#038;p=1716"},"modified":"2025-04-03T10:28:23","modified_gmt":"2025-04-03T02:28:23","slug":"striped-gradient-knit-beanie","status":"publish","type":"product","link":"https:\/\/www.lebosweater.com\/de\/produkt\/striped-gradient-knit-beanie\/","title":{"rendered":"Gestreifte Farbverlaufs-Strickm\u00fctze"},"content":{"rendered":"<h1 class=\"product_title entry-title elementor-heading-title elementor-size-default\">Gestreifte Farbverlaufs-Strickm\u00fctze<\/h1>\n<p>&nbsp;<\/p>\n<h6><strong>Ihr Partner f\u00fcr Qualit\u00e4tsstrickpullover<\/strong><\/h6>\n<h6><\/h6>\n<p>Custom Striped Gradient Knit Beanie,Lebo sweater aims to make fashion business easier and help your fashion brand to grow faster with our professional service. We already assisted many clients to grow up from small company to well known brand on its markets. Our experience and expertise allow our customers to reduce the risks and cost of product development.<\/p>\n<p><strong>Ihre zentrale Anlaufstelle <a href=\"https:\/\/www.lebosweater.com\/de\">Lieferant f\u00fcr Strickwaren<\/a> In China<\/strong><\/p>\n<p>Mit 20 Jahren Erfahrung in der Zusammenarbeit mit f\u00fchrenden Modemarken bietet Lebo sweater seinen Kunden effiziente Dienstleistungen und L\u00f6sungen aus einer Hand. Bauen Sie Ihre Marke mit uns auf. <a href=\"https:\/\/www.lebosweater.com\/de\/kontaktieren-sie-uns\/\">Erhalten Sie jetzt eine kostenlose, individuelle Beratung.<\/a><\/p>","protected":false},"excerpt":{"rendered":"<h6>Merkmale:<\/h6>\n<ul>\n<li>Herkunftsort: Guangdong, China<\/li>\n<li>Kaliber: 7 GG oder Custom<\/li>\n<li>Material: Polyester Baumwolle Oder Benutzerdefiniert<\/li>\n<li>Technologie: Farbverlauf oder benutzerdefiniert<\/li>\n<\/ul>\n<h6><strong>Produkt-MOQ:<\/strong><\/h6>\n<div class=\"magic-7\" data-spm-anchor-id=\"a2700.custom-template.0.i239.62f63333bfVL3c\">Keine Mindestbestellmenge<\/div>\n<div class=\"magic-7\" data-spm-anchor-id=\"a2700.custom-template.0.i235.62f63333bfVL3c\">(Je mehr Menge, desto g\u00fcnstiger der Preis)<\/div>\n<h6>Kundenspezifisch\uff1a<\/h6>\n<p>Wir bieten einen One-Stop-Service f\u00fcr die Herstellung von Pullovern nach Ma\u00df, einschlie\u00dflich kundenspezifischer Logos, Gr\u00f6\u00dfen, Farben, Stoffe, Designs, Accessoires und Etiketten.<\/p>\n<p>Pullover Hersteller professionelle Produktion und Design, kostenlose Proben sind verf\u00fcgbar!<\/p>\n<p>Sie k\u00f6nnen uns gerne Ihr eigenes Design schicken.<\/p>\n<h6>Lebo knitwear unterst\u00fctzt Sie w\u00e4hrend des gesamten Projekts: Herrenpullover,Damenpullover,Kinderpullover,Weihnachtspullover,H\u00e4kelpullover,Strickaccessoires,Strickset,Strickshorts&amp;Hosen,Kleid. Kontaktieren Sie uns oder markieren Sie Ihre Anforderungen auf dem Anfrageformular.<\/h6>\n<p>&nbsp;<\/p>","protected":false},"featured_media":1723,"template":"","meta":{"_kad_post_transparent":"default","_kad_post_title":"","_kad_post_layout":"default","_kad_post_sidebar_id":"","_kad_post_content_style":"default","_kad_post_vertical_padding":"default","_kad_post_feature":"","_kad_post_feature_position":"","_kad_post_header":false,"_kad_post_footer":false},"product_brand":[],"product_cat":[27],"product_tag":[],"class_list":{"0":"post-1716","1":"product","2":"type-product","3":"status-publish","4":"has-post-thumbnail","6":"product_cat-knitted-accessories","8":"first","9":"instock","10":"shipping-taxable","11":"product-type-simple","12":"entry","13":"content-bg","14":"loop-entry"},"yoast_head":"<!-- This site is optimized with the Yoast SEO plugin v25.5 - https:\/\/yoast.com\/wordpress\/plugins\/seo\/ -->\n<title>Striped Gradient Knit Beanie - Lebo Sweater Manufacturers,Knitwear Manufacturer Custom Sweater Factory<\/title>\n<meta name=\"description\" content=\"If you want custom Striped Gradient Knit Beanie,please contact us\uff0cWe are sweater manufacturers,We will help you develop and customize your sweater brand.\" \/>\n<meta name=\"robots\" content=\"index, follow, max-snippet:-1, max-image-preview:large, max-video-preview:-1\" \/>\n<link rel=\"canonical\" href=\"https:\/\/www.lebosweater.com\/de\/produkt\/striped-gradient-knit-beanie\/\" \/>\n<meta property=\"og:locale\" content=\"de_DE\" \/>\n<meta property=\"og:type\" content=\"article\" \/>\n<meta property=\"og:title\" content=\"Striped Gradient Knit Beanie - Lebo Sweater Manufacturers,Knitwear Manufacturer Custom Sweater Factory\" \/>\n<meta property=\"og:description\" content=\"If you want custom Striped Gradient Knit Beanie,please contact us\uff0cWe are sweater manufacturers,We will help you develop and customize your sweater brand.\" \/>\n<meta property=\"og:url\" content=\"https:\/\/www.lebosweater.com\/de\/produkt\/striped-gradient-knit-beanie\/\" \/>\n<meta property=\"og:site_name\" content=\"Lebo Sweater Manufacturers,Knitwear Manufacturer Custom Sweater Factory\" \/>\n<meta property=\"article:modified_time\" content=\"2025-04-03T02:28:23+00:00\" \/>\n<meta property=\"og:image\" content=\"https:\/\/www.lebosweater.com\/wp-content\/uploads\/2025\/03\/f56ce3b8-2c89-447b-ad1c-d8188ef53dd9.jpg\" \/>\n\t<meta property=\"og:image:width\" content=\"800\" \/>\n\t<meta property=\"og:image:height\" content=\"800\" \/>\n\t<meta property=\"og:image:type\" content=\"image\/jpeg\" \/>\n<meta name=\"twitter:card\" content=\"summary_large_image\" \/>\n<meta name=\"twitter:label1\" content=\"Gesch\u00e4tzte Lesezeit\" \/>\n\t<meta name=\"twitter:data1\" content=\"1\u00a0Minute\" \/>\n<script type=\"application\/ld+json\" class=\"yoast-schema-graph\">{\"@context\":\"https:\/\/schema.org\",\"@graph\":[{\"@type\":\"WebPage\",\"@id\":\"https:\/\/www.lebosweater.com\/ar\/%d8%a7%d9%84%d9%85%d9%86%d8%aa%d8%ac\/%d9%82%d8%a8%d8%b9%d8%a9-%d8%b5%d8%ba%d9%8a%d8%b1%d8%a9-%d9%85%d8%ae%d8%b7%d8%b7%d8%a9-%d9%85%d8%aa%d8%af%d8%b1%d8%ac%d8%a9-%d8%a7%d9%84%d9%84%d9%88%d9%86\/\",\"url\":\"https:\/\/www.lebosweater.com\/ar\/%d8%a7%d9%84%d9%85%d9%86%d8%aa%d8%ac\/%d9%82%d8%a8%d8%b9%d8%a9-%d8%b5%d8%ba%d9%8a%d8%b1%d8%a9-%d9%85%d8%ae%d8%b7%d8%b7%d8%a9-%d9%85%d8%aa%d8%af%d8%b1%d8%ac%d8%a9-%d8%a7%d9%84%d9%84%d9%88%d9%86\/\",\"name\":\"Striped Gradient Knit Beanie - Lebo Sweater Manufacturers,Knitwear Manufacturer Custom Sweater Factory\",\"isPartOf\":{\"@id\":\"https:\/\/www.lebosweater.com\/#website\"},\"primaryImageOfPage\":{\"@id\":\"https:\/\/www.lebosweater.com\/ar\/%d8%a7%d9%84%d9%85%d9%86%d8%aa%d8%ac\/%d9%82%d8%a8%d8%b9%d8%a9-%d8%b5%d8%ba%d9%8a%d8%b1%d8%a9-%d9%85%d8%ae%d8%b7%d8%b7%d8%a9-%d9%85%d8%aa%d8%af%d8%b1%d8%ac%d8%a9-%d8%a7%d9%84%d9%84%d9%88%d9%86\/#primaryimage\"},\"image\":{\"@id\":\"https:\/\/www.lebosweater.com\/ar\/%d8%a7%d9%84%d9%85%d9%86%d8%aa%d8%ac\/%d9%82%d8%a8%d8%b9%d8%a9-%d8%b5%d8%ba%d9%8a%d8%b1%d8%a9-%d9%85%d8%ae%d8%b7%d8%b7%d8%a9-%d9%85%d8%aa%d8%af%d8%b1%d8%ac%d8%a9-%d8%a7%d9%84%d9%84%d9%88%d9%86\/#primaryimage\"},\"thumbnailUrl\":\"https:\/\/www.lebosweater.com\/wp-content\/uploads\/2025\/03\/f56ce3b8-2c89-447b-ad1c-d8188ef53dd9.jpg\",\"datePublished\":\"2025-03-06T03:40:43+00:00\",\"dateModified\":\"2025-04-03T02:28:23+00:00\",\"description\":\"If you want custom Striped Gradient Knit Beanie,please contact us\uff0cWe are sweater manufacturers,We will help you develop and customize your sweater brand.\",\"breadcrumb\":{\"@id\":\"https:\/\/www.lebosweater.com\/ar\/%d8%a7%d9%84%d9%85%d9%86%d8%aa%d8%ac\/%d9%82%d8%a8%d8%b9%d8%a9-%d8%b5%d8%ba%d9%8a%d8%b1%d8%a9-%d9%85%d8%ae%d8%b7%d8%b7%d8%a9-%d9%85%d8%aa%d8%af%d8%b1%d8%ac%d8%a9-%d8%a7%d9%84%d9%84%d9%88%d9%86\/#breadcrumb\"},\"inLanguage\":\"de\",\"potentialAction\":[{\"@type\":\"ReadAction\",\"target\":[\"https:\/\/www.lebosweater.com\/ar\/%d8%a7%d9%84%d9%85%d9%86%d8%aa%d8%ac\/%d9%82%d8%a8%d8%b9%d8%a9-%d8%b5%d8%ba%d9%8a%d8%b1%d8%a9-%d9%85%d8%ae%d8%b7%d8%b7%d8%a9-%d9%85%d8%aa%d8%af%d8%b1%d8%ac%d8%a9-%d8%a7%d9%84%d9%84%d9%88%d9%86\/\"]}]},{\"@type\":\"ImageObject\",\"inLanguage\":\"de\",\"@id\":\"https:\/\/www.lebosweater.com\/ar\/%d8%a7%d9%84%d9%85%d9%86%d8%aa%d8%ac\/%d9%82%d8%a8%d8%b9%d8%a9-%d8%b5%d8%ba%d9%8a%d8%b1%d8%a9-%d9%85%d8%ae%d8%b7%d8%b7%d8%a9-%d9%85%d8%aa%d8%af%d8%b1%d8%ac%d8%a9-%d8%a7%d9%84%d9%84%d9%88%d9%86\/#primaryimage\",\"url\":\"https:\/\/www.lebosweater.com\/wp-content\/uploads\/2025\/03\/f56ce3b8-2c89-447b-ad1c-d8188ef53dd9.jpg\",\"contentUrl\":\"https:\/\/www.lebosweater.com\/wp-content\/uploads\/2025\/03\/f56ce3b8-2c89-447b-ad1c-d8188ef53dd9.jpg\",\"width\":800,\"height\":800,\"caption\":\"Striped Gradient Knit Beanie\"},{\"@type\":\"BreadcrumbList\",\"@id\":\"https:\/\/www.lebosweater.com\/ar\/%d8%a7%d9%84%d9%85%d9%86%d8%aa%d8%ac\/%d9%82%d8%a8%d8%b9%d8%a9-%d8%b5%d8%ba%d9%8a%d8%b1%d8%a9-%d9%85%d8%ae%d8%b7%d8%b7%d8%a9-%d9%85%d8%aa%d8%af%d8%b1%d8%ac%d8%a9-%d8%a7%d9%84%d9%84%d9%88%d9%86\/#breadcrumb\",\"itemListElement\":[{\"@type\":\"ListItem\",\"position\":1,\"name\":\"\u9996\u9875\",\"item\":\"https:\/\/www.lebosweater.com\/\"},{\"@type\":\"ListItem\",\"position\":2,\"name\":\"Products\",\"item\":\"https:\/\/www.lebosweater.com\/de\/products\/\"},{\"@type\":\"ListItem\",\"position\":3,\"name\":\"Striped Gradient Knit Beanie\"}]},{\"@type\":\"WebSite\",\"@id\":\"https:\/\/www.lebosweater.com\/#website\",\"url\":\"https:\/\/www.lebosweater.com\/\",\"name\":\"Lebo Sweater Manufacturers,Knitwear Manufacturer Custom Sweater Factory\",\"description\":\"One-Stop Knitwear Supplier\",\"publisher\":{\"@id\":\"https:\/\/www.lebosweater.com\/#organization\"},\"potentialAction\":[{\"@type\":\"SearchAction\",\"target\":{\"@type\":\"EntryPoint\",\"urlTemplate\":\"https:\/\/www.lebosweater.com\/?s={search_term_string}\"},\"query-input\":{\"@type\":\"PropertyValueSpecification\",\"valueRequired\":true,\"valueName\":\"search_term_string\"}}],\"inLanguage\":\"de\"},{\"@type\":\"Organization\",\"@id\":\"https:\/\/www.lebosweater.com\/#organization\",\"name\":\"Lebo Sweater Manufacturers,Knitwear Manufacturer Custom Sweater Factory\",\"url\":\"https:\/\/www.lebosweater.com\/\",\"logo\":{\"@type\":\"ImageObject\",\"inLanguage\":\"de\",\"@id\":\"https:\/\/www.lebosweater.com\/#\/schema\/logo\/image\/\",\"url\":\"https:\/\/www.lebosweater.com\/wp-content\/uploads\/2025\/02\/cropped-cropped-\u672a\u6807\u9898-1-1.png\",\"contentUrl\":\"https:\/\/www.lebosweater.com\/wp-content\/uploads\/2025\/02\/cropped-cropped-\u672a\u6807\u9898-1-1.png\",\"width\":512,\"height\":205,\"caption\":\"Lebo Sweater Manufacturers,Knitwear Manufacturer Custom Sweater Factory\"},\"image\":{\"@id\":\"https:\/\/www.lebosweater.com\/#\/schema\/logo\/image\/\"}}]}<\/script>\n<!-- \/ Yoast SEO plugin. -->","yoast_head_json":{"title":"Striped Gradient Knit Beanie - Lebo Sweater Manufacturers,Knitwear Manufacturer Custom Sweater Factory","description":"If you want custom Striped Gradient Knit Beanie,please contact us\uff0cWe are sweater manufacturers,We will help you develop and customize your sweater brand.","robots":{"index":"index","follow":"follow","max-snippet":"max-snippet:-1","max-image-preview":"max-image-preview:large","max-video-preview":"max-video-preview:-1"},"canonical":"https:\/\/www.lebosweater.com\/de\/produkt\/striped-gradient-knit-beanie\/","og_locale":"de_DE","og_type":"article","og_title":"Striped Gradient Knit Beanie - Lebo Sweater Manufacturers,Knitwear Manufacturer Custom Sweater Factory","og_description":"If you want custom Striped Gradient Knit Beanie,please contact us\uff0cWe are sweater manufacturers,We will help you develop and customize your sweater brand.","og_url":"https:\/\/www.lebosweater.com\/de\/produkt\/striped-gradient-knit-beanie\/","og_site_name":"Lebo Sweater Manufacturers,Knitwear Manufacturer Custom Sweater Factory","article_modified_time":"2025-04-03T02:28:23+00:00","og_image":[{"width":800,"height":800,"url":"https:\/\/www.lebosweater.com\/wp-content\/uploads\/2025\/03\/f56ce3b8-2c89-447b-ad1c-d8188ef53dd9.jpg","type":"image\/jpeg"}],"twitter_card":"summary_large_image","twitter_misc":{"Gesch\u00e4tzte Lesezeit":"1\u00a0Minute"},"schema":{"@context":"https:\/\/schema.org","@graph":[{"@type":"WebPage","@id":"https:\/\/www.lebosweater.com\/ar\/%d8%a7%d9%84%d9%85%d9%86%d8%aa%d8%ac\/%d9%82%d8%a8%d8%b9%d8%a9-%d8%b5%d8%ba%d9%8a%d8%b1%d8%a9-%d9%85%d8%ae%d8%b7%d8%b7%d8%a9-%d9%85%d8%aa%d8%af%d8%b1%d8%ac%d8%a9-%d8%a7%d9%84%d9%84%d9%88%d9%86\/","url":"https:\/\/www.lebosweater.com\/ar\/%d8%a7%d9%84%d9%85%d9%86%d8%aa%d8%ac\/%d9%82%d8%a8%d8%b9%d8%a9-%d8%b5%d8%ba%d9%8a%d8%b1%d8%a9-%d9%85%d8%ae%d8%b7%d8%b7%d8%a9-%d9%85%d8%aa%d8%af%d8%b1%d8%ac%d8%a9-%d8%a7%d9%84%d9%84%d9%88%d9%86\/","name":"Striped Gradient Knit Beanie - Lebo Sweater Manufacturers,Knitwear Manufacturer Custom Sweater Factory","isPartOf":{"@id":"https:\/\/www.lebosweater.com\/#website"},"primaryImageOfPage":{"@id":"https:\/\/www.lebosweater.com\/ar\/%d8%a7%d9%84%d9%85%d9%86%d8%aa%d8%ac\/%d9%82%d8%a8%d8%b9%d8%a9-%d8%b5%d8%ba%d9%8a%d8%b1%d8%a9-%d9%85%d8%ae%d8%b7%d8%b7%d8%a9-%d9%85%d8%aa%d8%af%d8%b1%d8%ac%d8%a9-%d8%a7%d9%84%d9%84%d9%88%d9%86\/#primaryimage"},"image":{"@id":"https:\/\/www.lebosweater.com\/ar\/%d8%a7%d9%84%d9%85%d9%86%d8%aa%d8%ac\/%d9%82%d8%a8%d8%b9%d8%a9-%d8%b5%d8%ba%d9%8a%d8%b1%d8%a9-%d9%85%d8%ae%d8%b7%d8%b7%d8%a9-%d9%85%d8%aa%d8%af%d8%b1%d8%ac%d8%a9-%d8%a7%d9%84%d9%84%d9%88%d9%86\/#primaryimage"},"thumbnailUrl":"https:\/\/www.lebosweater.com\/wp-content\/uploads\/2025\/03\/f56ce3b8-2c89-447b-ad1c-d8188ef53dd9.jpg","datePublished":"2025-03-06T03:40:43+00:00","dateModified":"2025-04-03T02:28:23+00:00","description":"If you want custom Striped Gradient Knit Beanie,please contact us\uff0cWe are sweater manufacturers,We will help you develop and customize your sweater brand.","breadcrumb":{"@id":"https:\/\/www.lebosweater.com\/ar\/%d8%a7%d9%84%d9%85%d9%86%d8%aa%d8%ac\/%d9%82%d8%a8%d8%b9%d8%a9-%d8%b5%d8%ba%d9%8a%d8%b1%d8%a9-%d9%85%d8%ae%d8%b7%d8%b7%d8%a9-%d9%85%d8%aa%d8%af%d8%b1%d8%ac%d8%a9-%d8%a7%d9%84%d9%84%d9%88%d9%86\/#breadcrumb"},"inLanguage":"de","potentialAction":[{"@type":"ReadAction","target":["https:\/\/www.lebosweater.com\/ar\/%d8%a7%d9%84%d9%85%d9%86%d8%aa%d8%ac\/%d9%82%d8%a8%d8%b9%d8%a9-%d8%b5%d8%ba%d9%8a%d8%b1%d8%a9-%d9%85%d8%ae%d8%b7%d8%b7%d8%a9-%d9%85%d8%aa%d8%af%d8%b1%d8%ac%d8%a9-%d8%a7%d9%84%d9%84%d9%88%d9%86\/"]}]},{"@type":"ImageObject","inLanguage":"de","@id":"https:\/\/www.lebosweater.com\/ar\/%d8%a7%d9%84%d9%85%d9%86%d8%aa%d8%ac\/%d9%82%d8%a8%d8%b9%d8%a9-%d8%b5%d8%ba%d9%8a%d8%b1%d8%a9-%d9%85%d8%ae%d8%b7%d8%b7%d8%a9-%d9%85%d8%aa%d8%af%d8%b1%d8%ac%d8%a9-%d8%a7%d9%84%d9%84%d9%88%d9%86\/#primaryimage","url":"https:\/\/www.lebosweater.com\/wp-content\/uploads\/2025\/03\/f56ce3b8-2c89-447b-ad1c-d8188ef53dd9.jpg","contentUrl":"https:\/\/www.lebosweater.com\/wp-content\/uploads\/2025\/03\/f56ce3b8-2c89-447b-ad1c-d8188ef53dd9.jpg","width":800,"height":800,"caption":"Striped Gradient Knit Beanie"},{"@type":"BreadcrumbList","@id":"https:\/\/www.lebosweater.com\/ar\/%d8%a7%d9%84%d9%85%d9%86%d8%aa%d8%ac\/%d9%82%d8%a8%d8%b9%d8%a9-%d8%b5%d8%ba%d9%8a%d8%b1%d8%a9-%d9%85%d8%ae%d8%b7%d8%b7%d8%a9-%d9%85%d8%aa%d8%af%d8%b1%d8%ac%d8%a9-%d8%a7%d9%84%d9%84%d9%88%d9%86\/#breadcrumb","itemListElement":[{"@type":"ListItem","position":1,"name":"\u9996\u9875","item":"https:\/\/www.lebosweater.com\/"},{"@type":"ListItem","position":2,"name":"Products","item":"https:\/\/www.lebosweater.com\/de\/products\/"},{"@type":"ListItem","position":3,"name":"Striped Gradient Knit Beanie"}]},{"@type":"WebSite","@id":"https:\/\/www.lebosweater.com\/#website","url":"https:\/\/www.lebosweater.com\/","name":"Lebo Sweater Manufacturers,Knitwear Manufacturer Custom Sweater Factory","description":"One-Stop Knitwear Supplier","publisher":{"@id":"https:\/\/www.lebosweater.com\/#organization"},"potentialAction":[{"@type":"SearchAction","target":{"@type":"EntryPoint","urlTemplate":"https:\/\/www.lebosweater.com\/?s={search_term_string}"},"query-input":{"@type":"PropertyValueSpecification","valueRequired":true,"valueName":"search_term_string"}}],"inLanguage":"de"},{"@type":"Organization","@id":"https:\/\/www.lebosweater.com\/#organization","name":"Lebo Sweater Manufacturers,Knitwear Manufacturer Custom Sweater Factory","url":"https:\/\/www.lebosweater.com\/","logo":{"@type":"ImageObject","inLanguage":"de","@id":"https:\/\/www.lebosweater.com\/#\/schema\/logo\/image\/","url":"https:\/\/www.lebosweater.com\/wp-content\/uploads\/2025\/02\/cropped-cropped-\u672a\u6807\u9898-1-1.png","contentUrl":"https:\/\/www.lebosweater.com\/wp-content\/uploads\/2025\/02\/cropped-cropped-\u672a\u6807\u9898-1-1.png","width":512,"height":205,"caption":"Lebo Sweater Manufacturers,Knitwear Manufacturer Custom Sweater Factory"},"image":{"@id":"https:\/\/www.lebosweater.com\/#\/schema\/logo\/image\/"}}]}},"jetpack_sharing_enabled":true,"_links":{"self":[{"href":"https:\/\/www.lebosweater.com\/de\/wp-json\/wp\/v2\/product\/1716","targetHints":{"allow":["GET"]}}],"collection":[{"href":"https:\/\/www.lebosweater.com\/de\/wp-json\/wp\/v2\/product"}],"about":[{"href":"https:\/\/www.lebosweater.com\/de\/wp-json\/wp\/v2\/types\/product"}],"wp:featuredmedia":[{"embeddable":true,"href":"https:\/\/www.lebosweater.com\/de\/wp-json\/wp\/v2\/media\/1723"}],"wp:attachment":[{"href":"https:\/\/www.lebosweater.com\/de\/wp-json\/wp\/v2\/media?parent=1716"}],"wp:term":[{"taxonomy":"product_brand","embeddable":true,"href":"https:\/\/www.lebosweater.com\/de\/wp-json\/wp\/v2\/product_brand?post=1716"},{"taxonomy":"product_cat","embeddable":true,"href":"https:\/\/www.lebosweater.com\/de\/wp-json\/wp\/v2\/product_cat?post=1716"},{"taxonomy":"product_tag","embeddable":true,"href":"https:\/\/www.lebosweater.com\/de\/wp-json\/wp\/v2\/product_tag?post=1716"}],"curies":[{"name":"wp","href":"https:\/\/api.w.org\/{rel}","templated":true}]}}