{"id":2056,"date":"2025-03-25T11:58:51","date_gmt":"2025-03-25T03:58:51","guid":{"rendered":"https:\/\/lebosweater.com\/?post_type=product&#038;p=2056"},"modified":"2025-04-03T10:13:41","modified_gmt":"2025-04-03T02:13:41","slug":"ribbed-knit-zip-up-cardigam","status":"publish","type":"product","link":"https:\/\/www.lebosweater.com\/da\/produkt\/ribstrikket-cardigam-med-lynlas\/","title":{"rendered":"Ribbet strik med lynl\u00e5s og cardigan"},"content":{"rendered":"<p>&nbsp;<\/p>\n<p dir=\"auto\" data-node=\"true\"><strong>Ribstrikket cardigan med lynl\u00e5s - din leverand\u00f8r af kvalitetssweatre<\/strong><\/p>\n<p>Custom Ribbed Knit Zip Up Cardigan, Lebo sweater har til form\u00e5l at g\u00f8re modebranchen lettere og hj\u00e6lpe dit modem\u00e6rke med at vokse hurtigere med vores professionelle service. Vi har allerede hjulpet mange kunder med at vokse op fra en lille virksomhed til et velkendt brand p\u00e5 sine markeder. Vores erfaring og ekspertise giver vores kunder mulighed for at reducere risici og omkostninger ved produktudvikling.<\/p>\n<h1 dir=\"auto\" data-node=\"true\"><strong style=\"font-family: inherit; font-size: 20px;\">Dit one-stop <a href=\"https:\/\/www.lebosweater.com\/da\">Leverand\u00f8r af strikvarer<\/a> I Kina<\/strong><\/h1>\n<p>Dongguan Lebo Clothing Co, Ltd er en professionel strikvareproducent, der er specialiseret i design, udvikling, fremstilling og markedsf\u00f8ring af alle serier af tr\u00f8jer, strikkede huer, t\u00f8rkl\u00e6der, strikkede t\u00e6pper, T-shirts, h\u00e6ttetr\u00f8jer og osv.<\/p>\n<p>Vi fokuserer p\u00e5 at bruge italienske og lokale luksusgarner af h\u00f8j kvalitet, som kashmir, uld, mohair, alpaka, silke, bomuld og blandinger heraf. Vores virksomhed har strikkemaskiner fra tyske STOLL, japanske SHIMA og kinesiske CIXING. Dermed kan vi producere striktr\u00f8jer fra 1,5 g til 16 g. Med en m\u00e5nedlig produktionskapacitet p\u00e5 60.000 tr\u00f8jer mestrer vi teknikker som intarsia, jacquard, broderi, h\u00e6kling, tryk og forskellige strikkem\u00f8nstre.<\/p>\n<p>Vores ekspertise ligger i at skabe moderne design med hurtige leveringstider og omkostningseffektive priser, hvilket sikrer, at vores kunder kan opn\u00e5 en gunstig fortjeneste, n\u00e5r de s\u00e6lger deres produkter. Vores m\u00e5l er at levere exceptionelle produktionstjenester til b\u00e5de individuelle kunder og virksomheder.<\/p>\n<p>I \u00e5renes l\u00f8b har vi forpligtet os til at levere f\u00f8rsteklasses service og kvalitet. S\u00e5 vi har samlet mange langsigtede partnere. Vores forretning spreder sig globalt og d\u00e6kker lande som USA, Australien, Storbritannien, Canada, Frankrig, Tyskland, Brasilien, Rusland, Japan, Singapore, Korea og mange andre.<\/p>\n<p>Vi tilbyder ikke kun de nyeste designede produkter, men ogs\u00e5 billeder, videoer og alle de tjenester, du har brug for\uff01.<\/p>\n<p>Med 20 \u00e5rs erfaring i at samarbejde med f\u00f8rende modebrands giver Lebo sweater kunderne mere effektive one-stop services og l\u00f8sninger. Opbyg dit brand sammen med os. <a href=\"https:\/\/www.lebosweater.com\/da\/kontakt-os\/\" target=\"_blank\" rel=\"noopener\">F\u00e5 en gratis, skr\u00e6ddersyet konsultation nu.<\/a>\u200b<\/p>","protected":false},"excerpt":{"rendered":"<h6>Funktioner:<\/h6>\n<ul>\n<li>Oprindelsessted: Guangdong, Kina<\/li>\n<li>M\u00e5l: 9 GG eller brugerdefineret<\/li>\n<li>Materiale: \u00d8kologisk bomuld eller specialfremstillet<\/li>\n<li>Teknologi: Print eller brugerdefineret<\/li>\n<\/ul>\n<h6><strong>Produkt MOQ:<\/strong><\/h6>\n<div class=\"magic-7\" data-spm-anchor-id=\"a2700.custom-template.0.i239.62f63333bfVL3c\">Ingen minimumsordreantal<\/div>\n<div class=\"magic-7\" data-spm-anchor-id=\"a2700.custom-template.0.i235.62f63333bfVL3c\">(Jo st\u00f8rre m\u00e6ngde, jo billigere pris)<\/div>\n<h6>Tilpasset \uff1a.<\/h6>\n<p>Vi tilbyder en one-stop service til fremstilling af brugerdefinerede sweatre, herunder tilpasset logo\/st\u00f8rrelse\/farve\/stof\/design\/tilbeh\u00f8r\/etiketter.<\/p>\n<p>sweaterproducent professionel produktion og design, <a href=\"https:\/\/www.lebosweater.com\/da\/kontakt-os\/\" target=\"_blank\" rel=\"noopener\">gratis pr\u00f8ver<\/a> er tilg\u00e6ngelige!<\/p>\n<p>Du er velkommen til at sende os dit eget design.<\/p>\n<h6>Lebo knitwear hj\u00e6lper dig gennem hele projektet: <a href=\"https:\/\/www.lebosweater.com\/da\/produktkategori\/sweater-til-maend\/\" target=\"_blank\" rel=\"noopener\">Sweater til m\u00e6nd<\/a>,<a href=\"https:\/\/www.lebosweater.com\/da\/produktkategori\/sweater-til-kvinder\/\" target=\"_blank\" rel=\"noopener\">Sweater til kvinder<\/a>B\u00f8rnesweater,Julesweater,H\u00e6klet sweater,Strikket tilbeh\u00f8r,Strikket s\u00e6t,Strikkede shorts og bukser,Kjole. <a href=\"https:\/\/www.lebosweater.com\/da\/kontakt-os\/\" target=\"_blank\" rel=\"noopener\">Kontakt os<\/a> eller marker dine krav p\u00e5 foresp\u00f8rgselstilbuddet.<\/h6>\n<p>&nbsp;<\/p>","protected":false},"featured_media":2059,"template":"","meta":{"_kad_post_transparent":"default","_kad_post_title":"","_kad_post_layout":"default","_kad_post_sidebar_id":"","_kad_post_content_style":"default","_kad_post_vertical_padding":"default","_kad_post_feature":"","_kad_post_feature_position":"","_kad_post_header":false,"_kad_post_footer":false},"product_brand":[],"product_cat":[19],"product_tag":[],"class_list":{"0":"post-2056","1":"product","2":"type-product","3":"status-publish","4":"has-post-thumbnail","6":"product_cat-men-sweater","8":"first","9":"instock","10":"shipping-taxable","11":"product-type-simple","12":"entry","13":"content-bg","14":"loop-entry"},"yoast_head":"<!-- This site is optimized with the Yoast SEO plugin v25.5 - https:\/\/yoast.com\/wordpress\/plugins\/seo\/ -->\n<title>Ribbed Knit Zip Up Cardigan - Lebo Sweater Manufacturers,Knitwear Manufacturer Custom Sweater Factory<\/title>\n<meta name=\"description\" content=\"If You Want Custom Ribbed Knit Zip Up Cardigan,Lebo Is Sweater Manufacturer ,Please Contact Us For Free To Develop And Customize Your Unique Sweater Brand.\" \/>\n<meta name=\"robots\" content=\"index, follow, max-snippet:-1, max-image-preview:large, max-video-preview:-1\" \/>\n<link rel=\"canonical\" href=\"https:\/\/www.lebosweater.com\/da\/produkt\/ribstrikket-cardigam-med-lynlas\/\" \/>\n<meta property=\"og:locale\" content=\"da_DK\" \/>\n<meta property=\"og:type\" content=\"article\" \/>\n<meta property=\"og:title\" content=\"Ribbed Knit Zip Up Cardigan - Lebo Sweater Manufacturers,Knitwear Manufacturer Custom Sweater Factory\" \/>\n<meta property=\"og:description\" content=\"If You Want Custom Ribbed Knit Zip Up Cardigan,Lebo Is Sweater Manufacturer ,Please Contact Us For Free To Develop And Customize Your Unique Sweater Brand.\" \/>\n<meta property=\"og:url\" content=\"https:\/\/www.lebosweater.com\/da\/produkt\/ribstrikket-cardigam-med-lynlas\/\" \/>\n<meta property=\"og:site_name\" content=\"Lebo Sweater Manufacturers,Knitwear Manufacturer Custom Sweater Factory\" \/>\n<meta property=\"article:modified_time\" content=\"2025-04-03T02:13:41+00:00\" \/>\n<meta property=\"og:image\" content=\"https:\/\/www.lebosweater.com\/wp-content\/uploads\/2025\/03\/3.png\" \/>\n\t<meta property=\"og:image:width\" content=\"800\" \/>\n\t<meta property=\"og:image:height\" content=\"800\" \/>\n\t<meta property=\"og:image:type\" content=\"image\/png\" \/>\n<meta name=\"twitter:card\" content=\"summary_large_image\" \/>\n<meta name=\"twitter:label1\" content=\"Estimeret l\u00e6setid\" \/>\n\t<meta name=\"twitter:data1\" content=\"2 minutter\" \/>\n<script type=\"application\/ld+json\" class=\"yoast-schema-graph\">{\"@context\":\"https:\/\/schema.org\",\"@graph\":[{\"@type\":\"WebPage\",\"@id\":\"https:\/\/www.lebosweater.com\/product\/ribbed-knit-zip-up-cardigam\/\",\"url\":\"https:\/\/www.lebosweater.com\/product\/ribbed-knit-zip-up-cardigam\/\",\"name\":\"Ribbed Knit Zip Up Cardigan - Lebo Sweater Manufacturers,Knitwear Manufacturer Custom Sweater Factory\",\"isPartOf\":{\"@id\":\"https:\/\/www.lebosweater.com\/#website\"},\"primaryImageOfPage\":{\"@id\":\"https:\/\/www.lebosweater.com\/product\/ribbed-knit-zip-up-cardigam\/#primaryimage\"},\"image\":{\"@id\":\"https:\/\/www.lebosweater.com\/product\/ribbed-knit-zip-up-cardigam\/#primaryimage\"},\"thumbnailUrl\":\"https:\/\/www.lebosweater.com\/wp-content\/uploads\/2025\/03\/3.png\",\"datePublished\":\"2025-03-25T03:58:51+00:00\",\"dateModified\":\"2025-04-03T02:13:41+00:00\",\"description\":\"If You Want Custom Ribbed Knit Zip Up Cardigan,Lebo Is Sweater Manufacturer ,Please Contact Us For Free To Develop And Customize Your Unique Sweater Brand.\",\"breadcrumb\":{\"@id\":\"https:\/\/www.lebosweater.com\/product\/ribbed-knit-zip-up-cardigam\/#breadcrumb\"},\"inLanguage\":\"da-DK\",\"potentialAction\":[{\"@type\":\"ReadAction\",\"target\":[\"https:\/\/www.lebosweater.com\/product\/ribbed-knit-zip-up-cardigam\/\"]}]},{\"@type\":\"ImageObject\",\"inLanguage\":\"da-DK\",\"@id\":\"https:\/\/www.lebosweater.com\/product\/ribbed-knit-zip-up-cardigam\/#primaryimage\",\"url\":\"https:\/\/www.lebosweater.com\/wp-content\/uploads\/2025\/03\/3.png\",\"contentUrl\":\"https:\/\/www.lebosweater.com\/wp-content\/uploads\/2025\/03\/3.png\",\"width\":800,\"height\":800,\"caption\":\"Ribbed Knit Zip Up Cardigam\"},{\"@type\":\"BreadcrumbList\",\"@id\":\"https:\/\/www.lebosweater.com\/product\/ribbed-knit-zip-up-cardigam\/#breadcrumb\",\"itemListElement\":[{\"@type\":\"ListItem\",\"position\":1,\"name\":\"\u9996\u9875\",\"item\":\"https:\/\/www.lebosweater.com\/\"},{\"@type\":\"ListItem\",\"position\":2,\"name\":\"Products\",\"item\":\"https:\/\/www.lebosweater.com\/de\/products\/\"},{\"@type\":\"ListItem\",\"position\":3,\"name\":\"Ribbed Knit Zip Up Cardigan\"}]},{\"@type\":\"WebSite\",\"@id\":\"https:\/\/www.lebosweater.com\/#website\",\"url\":\"https:\/\/www.lebosweater.com\/\",\"name\":\"Lebo Sweater Manufacturers,Knitwear Manufacturer Custom Sweater Factory\",\"description\":\"One-Stop Knitwear Supplier\",\"publisher\":{\"@id\":\"https:\/\/www.lebosweater.com\/#organization\"},\"potentialAction\":[{\"@type\":\"SearchAction\",\"target\":{\"@type\":\"EntryPoint\",\"urlTemplate\":\"https:\/\/www.lebosweater.com\/?s={search_term_string}\"},\"query-input\":{\"@type\":\"PropertyValueSpecification\",\"valueRequired\":true,\"valueName\":\"search_term_string\"}}],\"inLanguage\":\"da-DK\"},{\"@type\":\"Organization\",\"@id\":\"https:\/\/www.lebosweater.com\/#organization\",\"name\":\"Lebo Sweater Manufacturers,Knitwear Manufacturer Custom Sweater Factory\",\"url\":\"https:\/\/www.lebosweater.com\/\",\"logo\":{\"@type\":\"ImageObject\",\"inLanguage\":\"da-DK\",\"@id\":\"https:\/\/www.lebosweater.com\/#\/schema\/logo\/image\/\",\"url\":\"https:\/\/www.lebosweater.com\/wp-content\/uploads\/2025\/02\/cropped-cropped-\u672a\u6807\u9898-1-1.png\",\"contentUrl\":\"https:\/\/www.lebosweater.com\/wp-content\/uploads\/2025\/02\/cropped-cropped-\u672a\u6807\u9898-1-1.png\",\"width\":512,\"height\":205,\"caption\":\"Lebo Sweater Manufacturers,Knitwear Manufacturer Custom Sweater Factory\"},\"image\":{\"@id\":\"https:\/\/www.lebosweater.com\/#\/schema\/logo\/image\/\"}}]}<\/script>\n<!-- \/ Yoast SEO plugin. -->","yoast_head_json":{"title":"Ribbed Knit Zip Up Cardigan - Lebo Sweater Manufacturers,Knitwear Manufacturer Custom Sweater Factory","description":"If You Want Custom Ribbed Knit Zip Up Cardigan,Lebo Is Sweater Manufacturer ,Please Contact Us For Free To Develop And Customize Your Unique Sweater Brand.","robots":{"index":"index","follow":"follow","max-snippet":"max-snippet:-1","max-image-preview":"max-image-preview:large","max-video-preview":"max-video-preview:-1"},"canonical":"https:\/\/www.lebosweater.com\/da\/produkt\/ribstrikket-cardigam-med-lynlas\/","og_locale":"da_DK","og_type":"article","og_title":"Ribbed Knit Zip Up Cardigan - Lebo Sweater Manufacturers,Knitwear Manufacturer Custom Sweater Factory","og_description":"If You Want Custom Ribbed Knit Zip Up Cardigan,Lebo Is Sweater Manufacturer ,Please Contact Us For Free To Develop And Customize Your Unique Sweater Brand.","og_url":"https:\/\/www.lebosweater.com\/da\/produkt\/ribstrikket-cardigam-med-lynlas\/","og_site_name":"Lebo Sweater Manufacturers,Knitwear Manufacturer Custom Sweater Factory","article_modified_time":"2025-04-03T02:13:41+00:00","og_image":[{"width":800,"height":800,"url":"https:\/\/www.lebosweater.com\/wp-content\/uploads\/2025\/03\/3.png","type":"image\/png"}],"twitter_card":"summary_large_image","twitter_misc":{"Estimeret l\u00e6setid":"2 minutter"},"schema":{"@context":"https:\/\/schema.org","@graph":[{"@type":"WebPage","@id":"https:\/\/www.lebosweater.com\/product\/ribbed-knit-zip-up-cardigam\/","url":"https:\/\/www.lebosweater.com\/product\/ribbed-knit-zip-up-cardigam\/","name":"Ribbed Knit Zip Up Cardigan - Lebo Sweater Manufacturers,Knitwear Manufacturer Custom Sweater Factory","isPartOf":{"@id":"https:\/\/www.lebosweater.com\/#website"},"primaryImageOfPage":{"@id":"https:\/\/www.lebosweater.com\/product\/ribbed-knit-zip-up-cardigam\/#primaryimage"},"image":{"@id":"https:\/\/www.lebosweater.com\/product\/ribbed-knit-zip-up-cardigam\/#primaryimage"},"thumbnailUrl":"https:\/\/www.lebosweater.com\/wp-content\/uploads\/2025\/03\/3.png","datePublished":"2025-03-25T03:58:51+00:00","dateModified":"2025-04-03T02:13:41+00:00","description":"If You Want Custom Ribbed Knit Zip Up Cardigan,Lebo Is Sweater Manufacturer ,Please Contact Us For Free To Develop And Customize Your Unique Sweater Brand.","breadcrumb":{"@id":"https:\/\/www.lebosweater.com\/product\/ribbed-knit-zip-up-cardigam\/#breadcrumb"},"inLanguage":"da-DK","potentialAction":[{"@type":"ReadAction","target":["https:\/\/www.lebosweater.com\/product\/ribbed-knit-zip-up-cardigam\/"]}]},{"@type":"ImageObject","inLanguage":"da-DK","@id":"https:\/\/www.lebosweater.com\/product\/ribbed-knit-zip-up-cardigam\/#primaryimage","url":"https:\/\/www.lebosweater.com\/wp-content\/uploads\/2025\/03\/3.png","contentUrl":"https:\/\/www.lebosweater.com\/wp-content\/uploads\/2025\/03\/3.png","width":800,"height":800,"caption":"Ribbed Knit Zip Up Cardigam"},{"@type":"BreadcrumbList","@id":"https:\/\/www.lebosweater.com\/product\/ribbed-knit-zip-up-cardigam\/#breadcrumb","itemListElement":[{"@type":"ListItem","position":1,"name":"\u9996\u9875","item":"https:\/\/www.lebosweater.com\/"},{"@type":"ListItem","position":2,"name":"Products","item":"https:\/\/www.lebosweater.com\/de\/products\/"},{"@type":"ListItem","position":3,"name":"Ribbed Knit Zip Up Cardigan"}]},{"@type":"WebSite","@id":"https:\/\/www.lebosweater.com\/#website","url":"https:\/\/www.lebosweater.com\/","name":"Lebo Sweater Manufacturers,Knitwear Manufacturer Custom Sweater Factory","description":"One-Stop Knitwear Supplier","publisher":{"@id":"https:\/\/www.lebosweater.com\/#organization"},"potentialAction":[{"@type":"SearchAction","target":{"@type":"EntryPoint","urlTemplate":"https:\/\/www.lebosweater.com\/?s={search_term_string}"},"query-input":{"@type":"PropertyValueSpecification","valueRequired":true,"valueName":"search_term_string"}}],"inLanguage":"da-DK"},{"@type":"Organization","@id":"https:\/\/www.lebosweater.com\/#organization","name":"Lebo Sweater Manufacturers,Knitwear Manufacturer Custom Sweater Factory","url":"https:\/\/www.lebosweater.com\/","logo":{"@type":"ImageObject","inLanguage":"da-DK","@id":"https:\/\/www.lebosweater.com\/#\/schema\/logo\/image\/","url":"https:\/\/www.lebosweater.com\/wp-content\/uploads\/2025\/02\/cropped-cropped-\u672a\u6807\u9898-1-1.png","contentUrl":"https:\/\/www.lebosweater.com\/wp-content\/uploads\/2025\/02\/cropped-cropped-\u672a\u6807\u9898-1-1.png","width":512,"height":205,"caption":"Lebo Sweater Manufacturers,Knitwear Manufacturer Custom Sweater Factory"},"image":{"@id":"https:\/\/www.lebosweater.com\/#\/schema\/logo\/image\/"}}]}},"jetpack_sharing_enabled":true,"_links":{"self":[{"href":"https:\/\/www.lebosweater.com\/da\/wp-json\/wp\/v2\/product\/2056","targetHints":{"allow":["GET"]}}],"collection":[{"href":"https:\/\/www.lebosweater.com\/da\/wp-json\/wp\/v2\/product"}],"about":[{"href":"https:\/\/www.lebosweater.com\/da\/wp-json\/wp\/v2\/types\/product"}],"wp:featuredmedia":[{"embeddable":true,"href":"https:\/\/www.lebosweater.com\/da\/wp-json\/wp\/v2\/media\/2059"}],"wp:attachment":[{"href":"https:\/\/www.lebosweater.com\/da\/wp-json\/wp\/v2\/media?parent=2056"}],"wp:term":[{"taxonomy":"product_brand","embeddable":true,"href":"https:\/\/www.lebosweater.com\/da\/wp-json\/wp\/v2\/product_brand?post=2056"},{"taxonomy":"product_cat","embeddable":true,"href":"https:\/\/www.lebosweater.com\/da\/wp-json\/wp\/v2\/product_cat?post=2056"},{"taxonomy":"product_tag","embeddable":true,"href":"https:\/\/www.lebosweater.com\/da\/wp-json\/wp\/v2\/product_tag?post=2056"}],"curies":[{"name":"wp","href":"https:\/\/api.w.org\/{rel}","templated":true}]}}