{"id":1821,"date":"2025-03-06T16:50:16","date_gmt":"2025-03-06T08:50:16","guid":{"rendered":"https:\/\/lebosweater.com\/?post_type=product&#038;p=1821"},"modified":"2025-04-03T10:19:59","modified_gmt":"2025-04-03T02:19:59","slug":"wide-leg-pants-knit-suit","status":"publish","type":"product","link":"https:\/\/www.lebosweater.com\/da\/produkt\/bukser-med-brede-ben-strikket-jakkesaet\/","title":{"rendered":"Bukser med brede ben Strikket jakkes\u00e6t"},"content":{"rendered":"<h1 class=\"product_title entry-title elementor-heading-title elementor-size-default\">Bukser med brede ben Strikket jakkes\u00e6t<\/h1>\n<p>&nbsp;<\/p>\n<h6><strong>Din partner som leverand\u00f8r af kvalitetsstriktr\u00f8jer<\/strong><\/h6>\n<h6><\/h6>\n<p>Custom Wide Leg Pants Knit Suit, Lebo sweater har til form\u00e5l at g\u00f8re modebranchen lettere og hj\u00e6lpe dit modem\u00e6rke med at vokse hurtigere med vores professionelle service. Vi har allerede hjulpet mange kunder med at vokse op fra en lille virksomhed til et velkendt brand p\u00e5 sine markeder. Vores erfaring og ekspertise giver vores kunder mulighed for at reducere risici og omkostninger ved produktudvikling.<\/p>\n<p><strong>Dit one-stop <a href=\"https:\/\/www.lebosweater.com\/da\">Leverand\u00f8r af strikvarer<\/a> I Kina<\/strong><\/p>\n<p>Med 20 \u00e5rs erfaring i samarbejde med f\u00f8rende modem\u00e6rker giver Lebo sweater kunderne mere effektive one-stop-services og -l\u00f8sninger. Opbyg dit brand sammen med os. <a href=\"https:\/\/www.lebosweater.com\/da\/kontakt-os\/\">Modtag gratis skr\u00e6ddersyet konsultation nu.<\/a><\/p>","protected":false},"excerpt":{"rendered":"<h6>Funktioner:<\/h6>\n<ul>\n<li>Oprindelsessted: Guangdong, Kina<\/li>\n<li>M\u00e5l: 12GG eller brugerdefineret<\/li>\n<li>Materiale: Nylon bomuld eller specialfremstillet<\/li>\n<li>Teknologi: Ribbet eller tilpasset<\/li>\n<\/ul>\n<h6><strong>Produkt MOQ:<\/strong><\/h6>\n<div class=\"magic-7\" data-spm-anchor-id=\"a2700.custom-template.0.i239.62f63333bfVL3c\">Ingen minimumsordreantal<\/div>\n<div class=\"magic-7\" data-spm-anchor-id=\"a2700.custom-template.0.i235.62f63333bfVL3c\">(Jo st\u00f8rre m\u00e6ngde, jo billigere pris)<\/div>\n<h6>Tilpasset \uff1a.<\/h6>\n<p>Vi tilbyder en one-stop service til fremstilling af brugerdefinerede sweatre, herunder tilpasset logo\/st\u00f8rrelse\/farve\/stof\/design\/tilbeh\u00f8r\/etiketter.<\/p>\n<p>sweaterproducent professionel produktion og design, gratis pr\u00f8ver er tilg\u00e6ngelige!<\/p>\n<p>Du er velkommen til at sende os dit eget design.<\/p>\n<h6>Lebo knitwear hj\u00e6lper dig gennem hele projektet: Herresweater, damesweater, b\u00f8rnesweater, julesweater, h\u00e6klet sweater, strikket tilbeh\u00f8r, striks\u00e6t, strikshorts og -bukser, kjole. Kontakt os eller marker dine krav p\u00e5 foresp\u00f8rgselstilbuddet.<\/h6>\n<p>&nbsp;<\/p>","protected":false},"featured_media":1825,"template":"","meta":{"_kad_post_transparent":"default","_kad_post_title":"","_kad_post_layout":"default","_kad_post_sidebar_id":"","_kad_post_content_style":"default","_kad_post_vertical_padding":"default","_kad_post_feature":"","_kad_post_feature_position":"","_kad_post_header":false,"_kad_post_footer":false},"product_brand":[],"product_cat":[20,28],"product_tag":[],"class_list":{"0":"post-1821","1":"product","2":"type-product","3":"status-publish","4":"has-post-thumbnail","6":"product_cat-women-sweater","7":"product_cat-knit-set","9":"first","10":"instock","11":"shipping-taxable","12":"product-type-simple","13":"entry","14":"content-bg","15":"loop-entry"},"yoast_head":"<!-- This site is optimized with the Yoast SEO plugin v25.5 - https:\/\/yoast.com\/wordpress\/plugins\/seo\/ -->\n<title>Wide Leg Pants Knit Suit - Lebo Sweater Manufacturers,Knitwear Manufacturer Custom Sweater Factory<\/title>\n<meta name=\"description\" content=\"If You Want Custom Wide Leg Pants Knit Suit,Lebo Is Sweater Manufacturer ,Please Contact Us For Free To Develop And Customize Your Unique Sweater Brand.\" \/>\n<meta name=\"robots\" content=\"index, follow, max-snippet:-1, max-image-preview:large, max-video-preview:-1\" \/>\n<link rel=\"canonical\" href=\"https:\/\/www.lebosweater.com\/da\/produkt\/bukser-med-brede-ben-strikket-jakkesaet\/\" \/>\n<meta property=\"og:locale\" content=\"da_DK\" \/>\n<meta property=\"og:type\" content=\"article\" \/>\n<meta property=\"og:title\" content=\"Wide Leg Pants Knit Suit - Lebo Sweater Manufacturers,Knitwear Manufacturer Custom Sweater Factory\" \/>\n<meta property=\"og:description\" content=\"If You Want Custom Wide Leg Pants Knit Suit,Lebo Is Sweater Manufacturer ,Please Contact Us For Free To Develop And Customize Your Unique Sweater Brand.\" \/>\n<meta property=\"og:url\" content=\"https:\/\/www.lebosweater.com\/da\/produkt\/bukser-med-brede-ben-strikket-jakkesaet\/\" \/>\n<meta property=\"og:site_name\" content=\"Lebo Sweater Manufacturers,Knitwear Manufacturer Custom Sweater Factory\" \/>\n<meta property=\"article:modified_time\" content=\"2025-04-03T02:19:59+00:00\" \/>\n<meta property=\"og:image\" content=\"https:\/\/www.lebosweater.com\/wp-content\/uploads\/2025\/03\/c0da13c6-5c99-4289-8423-51ec65cec16e.jpg\" \/>\n\t<meta property=\"og:image:width\" content=\"2000\" \/>\n\t<meta property=\"og:image:height\" content=\"2000\" \/>\n\t<meta property=\"og:image:type\" content=\"image\/jpeg\" \/>\n<meta name=\"twitter:card\" content=\"summary_large_image\" \/>\n<meta name=\"twitter:label1\" content=\"Estimeret l\u00e6setid\" \/>\n\t<meta name=\"twitter:data1\" content=\"1 minut\" \/>\n<script type=\"application\/ld+json\" class=\"yoast-schema-graph\">{\"@context\":\"https:\/\/schema.org\",\"@graph\":[{\"@type\":\"WebPage\",\"@id\":\"https:\/\/www.lebosweater.com\/product\/wide-leg-pants-knit-suit\/\",\"url\":\"https:\/\/www.lebosweater.com\/product\/wide-leg-pants-knit-suit\/\",\"name\":\"Wide Leg Pants Knit Suit - Lebo Sweater Manufacturers,Knitwear Manufacturer Custom Sweater Factory\",\"isPartOf\":{\"@id\":\"https:\/\/www.lebosweater.com\/#website\"},\"primaryImageOfPage\":{\"@id\":\"https:\/\/www.lebosweater.com\/product\/wide-leg-pants-knit-suit\/#primaryimage\"},\"image\":{\"@id\":\"https:\/\/www.lebosweater.com\/product\/wide-leg-pants-knit-suit\/#primaryimage\"},\"thumbnailUrl\":\"https:\/\/www.lebosweater.com\/wp-content\/uploads\/2025\/03\/c0da13c6-5c99-4289-8423-51ec65cec16e.jpg\",\"datePublished\":\"2025-03-06T08:50:16+00:00\",\"dateModified\":\"2025-04-03T02:19:59+00:00\",\"description\":\"If You Want Custom Wide Leg Pants Knit Suit,Lebo Is Sweater Manufacturer ,Please Contact Us For Free To Develop And Customize Your Unique Sweater Brand.\",\"breadcrumb\":{\"@id\":\"https:\/\/www.lebosweater.com\/product\/wide-leg-pants-knit-suit\/#breadcrumb\"},\"inLanguage\":\"da-DK\",\"potentialAction\":[{\"@type\":\"ReadAction\",\"target\":[\"https:\/\/www.lebosweater.com\/product\/wide-leg-pants-knit-suit\/\"]}]},{\"@type\":\"ImageObject\",\"inLanguage\":\"da-DK\",\"@id\":\"https:\/\/www.lebosweater.com\/product\/wide-leg-pants-knit-suit\/#primaryimage\",\"url\":\"https:\/\/www.lebosweater.com\/wp-content\/uploads\/2025\/03\/c0da13c6-5c99-4289-8423-51ec65cec16e.jpg\",\"contentUrl\":\"https:\/\/www.lebosweater.com\/wp-content\/uploads\/2025\/03\/c0da13c6-5c99-4289-8423-51ec65cec16e.jpg\",\"width\":2000,\"height\":2000,\"caption\":\"Wide Leg Pants Knit Suit\"},{\"@type\":\"BreadcrumbList\",\"@id\":\"https:\/\/www.lebosweater.com\/product\/wide-leg-pants-knit-suit\/#breadcrumb\",\"itemListElement\":[{\"@type\":\"ListItem\",\"position\":1,\"name\":\"\u9996\u9875\",\"item\":\"https:\/\/www.lebosweater.com\/\"},{\"@type\":\"ListItem\",\"position\":2,\"name\":\"Products\",\"item\":\"https:\/\/www.lebosweater.com\/de\/products\/\"},{\"@type\":\"ListItem\",\"position\":3,\"name\":\"Wide Leg Pants Knit Suit\"}]},{\"@type\":\"WebSite\",\"@id\":\"https:\/\/www.lebosweater.com\/#website\",\"url\":\"https:\/\/www.lebosweater.com\/\",\"name\":\"Lebo Sweater Manufacturers,Knitwear Manufacturer Custom Sweater Factory\",\"description\":\"One-Stop Knitwear Supplier\",\"publisher\":{\"@id\":\"https:\/\/www.lebosweater.com\/#organization\"},\"potentialAction\":[{\"@type\":\"SearchAction\",\"target\":{\"@type\":\"EntryPoint\",\"urlTemplate\":\"https:\/\/www.lebosweater.com\/?s={search_term_string}\"},\"query-input\":{\"@type\":\"PropertyValueSpecification\",\"valueRequired\":true,\"valueName\":\"search_term_string\"}}],\"inLanguage\":\"da-DK\"},{\"@type\":\"Organization\",\"@id\":\"https:\/\/www.lebosweater.com\/#organization\",\"name\":\"Lebo Sweater Manufacturers,Knitwear Manufacturer Custom Sweater Factory\",\"url\":\"https:\/\/www.lebosweater.com\/\",\"logo\":{\"@type\":\"ImageObject\",\"inLanguage\":\"da-DK\",\"@id\":\"https:\/\/www.lebosweater.com\/#\/schema\/logo\/image\/\",\"url\":\"https:\/\/www.lebosweater.com\/wp-content\/uploads\/2025\/02\/cropped-cropped-\u672a\u6807\u9898-1-1.png\",\"contentUrl\":\"https:\/\/www.lebosweater.com\/wp-content\/uploads\/2025\/02\/cropped-cropped-\u672a\u6807\u9898-1-1.png\",\"width\":512,\"height\":205,\"caption\":\"Lebo Sweater Manufacturers,Knitwear Manufacturer Custom Sweater Factory\"},\"image\":{\"@id\":\"https:\/\/www.lebosweater.com\/#\/schema\/logo\/image\/\"}}]}<\/script>\n<!-- \/ Yoast SEO plugin. -->","yoast_head_json":{"title":"Wide Leg Pants Knit Suit - Lebo Sweater Manufacturers,Knitwear Manufacturer Custom Sweater Factory","description":"If You Want Custom Wide Leg Pants Knit Suit,Lebo Is Sweater Manufacturer ,Please Contact Us For Free To Develop And Customize Your Unique Sweater Brand.","robots":{"index":"index","follow":"follow","max-snippet":"max-snippet:-1","max-image-preview":"max-image-preview:large","max-video-preview":"max-video-preview:-1"},"canonical":"https:\/\/www.lebosweater.com\/da\/produkt\/bukser-med-brede-ben-strikket-jakkesaet\/","og_locale":"da_DK","og_type":"article","og_title":"Wide Leg Pants Knit Suit - Lebo Sweater Manufacturers,Knitwear Manufacturer Custom Sweater Factory","og_description":"If You Want Custom Wide Leg Pants Knit Suit,Lebo Is Sweater Manufacturer ,Please Contact Us For Free To Develop And Customize Your Unique Sweater Brand.","og_url":"https:\/\/www.lebosweater.com\/da\/produkt\/bukser-med-brede-ben-strikket-jakkesaet\/","og_site_name":"Lebo Sweater Manufacturers,Knitwear Manufacturer Custom Sweater Factory","article_modified_time":"2025-04-03T02:19:59+00:00","og_image":[{"width":2000,"height":2000,"url":"https:\/\/www.lebosweater.com\/wp-content\/uploads\/2025\/03\/c0da13c6-5c99-4289-8423-51ec65cec16e.jpg","type":"image\/jpeg"}],"twitter_card":"summary_large_image","twitter_misc":{"Estimeret l\u00e6setid":"1 minut"},"schema":{"@context":"https:\/\/schema.org","@graph":[{"@type":"WebPage","@id":"https:\/\/www.lebosweater.com\/product\/wide-leg-pants-knit-suit\/","url":"https:\/\/www.lebosweater.com\/product\/wide-leg-pants-knit-suit\/","name":"Wide Leg Pants Knit Suit - Lebo Sweater Manufacturers,Knitwear Manufacturer Custom Sweater Factory","isPartOf":{"@id":"https:\/\/www.lebosweater.com\/#website"},"primaryImageOfPage":{"@id":"https:\/\/www.lebosweater.com\/product\/wide-leg-pants-knit-suit\/#primaryimage"},"image":{"@id":"https:\/\/www.lebosweater.com\/product\/wide-leg-pants-knit-suit\/#primaryimage"},"thumbnailUrl":"https:\/\/www.lebosweater.com\/wp-content\/uploads\/2025\/03\/c0da13c6-5c99-4289-8423-51ec65cec16e.jpg","datePublished":"2025-03-06T08:50:16+00:00","dateModified":"2025-04-03T02:19:59+00:00","description":"If You Want Custom Wide Leg Pants Knit Suit,Lebo Is Sweater Manufacturer ,Please Contact Us For Free To Develop And Customize Your Unique Sweater Brand.","breadcrumb":{"@id":"https:\/\/www.lebosweater.com\/product\/wide-leg-pants-knit-suit\/#breadcrumb"},"inLanguage":"da-DK","potentialAction":[{"@type":"ReadAction","target":["https:\/\/www.lebosweater.com\/product\/wide-leg-pants-knit-suit\/"]}]},{"@type":"ImageObject","inLanguage":"da-DK","@id":"https:\/\/www.lebosweater.com\/product\/wide-leg-pants-knit-suit\/#primaryimage","url":"https:\/\/www.lebosweater.com\/wp-content\/uploads\/2025\/03\/c0da13c6-5c99-4289-8423-51ec65cec16e.jpg","contentUrl":"https:\/\/www.lebosweater.com\/wp-content\/uploads\/2025\/03\/c0da13c6-5c99-4289-8423-51ec65cec16e.jpg","width":2000,"height":2000,"caption":"Wide Leg Pants Knit Suit"},{"@type":"BreadcrumbList","@id":"https:\/\/www.lebosweater.com\/product\/wide-leg-pants-knit-suit\/#breadcrumb","itemListElement":[{"@type":"ListItem","position":1,"name":"\u9996\u9875","item":"https:\/\/www.lebosweater.com\/"},{"@type":"ListItem","position":2,"name":"Products","item":"https:\/\/www.lebosweater.com\/de\/products\/"},{"@type":"ListItem","position":3,"name":"Wide Leg Pants Knit Suit"}]},{"@type":"WebSite","@id":"https:\/\/www.lebosweater.com\/#website","url":"https:\/\/www.lebosweater.com\/","name":"Lebo Sweater Manufacturers,Knitwear Manufacturer Custom Sweater Factory","description":"One-Stop Knitwear Supplier","publisher":{"@id":"https:\/\/www.lebosweater.com\/#organization"},"potentialAction":[{"@type":"SearchAction","target":{"@type":"EntryPoint","urlTemplate":"https:\/\/www.lebosweater.com\/?s={search_term_string}"},"query-input":{"@type":"PropertyValueSpecification","valueRequired":true,"valueName":"search_term_string"}}],"inLanguage":"da-DK"},{"@type":"Organization","@id":"https:\/\/www.lebosweater.com\/#organization","name":"Lebo Sweater Manufacturers,Knitwear Manufacturer Custom Sweater Factory","url":"https:\/\/www.lebosweater.com\/","logo":{"@type":"ImageObject","inLanguage":"da-DK","@id":"https:\/\/www.lebosweater.com\/#\/schema\/logo\/image\/","url":"https:\/\/www.lebosweater.com\/wp-content\/uploads\/2025\/02\/cropped-cropped-\u672a\u6807\u9898-1-1.png","contentUrl":"https:\/\/www.lebosweater.com\/wp-content\/uploads\/2025\/02\/cropped-cropped-\u672a\u6807\u9898-1-1.png","width":512,"height":205,"caption":"Lebo Sweater Manufacturers,Knitwear Manufacturer Custom Sweater Factory"},"image":{"@id":"https:\/\/www.lebosweater.com\/#\/schema\/logo\/image\/"}}]}},"jetpack_sharing_enabled":true,"_links":{"self":[{"href":"https:\/\/www.lebosweater.com\/da\/wp-json\/wp\/v2\/product\/1821","targetHints":{"allow":["GET"]}}],"collection":[{"href":"https:\/\/www.lebosweater.com\/da\/wp-json\/wp\/v2\/product"}],"about":[{"href":"https:\/\/www.lebosweater.com\/da\/wp-json\/wp\/v2\/types\/product"}],"wp:featuredmedia":[{"embeddable":true,"href":"https:\/\/www.lebosweater.com\/da\/wp-json\/wp\/v2\/media\/1825"}],"wp:attachment":[{"href":"https:\/\/www.lebosweater.com\/da\/wp-json\/wp\/v2\/media?parent=1821"}],"wp:term":[{"taxonomy":"product_brand","embeddable":true,"href":"https:\/\/www.lebosweater.com\/da\/wp-json\/wp\/v2\/product_brand?post=1821"},{"taxonomy":"product_cat","embeddable":true,"href":"https:\/\/www.lebosweater.com\/da\/wp-json\/wp\/v2\/product_cat?post=1821"},{"taxonomy":"product_tag","embeddable":true,"href":"https:\/\/www.lebosweater.com\/da\/wp-json\/wp\/v2\/product_tag?post=1821"}],"curies":[{"name":"wp","href":"https:\/\/api.w.org\/{rel}","templated":true}]}}