{"id":1551,"date":"2025-03-05T14:43:35","date_gmt":"2025-03-05T06:43:35","guid":{"rendered":"https:\/\/lebosweater.com\/?post_type=product&#038;p=1551"},"modified":"2025-04-03T10:32:23","modified_gmt":"2025-04-03T02:32:23","slug":"rhinestones-fleur-de-lis-beanie","status":"publish","type":"product","link":"https:\/\/www.lebosweater.com\/da\/produkt\/rhinestones-fleur-de-lis-beanie\/","title":{"rendered":"Rhinestones Fleur De Lis Beanie"},"content":{"rendered":"<h1 class=\"product_title entry-title elementor-heading-title elementor-size-default\">Rhinestones Fleur De Lis Beanie<\/h1>\n<p>&nbsp;<\/p>\n<h6><strong>Din partner som leverand\u00f8r af kvalitetsstriktr\u00f8jer<\/strong><\/h6>\n<h6><\/h6>\n<p>Custom Rhinestones Fleur De Lis Beanie,Lebo sweater aims to make fashion business easier and help your fashion brand to grow faster with our professional service. We already assisted many clients to grow up from small company to well known brand on its markets. Our experience and expertise allow our customers to reduce the risks and cost of product development.<\/p>\n<p><strong>Dit one-stop <a href=\"https:\/\/www.lebosweater.com\/da\">Leverand\u00f8r af strikvarer<\/a> I Kina<\/strong><\/p>\n<p>Med 20 \u00e5rs erfaring i samarbejde med f\u00f8rende modem\u00e6rker giver Lebo sweater kunderne mere effektive one-stop-services og -l\u00f8sninger. Opbyg dit brand sammen med os. <a href=\"https:\/\/www.lebosweater.com\/da\/kontakt-os\/\">Modtag gratis skr\u00e6ddersyet konsultation nu.<\/a><\/p>","protected":false},"excerpt":{"rendered":"<h6>Funktioner:<\/h6>\n<ul>\n<li>Oprindelsessted: Guangdong, Kina<\/li>\n<li>M\u00e5l: 7 GG eller brugerdefineret<\/li>\n<li>Materiale: Uld eller specialfremstillet<\/li>\n<li>Teknologi: Rhinsten eller brugerdefineret<\/li>\n<\/ul>\n<h6><strong>Produkt MOQ:<\/strong><\/h6>\n<div class=\"magic-7\" data-spm-anchor-id=\"a2700.custom-template.0.i239.62f63333bfVL3c\">Ingen minimumsordreantal<\/div>\n<div class=\"magic-7\" data-spm-anchor-id=\"a2700.custom-template.0.i235.62f63333bfVL3c\">(Jo st\u00f8rre m\u00e6ngde, jo billigere pris)<\/div>\n<h6>Tilpasset \uff1a.<\/h6>\n<p>Vi tilbyder en one-stop service til fremstilling af brugerdefinerede sweatre, herunder tilpasset logo\/st\u00f8rrelse\/farve\/stof\/design\/tilbeh\u00f8r\/etiketter.<\/p>\n<p>sweaterproducent professionel produktion og design, gratis pr\u00f8ver er tilg\u00e6ngelige!<\/p>\n<p>Du er velkommen til at sende os dit eget design.<\/p>\n<h6>Lebo knitwear hj\u00e6lper dig gennem hele projektet: Herresweater, damesweater, b\u00f8rnesweater, julesweater, h\u00e6klet sweater, strikket tilbeh\u00f8r, striks\u00e6t, strikshorts og -bukser, kjole. Kontakt os eller marker dine krav p\u00e5 foresp\u00f8rgselstilbuddet.<\/h6>\n<p>&nbsp;<\/p>","protected":false},"featured_media":1556,"template":"","meta":{"_kad_post_transparent":"default","_kad_post_title":"","_kad_post_layout":"default","_kad_post_sidebar_id":"","_kad_post_content_style":"default","_kad_post_vertical_padding":"default","_kad_post_feature":"","_kad_post_feature_position":"","_kad_post_header":false,"_kad_post_footer":false},"product_brand":[],"product_cat":[27],"product_tag":[],"class_list":{"0":"post-1551","1":"product","2":"type-product","3":"status-publish","4":"has-post-thumbnail","6":"product_cat-knitted-accessories","8":"first","9":"instock","10":"shipping-taxable","11":"product-type-simple","12":"entry","13":"content-bg","14":"loop-entry"},"yoast_head":"<!-- This site is optimized with the Yoast SEO plugin v25.5 - https:\/\/yoast.com\/wordpress\/plugins\/seo\/ -->\n<title>Rhinestones Fleur De Lis Beanie - Lebo Sweater Manufacturers,Knitwear Manufacturer Custom Sweater Factory<\/title>\n<meta name=\"description\" content=\"If you want custom Rhinestones Fleur De Lis Beanie,please contact us\uff0cWe are sweater manufacturers,We will help you develop and customize your sweater brand\" \/>\n<meta name=\"robots\" content=\"index, follow, max-snippet:-1, max-image-preview:large, max-video-preview:-1\" \/>\n<link rel=\"canonical\" href=\"https:\/\/www.lebosweater.com\/da\/produkt\/rhinestones-fleur-de-lis-beanie\/\" \/>\n<meta property=\"og:locale\" content=\"da_DK\" \/>\n<meta property=\"og:type\" content=\"article\" \/>\n<meta property=\"og:title\" content=\"Rhinestones Fleur De Lis Beanie - Lebo Sweater Manufacturers,Knitwear Manufacturer Custom Sweater Factory\" \/>\n<meta property=\"og:description\" content=\"If you want custom Rhinestones Fleur De Lis Beanie,please contact us\uff0cWe are sweater manufacturers,We will help you develop and customize your sweater brand\" \/>\n<meta property=\"og:url\" content=\"https:\/\/www.lebosweater.com\/da\/produkt\/rhinestones-fleur-de-lis-beanie\/\" \/>\n<meta property=\"og:site_name\" content=\"Lebo Sweater Manufacturers,Knitwear Manufacturer Custom Sweater Factory\" \/>\n<meta property=\"article:modified_time\" content=\"2025-04-03T02:32:23+00:00\" \/>\n<meta property=\"og:image\" content=\"https:\/\/www.lebosweater.com\/wp-content\/uploads\/2025\/03\/dfeee0b6-5843-4321-a936-b01c102804fe.jpg\" \/>\n\t<meta property=\"og:image:width\" content=\"800\" \/>\n\t<meta property=\"og:image:height\" content=\"800\" \/>\n\t<meta property=\"og:image:type\" content=\"image\/jpeg\" \/>\n<meta name=\"twitter:card\" content=\"summary_large_image\" \/>\n<meta name=\"twitter:label1\" content=\"Estimeret l\u00e6setid\" \/>\n\t<meta name=\"twitter:data1\" content=\"1 minut\" \/>\n<script type=\"application\/ld+json\" class=\"yoast-schema-graph\">{\"@context\":\"https:\/\/schema.org\",\"@graph\":[{\"@type\":\"WebPage\",\"@id\":\"https:\/\/www.lebosweater.com\/product\/rhinestones-fleur-de-lis-beanie\/\",\"url\":\"https:\/\/www.lebosweater.com\/product\/rhinestones-fleur-de-lis-beanie\/\",\"name\":\"Rhinestones Fleur De Lis Beanie - Lebo Sweater Manufacturers,Knitwear Manufacturer Custom Sweater Factory\",\"isPartOf\":{\"@id\":\"https:\/\/www.lebosweater.com\/#website\"},\"primaryImageOfPage\":{\"@id\":\"https:\/\/www.lebosweater.com\/product\/rhinestones-fleur-de-lis-beanie\/#primaryimage\"},\"image\":{\"@id\":\"https:\/\/www.lebosweater.com\/product\/rhinestones-fleur-de-lis-beanie\/#primaryimage\"},\"thumbnailUrl\":\"https:\/\/www.lebosweater.com\/wp-content\/uploads\/2025\/03\/dfeee0b6-5843-4321-a936-b01c102804fe.jpg\",\"datePublished\":\"2025-03-05T06:43:35+00:00\",\"dateModified\":\"2025-04-03T02:32:23+00:00\",\"description\":\"If you want custom Rhinestones Fleur De Lis Beanie,please contact us\uff0cWe are sweater manufacturers,We will help you develop and customize your sweater brand\",\"breadcrumb\":{\"@id\":\"https:\/\/www.lebosweater.com\/product\/rhinestones-fleur-de-lis-beanie\/#breadcrumb\"},\"inLanguage\":\"da-DK\",\"potentialAction\":[{\"@type\":\"ReadAction\",\"target\":[\"https:\/\/www.lebosweater.com\/product\/rhinestones-fleur-de-lis-beanie\/\"]}]},{\"@type\":\"ImageObject\",\"inLanguage\":\"da-DK\",\"@id\":\"https:\/\/www.lebosweater.com\/product\/rhinestones-fleur-de-lis-beanie\/#primaryimage\",\"url\":\"https:\/\/www.lebosweater.com\/wp-content\/uploads\/2025\/03\/dfeee0b6-5843-4321-a936-b01c102804fe.jpg\",\"contentUrl\":\"https:\/\/www.lebosweater.com\/wp-content\/uploads\/2025\/03\/dfeee0b6-5843-4321-a936-b01c102804fe.jpg\",\"width\":800,\"height\":800,\"caption\":\"Rhinestones Fleur De Lis Beanie\"},{\"@type\":\"BreadcrumbList\",\"@id\":\"https:\/\/www.lebosweater.com\/product\/rhinestones-fleur-de-lis-beanie\/#breadcrumb\",\"itemListElement\":[{\"@type\":\"ListItem\",\"position\":1,\"name\":\"\u9996\u9875\",\"item\":\"https:\/\/www.lebosweater.com\/\"},{\"@type\":\"ListItem\",\"position\":2,\"name\":\"Products\",\"item\":\"https:\/\/www.lebosweater.com\/de\/products\/\"},{\"@type\":\"ListItem\",\"position\":3,\"name\":\"Rhinestones Fleur De Lis Beanie\"}]},{\"@type\":\"WebSite\",\"@id\":\"https:\/\/www.lebosweater.com\/#website\",\"url\":\"https:\/\/www.lebosweater.com\/\",\"name\":\"Lebo Sweater Manufacturers,Knitwear Manufacturer Custom Sweater Factory\",\"description\":\"One-Stop Knitwear Supplier\",\"publisher\":{\"@id\":\"https:\/\/www.lebosweater.com\/#organization\"},\"potentialAction\":[{\"@type\":\"SearchAction\",\"target\":{\"@type\":\"EntryPoint\",\"urlTemplate\":\"https:\/\/www.lebosweater.com\/?s={search_term_string}\"},\"query-input\":{\"@type\":\"PropertyValueSpecification\",\"valueRequired\":true,\"valueName\":\"search_term_string\"}}],\"inLanguage\":\"da-DK\"},{\"@type\":\"Organization\",\"@id\":\"https:\/\/www.lebosweater.com\/#organization\",\"name\":\"Lebo Sweater Manufacturers,Knitwear Manufacturer Custom Sweater Factory\",\"url\":\"https:\/\/www.lebosweater.com\/\",\"logo\":{\"@type\":\"ImageObject\",\"inLanguage\":\"da-DK\",\"@id\":\"https:\/\/www.lebosweater.com\/#\/schema\/logo\/image\/\",\"url\":\"https:\/\/www.lebosweater.com\/wp-content\/uploads\/2025\/02\/cropped-cropped-\u672a\u6807\u9898-1-1.png\",\"contentUrl\":\"https:\/\/www.lebosweater.com\/wp-content\/uploads\/2025\/02\/cropped-cropped-\u672a\u6807\u9898-1-1.png\",\"width\":512,\"height\":205,\"caption\":\"Lebo Sweater Manufacturers,Knitwear Manufacturer Custom Sweater Factory\"},\"image\":{\"@id\":\"https:\/\/www.lebosweater.com\/#\/schema\/logo\/image\/\"}}]}<\/script>\n<!-- \/ Yoast SEO plugin. -->","yoast_head_json":{"title":"Rhinestones Fleur De Lis Beanie - Lebo Sweater Manufacturers,Knitwear Manufacturer Custom Sweater Factory","description":"If you want custom Rhinestones Fleur De Lis Beanie,please contact us\uff0cWe are sweater manufacturers,We will help you develop and customize your sweater brand","robots":{"index":"index","follow":"follow","max-snippet":"max-snippet:-1","max-image-preview":"max-image-preview:large","max-video-preview":"max-video-preview:-1"},"canonical":"https:\/\/www.lebosweater.com\/da\/produkt\/rhinestones-fleur-de-lis-beanie\/","og_locale":"da_DK","og_type":"article","og_title":"Rhinestones Fleur De Lis Beanie - Lebo Sweater Manufacturers,Knitwear Manufacturer Custom Sweater Factory","og_description":"If you want custom Rhinestones Fleur De Lis Beanie,please contact us\uff0cWe are sweater manufacturers,We will help you develop and customize your sweater brand","og_url":"https:\/\/www.lebosweater.com\/da\/produkt\/rhinestones-fleur-de-lis-beanie\/","og_site_name":"Lebo Sweater Manufacturers,Knitwear Manufacturer Custom Sweater Factory","article_modified_time":"2025-04-03T02:32:23+00:00","og_image":[{"width":800,"height":800,"url":"https:\/\/www.lebosweater.com\/wp-content\/uploads\/2025\/03\/dfeee0b6-5843-4321-a936-b01c102804fe.jpg","type":"image\/jpeg"}],"twitter_card":"summary_large_image","twitter_misc":{"Estimeret l\u00e6setid":"1 minut"},"schema":{"@context":"https:\/\/schema.org","@graph":[{"@type":"WebPage","@id":"https:\/\/www.lebosweater.com\/product\/rhinestones-fleur-de-lis-beanie\/","url":"https:\/\/www.lebosweater.com\/product\/rhinestones-fleur-de-lis-beanie\/","name":"Rhinestones Fleur De Lis Beanie - Lebo Sweater Manufacturers,Knitwear Manufacturer Custom Sweater Factory","isPartOf":{"@id":"https:\/\/www.lebosweater.com\/#website"},"primaryImageOfPage":{"@id":"https:\/\/www.lebosweater.com\/product\/rhinestones-fleur-de-lis-beanie\/#primaryimage"},"image":{"@id":"https:\/\/www.lebosweater.com\/product\/rhinestones-fleur-de-lis-beanie\/#primaryimage"},"thumbnailUrl":"https:\/\/www.lebosweater.com\/wp-content\/uploads\/2025\/03\/dfeee0b6-5843-4321-a936-b01c102804fe.jpg","datePublished":"2025-03-05T06:43:35+00:00","dateModified":"2025-04-03T02:32:23+00:00","description":"If you want custom Rhinestones Fleur De Lis Beanie,please contact us\uff0cWe are sweater manufacturers,We will help you develop and customize your sweater brand","breadcrumb":{"@id":"https:\/\/www.lebosweater.com\/product\/rhinestones-fleur-de-lis-beanie\/#breadcrumb"},"inLanguage":"da-DK","potentialAction":[{"@type":"ReadAction","target":["https:\/\/www.lebosweater.com\/product\/rhinestones-fleur-de-lis-beanie\/"]}]},{"@type":"ImageObject","inLanguage":"da-DK","@id":"https:\/\/www.lebosweater.com\/product\/rhinestones-fleur-de-lis-beanie\/#primaryimage","url":"https:\/\/www.lebosweater.com\/wp-content\/uploads\/2025\/03\/dfeee0b6-5843-4321-a936-b01c102804fe.jpg","contentUrl":"https:\/\/www.lebosweater.com\/wp-content\/uploads\/2025\/03\/dfeee0b6-5843-4321-a936-b01c102804fe.jpg","width":800,"height":800,"caption":"Rhinestones Fleur De Lis Beanie"},{"@type":"BreadcrumbList","@id":"https:\/\/www.lebosweater.com\/product\/rhinestones-fleur-de-lis-beanie\/#breadcrumb","itemListElement":[{"@type":"ListItem","position":1,"name":"\u9996\u9875","item":"https:\/\/www.lebosweater.com\/"},{"@type":"ListItem","position":2,"name":"Products","item":"https:\/\/www.lebosweater.com\/de\/products\/"},{"@type":"ListItem","position":3,"name":"Rhinestones Fleur De Lis Beanie"}]},{"@type":"WebSite","@id":"https:\/\/www.lebosweater.com\/#website","url":"https:\/\/www.lebosweater.com\/","name":"Lebo Sweater Manufacturers,Knitwear Manufacturer Custom Sweater Factory","description":"One-Stop Knitwear Supplier","publisher":{"@id":"https:\/\/www.lebosweater.com\/#organization"},"potentialAction":[{"@type":"SearchAction","target":{"@type":"EntryPoint","urlTemplate":"https:\/\/www.lebosweater.com\/?s={search_term_string}"},"query-input":{"@type":"PropertyValueSpecification","valueRequired":true,"valueName":"search_term_string"}}],"inLanguage":"da-DK"},{"@type":"Organization","@id":"https:\/\/www.lebosweater.com\/#organization","name":"Lebo Sweater Manufacturers,Knitwear Manufacturer Custom Sweater Factory","url":"https:\/\/www.lebosweater.com\/","logo":{"@type":"ImageObject","inLanguage":"da-DK","@id":"https:\/\/www.lebosweater.com\/#\/schema\/logo\/image\/","url":"https:\/\/www.lebosweater.com\/wp-content\/uploads\/2025\/02\/cropped-cropped-\u672a\u6807\u9898-1-1.png","contentUrl":"https:\/\/www.lebosweater.com\/wp-content\/uploads\/2025\/02\/cropped-cropped-\u672a\u6807\u9898-1-1.png","width":512,"height":205,"caption":"Lebo Sweater Manufacturers,Knitwear Manufacturer Custom Sweater Factory"},"image":{"@id":"https:\/\/www.lebosweater.com\/#\/schema\/logo\/image\/"}}]}},"jetpack_sharing_enabled":true,"_links":{"self":[{"href":"https:\/\/www.lebosweater.com\/da\/wp-json\/wp\/v2\/product\/1551","targetHints":{"allow":["GET"]}}],"collection":[{"href":"https:\/\/www.lebosweater.com\/da\/wp-json\/wp\/v2\/product"}],"about":[{"href":"https:\/\/www.lebosweater.com\/da\/wp-json\/wp\/v2\/types\/product"}],"wp:featuredmedia":[{"embeddable":true,"href":"https:\/\/www.lebosweater.com\/da\/wp-json\/wp\/v2\/media\/1556"}],"wp:attachment":[{"href":"https:\/\/www.lebosweater.com\/da\/wp-json\/wp\/v2\/media?parent=1551"}],"wp:term":[{"taxonomy":"product_brand","embeddable":true,"href":"https:\/\/www.lebosweater.com\/da\/wp-json\/wp\/v2\/product_brand?post=1551"},{"taxonomy":"product_cat","embeddable":true,"href":"https:\/\/www.lebosweater.com\/da\/wp-json\/wp\/v2\/product_cat?post=1551"},{"taxonomy":"product_tag","embeddable":true,"href":"https:\/\/www.lebosweater.com\/da\/wp-json\/wp\/v2\/product_tag?post=1551"}],"curies":[{"name":"wp","href":"https:\/\/api.w.org\/{rel}","templated":true}]}}