{"id":477,"date":"2024-03-04T21:05:53","date_gmt":"2024-03-04T13:05:53","guid":{"rendered":"https:\/\/lebosweater.com\/?page_id=477"},"modified":"2025-05-13T16:40:30","modified_gmt":"2025-05-13T08:40:30","slug":"materials","status":"publish","type":"page","link":"https:\/\/www.lebosweater.com\/da\/materialer\/","title":{"rendered":"Materialer"},"content":{"rendered":"<div data-elementor-type=\"wp-page\" data-elementor-id=\"477\" class=\"elementor elementor-477\" data-elementor-settings=\"{&quot;ha_cmc_init_switcher&quot;:&quot;no&quot;}\" data-elementor-post-type=\"page\">\n\t\t\t\t<div class=\"elementor-element elementor-element-a9cdd7e e-flex e-con-boxed e-con e-parent\" data-id=\"a9cdd7e\" data-element_type=\"container\" data-settings=\"{&quot;_ha_eqh_enable&quot;:false}\">\n\t\t\t\t\t<div class=\"e-con-inner\">\n\t\t\t\t<div class=\"elementor-element elementor-element-4cfa51e elementor-widget elementor-widget-heading\" data-id=\"4cfa51e\" data-element_type=\"widget\" data-widget_type=\"heading.default\">\n\t\t\t\t<div class=\"elementor-widget-container\">\n\t\t\t\t\t<h2 class=\"elementor-heading-title elementor-size-default\">Meterial<\/h2>\t\t\t\t<\/div>\n\t\t\t\t<\/div>\n\t\t\t\t<div class=\"elementor-element elementor-element-6be465f elementor-widget elementor-widget-image\" data-id=\"6be465f\" data-element_type=\"widget\" data-widget_type=\"image.default\">\n\t\t\t\t<div class=\"elementor-widget-container\">\n\t\t\t\t\t\t\t\t\t\t\t\t\t\t\t<img fetchpriority=\"high\" decoding=\"async\" width=\"750\" height=\"508\" src=\"https:\/\/www.lebosweater.com\/wp-content\/uploads\/2024\/03\/8c6191c73b317dc2a1c329ee59440dc.jpg\" class=\"attachment-1536x1536 size-1536x1536 wp-image-479\" alt=\"producenter af sweatre\" srcset=\"\/\/www.lebosweater.com\/wp-content\/uploads\/2024\/03\/8c6191c73b317dc2a1c329ee59440dc.jpg 750w, \/\/www.lebosweater.com\/wp-content\/uploads\/2024\/03\/8c6191c73b317dc2a1c329ee59440dc-300x203.jpg 300w, \/\/www.lebosweater.com\/wp-content\/uploads\/2024\/03\/8c6191c73b317dc2a1c329ee59440dc-600x406.jpg 600w, \/\/www.lebosweater.com\/wp-content\/uploads\/2024\/03\/8c6191c73b317dc2a1c329ee59440dc-18x12.jpg 18w\" sizes=\"(max-width: 750px) 100vw, 750px\" \/>\t\t\t\t\t\t\t\t\t\t\t\t\t\t\t<\/div>\n\t\t\t\t<\/div>\n\t\t\t\t\t<\/div>\n\t\t\t\t<\/div>\n\t\t<div class=\"elementor-element elementor-element-2868d7d e-flex e-con-boxed e-con e-parent\" data-id=\"2868d7d\" data-element_type=\"container\" data-settings=\"{&quot;_ha_eqh_enable&quot;:false}\">\n\t\t\t\t\t<div class=\"e-con-inner\">\n\t\t\t\t<div class=\"elementor-element elementor-element-caaf154 elementor-widget elementor-widget-heading\" data-id=\"caaf154\" data-element_type=\"widget\" data-widget_type=\"heading.default\">\n\t\t\t\t<div class=\"elementor-widget-container\">\n\t\t\t\t\t<h3 class=\"elementor-heading-title elementor-size-default\">V\u00e6lg materiale<\/h3>\t\t\t\t<\/div>\n\t\t\t\t<\/div>\n\t\t\t\t\t<\/div>\n\t\t\t\t<\/div>\n\t\t<div class=\"elementor-element elementor-element-01cd421 e-flex e-con-boxed e-con e-parent\" data-id=\"01cd421\" data-element_type=\"container\" data-settings=\"{&quot;_ha_eqh_enable&quot;:false}\">\n\t\t\t\t\t<div class=\"e-con-inner\">\n\t\t<div class=\"elementor-element elementor-element-ea97b1d e-con-full e-flex e-con e-child\" data-id=\"ea97b1d\" data-element_type=\"container\" data-settings=\"{&quot;_ha_eqh_enable&quot;:false}\">\n\t\t\t\t<div class=\"elementor-element elementor-element-f463892 elementor-widget elementor-widget-text-editor\" data-id=\"f463892\" data-element_type=\"widget\" data-widget_type=\"text-editor.default\">\n\t\t\t\t<div class=\"elementor-widget-container\">\n\t\t\t\t\t\t\t\t\t<p>- Akryl<br \/>- Mohair<br \/>- Bomuld<br \/>- Kashmir<br \/>- Uld<br \/>- Merino-uld<\/p>\t\t\t\t\t\t\t\t<\/div>\n\t\t\t\t<\/div>\n\t\t\t\t<\/div>\n\t\t<div class=\"elementor-element elementor-element-a75d7e9 e-con-full e-flex e-con e-child\" data-id=\"a75d7e9\" data-element_type=\"container\" data-settings=\"{&quot;_ha_eqh_enable&quot;:false}\">\n\t\t\t\t<div class=\"elementor-element elementor-element-f061c92 elementor-widget elementor-widget-text-editor\" data-id=\"f061c92\" data-element_type=\"widget\" data-widget_type=\"text-editor.default\">\n\t\t\t\t<div class=\"elementor-widget-container\">\n\t\t\t\t\t\t\t\t\t<p>- Chenille<br \/>-Genbrugsgarn<br \/>- Sporbar viskose<br \/>- B\u00f8rstet boucle<br \/>- Akryl\/Nylon<br \/>- Viskose\/Nylon<\/p>\t\t\t\t\t\t\t\t<\/div>\n\t\t\t\t<\/div>\n\t\t\t\t<\/div>\n\t\t<div class=\"elementor-element elementor-element-0d12bc8 e-con-full e-flex e-con e-child\" data-id=\"0d12bc8\" data-element_type=\"container\" data-settings=\"{&quot;_ha_eqh_enable&quot;:false}\">\n\t\t\t\t<div class=\"elementor-element elementor-element-0af3e90 elementor-widget elementor-widget-text-editor\" data-id=\"0af3e90\" data-element_type=\"widget\" data-widget_type=\"text-editor.default\">\n\t\t\t\t<div class=\"elementor-widget-container\">\n\t\t\t\t\t\t\t\t\t<p>- Paillet<br \/>- Nep<br \/>- Filigran<br \/>- B\u00e5nd<br \/>- \u00d8jenvipper<br \/>- Spandex<\/p>\t\t\t\t\t\t\t\t<\/div>\n\t\t\t\t<\/div>\n\t\t\t\t<\/div>\n\t\t<div class=\"elementor-element elementor-element-bbc8a22 e-con-full e-flex e-con e-child\" data-id=\"bbc8a22\" data-element_type=\"container\" data-settings=\"{&quot;_ha_eqh_enable&quot;:false}\">\n\t\t\t\t<div class=\"elementor-element elementor-element-671c23a elementor-widget elementor-widget-text-editor\" data-id=\"671c23a\" data-element_type=\"widget\" data-widget_type=\"text-editor.default\">\n\t\t\t\t<div class=\"elementor-widget-container\">\n\t\t\t\t\t\t\t\t\t<p>- \u00d8kologisk bomuld<br>- Metallisk garn<br>- Lys akryl<br>- K\u00e6mmet bomuld<br>- Slubbet bomuld<br>- Varmereaktivt garn<\/p>\t\t\t\t\t\t\t\t<\/div>\n\t\t\t\t<\/div>\n\t\t\t\t<\/div>\n\t\t\t\t\t<\/div>\n\t\t\t\t<\/div>\n\t\t<div class=\"elementor-element elementor-element-f6483a6 e-flex e-con-boxed e-con e-parent\" data-id=\"f6483a6\" data-element_type=\"container\" data-settings=\"{&quot;_ha_eqh_enable&quot;:false}\">\n\t\t\t\t\t<div class=\"e-con-inner\">\n\t\t\t\t<div class=\"elementor-element elementor-element-cd970da elementor-widget elementor-widget-heading\" data-id=\"cd970da\" data-element_type=\"widget\" data-widget_type=\"heading.default\">\n\t\t\t\t<div class=\"elementor-widget-container\">\n\t\t\t\t\t<h3 class=\"elementor-heading-title elementor-size-default\">PANTONE<\/h3>\t\t\t\t<\/div>\n\t\t\t\t<\/div>\n\t\t\t\t\t<\/div>\n\t\t\t\t<\/div>\n\t\t<div class=\"elementor-element elementor-element-c037939 e-flex e-con-boxed e-con e-parent\" data-id=\"c037939\" data-element_type=\"container\" data-settings=\"{&quot;_ha_eqh_enable&quot;:false}\">\n\t\t\t\t\t<div class=\"e-con-inner\">\n\t\t\t\t<div class=\"elementor-element elementor-element-972b01d elementor-widget elementor-widget-image\" data-id=\"972b01d\" data-element_type=\"widget\" data-widget_type=\"image.default\">\n\t\t\t\t<div class=\"elementor-widget-container\">\n\t\t\t\t\t\t\t\t\t\t\t\t\t\t\t<img decoding=\"async\" width=\"768\" height=\"768\" src=\"https:\/\/www.lebosweater.com\/wp-content\/uploads\/2024\/03\/\u5b9a\u5236\u989c\u8272-768x768.jpg\" class=\"attachment-medium_large size-medium_large wp-image-481\" alt=\"\" srcset=\"\/\/www.lebosweater.com\/wp-content\/uploads\/2024\/03\/\u5b9a\u5236\u989c\u8272-768x768.jpg 768w, \/\/www.lebosweater.com\/wp-content\/uploads\/2024\/03\/\u5b9a\u5236\u989c\u8272-300x300.jpg 300w, \/\/www.lebosweater.com\/wp-content\/uploads\/2024\/03\/\u5b9a\u5236\u989c\u8272-100x100.jpg 100w, \/\/www.lebosweater.com\/wp-content\/uploads\/2024\/03\/\u5b9a\u5236\u989c\u8272-600x600.jpg 600w, \/\/www.lebosweater.com\/wp-content\/uploads\/2024\/03\/\u5b9a\u5236\u989c\u8272-1024x1024.jpg 1024w, \/\/www.lebosweater.com\/wp-content\/uploads\/2024\/03\/\u5b9a\u5236\u989c\u8272-150x150.jpg 150w, \/\/www.lebosweater.com\/wp-content\/uploads\/2024\/03\/\u5b9a\u5236\u989c\u8272-12x12.jpg 12w, \/\/www.lebosweater.com\/wp-content\/uploads\/2024\/03\/\u5b9a\u5236\u989c\u8272.jpg 1200w\" sizes=\"(max-width: 768px) 100vw, 768px\" \/>\t\t\t\t\t\t\t\t\t\t\t\t\t\t\t<\/div>\n\t\t\t\t<\/div>\n\t\t\t\t\t<\/div>\n\t\t\t\t<\/div>\n\t\t<div class=\"elementor-element elementor-element-28fdb1d e-flex e-con-boxed e-con e-parent\" data-id=\"28fdb1d\" data-element_type=\"container\" data-settings=\"{&quot;_ha_eqh_enable&quot;:false}\">\n\t\t\t\t\t<div class=\"e-con-inner\">\n\t\t\t\t<div class=\"elementor-element elementor-element-bcd1514 elementor-widget elementor-widget-text-editor\" data-id=\"bcd1514\" data-element_type=\"widget\" data-widget_type=\"text-editor.default\">\n\t\t\t\t<div class=\"elementor-widget-container\">\n\t\t\t\t\t\t\t\t\t<p><span style=\"text-align: var(--text-align); background-color: transparent; font-size: 16px;\"><font color=\"#7a7a7a\" face=\"Poppins, sans-serif\">PANTONE-farvekortet fungerer som en globalt anerkendt standard for farver. PANTONE er kendt som en f\u00f8rende autoritet inden for farver og tilbyder et omfattende farvekommunikationssystem, der omfatter forskellige brancher, herunder trykning, tekstiler, plast, grafik og digital teknologi. Det har udviklet sig til det fremherskende internationale sprog til udveksling af farveinformation og etablerer ensartede standarder p\u00e5 tv\u00e6rs af forskellige applikationer.<\/font><\/span><\/p>\n<p><span style=\"text-align: var(--text-align); background-color: transparent; font-size: 16px;\"><font color=\"#7a7a7a\" face=\"Poppins, sans-serif\">Ved at overholde PANTONEs farvestandarder kan designere, producenter og fagfolk, der er involveret i farverelaterede processer, sikre pr\u00e6cis farvetilpasning og opretholde konsistens. Det garanterer produktion af produkter af h\u00f8j kvalitet, der udm\u00e6rker sig p\u00e5 markedet.<\/font><\/span><\/p><p><span style=\"text-align: var(--text-align); background-color: transparent; font-size: 16px;\"><font color=\"#7a7a7a\" face=\"Poppins, sans-serif\">Desuden letter PANTONEs farvesystem effektiv farvekommunikation og samarbejde mellem interessenter i den kreative branche. Dets omfattende udvalg af farvereferencer og biblioteker g\u00f8r det muligt for designere at udforske og v\u00e6lge farver pr\u00e6cist, hvilket giver dem mulighed for at skabe visuelt tiltalende og harmoniske designs.<\/font><\/span><\/p>\n<p><br><\/p>\t\t\t\t\t\t\t\t<\/div>\n\t\t\t\t<\/div>\n\t\t\t\t\t<\/div>\n\t\t\t\t<\/div>\n\t\t\t\t<\/div>","protected":false},"excerpt":{"rendered":"<p>Meterial Choose Material \u2013 Acrylic\u2013 Mohair\u2013 Cotton\u2013 Cashmere\u2013 Wool\u2013 Merino Wool \u2013 Chenille-Recycled yarn\u2013 Traceable Viscose\u2013 Brushed Boucle\u2013 Acrylic\/Nylon\u2013 Viscose\/Nylon \u2013 Sequin\u2013 Nep\u2013 Filigree\u2013 Tape\u2013 Eyelash\u2013 Spandex \u2013 Organic Cotton\u2013 Metallic Yarn\u2013 Bright Acrylic\u2013 Combed Cotton\u2013 Slubbed Cotton\u2013 Heat Reactive Yarn PANTONE The PANTONE color card serves as a globally recognized standard for colors. Renowned&#8230;<\/p>","protected":false},"author":1,"featured_media":0,"parent":0,"menu_order":0,"comment_status":"closed","ping_status":"closed","template":"","meta":{"_kad_post_transparent":"","_kad_post_title":"hide","_kad_post_layout":"fullwidth","_kad_post_sidebar_id":"","_kad_post_content_style":"unboxed","_kad_post_vertical_padding":"hide","_kad_post_feature":"hide","_kad_post_feature_position":"","_kad_post_header":false,"_kad_post_footer":false,"footnotes":""},"class_list":["post-477","page","type-page","status-publish","hentry"],"yoast_head":"<!-- This site is optimized with the Yoast SEO plugin v25.5 - https:\/\/yoast.com\/wordpress\/plugins\/seo\/ -->\n<title>Materials - Lebo Sweater Manufacturers,Knitwear Manufacturer Custom Sweater Factory<\/title>\n<meta name=\"description\" content=\"Lebo is a leading Designer, Manufacturer of fashion knitwear .We Focus Help Brands Develop And Customize Unique Sweater Brand.\" \/>\n<meta name=\"robots\" content=\"index, follow, max-snippet:-1, max-image-preview:large, max-video-preview:-1\" \/>\n<link rel=\"canonical\" href=\"https:\/\/www.lebosweater.com\/da\/materialer\/\" \/>\n<meta property=\"og:locale\" content=\"da_DK\" \/>\n<meta property=\"og:type\" content=\"article\" \/>\n<meta property=\"og:title\" content=\"Materials - Lebo Sweater Manufacturers,Knitwear Manufacturer Custom Sweater Factory\" \/>\n<meta property=\"og:description\" content=\"Lebo is a leading Designer, Manufacturer of fashion knitwear .We Focus Help Brands Develop And Customize Unique Sweater Brand.\" \/>\n<meta property=\"og:url\" content=\"https:\/\/www.lebosweater.com\/da\/materialer\/\" \/>\n<meta property=\"og:site_name\" content=\"Lebo Sweater Manufacturers,Knitwear Manufacturer Custom Sweater Factory\" \/>\n<meta property=\"article:modified_time\" content=\"2025-05-13T08:40:30+00:00\" \/>\n<meta property=\"og:image\" content=\"https:\/\/lebosweater.com\/wp-content\/uploads\/2024\/03\/8c6191c73b317dc2a1c329ee59440dc.jpg\" \/>\n<meta name=\"twitter:card\" content=\"summary_large_image\" \/>\n<meta name=\"twitter:label1\" content=\"Estimeret l\u00e6setid\" \/>\n\t<meta name=\"twitter:data1\" content=\"2 minutter\" \/>\n<script type=\"application\/ld+json\" class=\"yoast-schema-graph\">{\"@context\":\"https:\/\/schema.org\",\"@graph\":[{\"@type\":\"WebPage\",\"@id\":\"https:\/\/www.lebosweater.com\/ja\/materials\/\",\"url\":\"https:\/\/www.lebosweater.com\/ja\/materials\/\",\"name\":\"Materials - Lebo Sweater Manufacturers,Knitwear Manufacturer Custom Sweater Factory\",\"isPartOf\":{\"@id\":\"https:\/\/www.lebosweater.com\/#website\"},\"primaryImageOfPage\":{\"@id\":\"https:\/\/www.lebosweater.com\/ja\/materials\/#primaryimage\"},\"image\":{\"@id\":\"https:\/\/www.lebosweater.com\/ja\/materials\/#primaryimage\"},\"thumbnailUrl\":\"https:\/\/lebosweater.com\/wp-content\/uploads\/2024\/03\/8c6191c73b317dc2a1c329ee59440dc.jpg\",\"datePublished\":\"2024-03-04T13:05:53+00:00\",\"dateModified\":\"2025-05-13T08:40:30+00:00\",\"description\":\"Lebo is a leading Designer, Manufacturer of fashion knitwear .We Focus Help Brands Develop And Customize Unique Sweater Brand.\",\"breadcrumb\":{\"@id\":\"https:\/\/www.lebosweater.com\/ja\/materials\/#breadcrumb\"},\"inLanguage\":\"da-DK\",\"potentialAction\":[{\"@type\":\"ReadAction\",\"target\":[\"https:\/\/www.lebosweater.com\/ja\/materials\/\"]}]},{\"@type\":\"ImageObject\",\"inLanguage\":\"da-DK\",\"@id\":\"https:\/\/www.lebosweater.com\/ja\/materials\/#primaryimage\",\"url\":\"https:\/\/lebosweater.com\/wp-content\/uploads\/2024\/03\/8c6191c73b317dc2a1c329ee59440dc.jpg\",\"contentUrl\":\"https:\/\/lebosweater.com\/wp-content\/uploads\/2024\/03\/8c6191c73b317dc2a1c329ee59440dc.jpg\"},{\"@type\":\"BreadcrumbList\",\"@id\":\"https:\/\/www.lebosweater.com\/ja\/materials\/#breadcrumb\",\"itemListElement\":[{\"@type\":\"ListItem\",\"position\":1,\"name\":\"\u9996\u9875\",\"item\":\"https:\/\/www.lebosweater.com\/\"},{\"@type\":\"ListItem\",\"position\":2,\"name\":\"Materials\"}]},{\"@type\":\"WebSite\",\"@id\":\"https:\/\/www.lebosweater.com\/#website\",\"url\":\"https:\/\/www.lebosweater.com\/\",\"name\":\"Lebo Sweater Manufacturers,Knitwear Manufacturer Custom Sweater Factory\",\"description\":\"One-Stop Knitwear Supplier\",\"publisher\":{\"@id\":\"https:\/\/www.lebosweater.com\/#organization\"},\"potentialAction\":[{\"@type\":\"SearchAction\",\"target\":{\"@type\":\"EntryPoint\",\"urlTemplate\":\"https:\/\/www.lebosweater.com\/?s={search_term_string}\"},\"query-input\":{\"@type\":\"PropertyValueSpecification\",\"valueRequired\":true,\"valueName\":\"search_term_string\"}}],\"inLanguage\":\"da-DK\"},{\"@type\":\"Organization\",\"@id\":\"https:\/\/www.lebosweater.com\/#organization\",\"name\":\"Lebo Sweater Manufacturers,Knitwear Manufacturer Custom Sweater Factory\",\"url\":\"https:\/\/www.lebosweater.com\/\",\"logo\":{\"@type\":\"ImageObject\",\"inLanguage\":\"da-DK\",\"@id\":\"https:\/\/www.lebosweater.com\/#\/schema\/logo\/image\/\",\"url\":\"https:\/\/www.lebosweater.com\/wp-content\/uploads\/2025\/02\/cropped-cropped-\u672a\u6807\u9898-1-1.png\",\"contentUrl\":\"https:\/\/www.lebosweater.com\/wp-content\/uploads\/2025\/02\/cropped-cropped-\u672a\u6807\u9898-1-1.png\",\"width\":512,\"height\":205,\"caption\":\"Lebo Sweater Manufacturers,Knitwear Manufacturer Custom Sweater Factory\"},\"image\":{\"@id\":\"https:\/\/www.lebosweater.com\/#\/schema\/logo\/image\/\"}}]}<\/script>\n<!-- \/ Yoast SEO plugin. -->","yoast_head_json":{"title":"Materials - Lebo Sweater Manufacturers,Knitwear Manufacturer Custom Sweater Factory","description":"Lebo is a leading Designer, Manufacturer of fashion knitwear .We Focus Help Brands Develop And Customize Unique Sweater Brand.","robots":{"index":"index","follow":"follow","max-snippet":"max-snippet:-1","max-image-preview":"max-image-preview:large","max-video-preview":"max-video-preview:-1"},"canonical":"https:\/\/www.lebosweater.com\/da\/materialer\/","og_locale":"da_DK","og_type":"article","og_title":"Materials - Lebo Sweater Manufacturers,Knitwear Manufacturer Custom Sweater Factory","og_description":"Lebo is a leading Designer, Manufacturer of fashion knitwear .We Focus Help Brands Develop And Customize Unique Sweater Brand.","og_url":"https:\/\/www.lebosweater.com\/da\/materialer\/","og_site_name":"Lebo Sweater Manufacturers,Knitwear Manufacturer Custom Sweater Factory","article_modified_time":"2025-05-13T08:40:30+00:00","og_image":[{"url":"https:\/\/lebosweater.com\/wp-content\/uploads\/2024\/03\/8c6191c73b317dc2a1c329ee59440dc.jpg","type":"","width":"","height":""}],"twitter_card":"summary_large_image","twitter_misc":{"Estimeret l\u00e6setid":"2 minutter"},"schema":{"@context":"https:\/\/schema.org","@graph":[{"@type":"WebPage","@id":"https:\/\/www.lebosweater.com\/ja\/materials\/","url":"https:\/\/www.lebosweater.com\/ja\/materials\/","name":"Materials - Lebo Sweater Manufacturers,Knitwear Manufacturer Custom Sweater Factory","isPartOf":{"@id":"https:\/\/www.lebosweater.com\/#website"},"primaryImageOfPage":{"@id":"https:\/\/www.lebosweater.com\/ja\/materials\/#primaryimage"},"image":{"@id":"https:\/\/www.lebosweater.com\/ja\/materials\/#primaryimage"},"thumbnailUrl":"https:\/\/lebosweater.com\/wp-content\/uploads\/2024\/03\/8c6191c73b317dc2a1c329ee59440dc.jpg","datePublished":"2024-03-04T13:05:53+00:00","dateModified":"2025-05-13T08:40:30+00:00","description":"Lebo is a leading Designer, Manufacturer of fashion knitwear .We Focus Help Brands Develop And Customize Unique Sweater Brand.","breadcrumb":{"@id":"https:\/\/www.lebosweater.com\/ja\/materials\/#breadcrumb"},"inLanguage":"da-DK","potentialAction":[{"@type":"ReadAction","target":["https:\/\/www.lebosweater.com\/ja\/materials\/"]}]},{"@type":"ImageObject","inLanguage":"da-DK","@id":"https:\/\/www.lebosweater.com\/ja\/materials\/#primaryimage","url":"https:\/\/lebosweater.com\/wp-content\/uploads\/2024\/03\/8c6191c73b317dc2a1c329ee59440dc.jpg","contentUrl":"https:\/\/lebosweater.com\/wp-content\/uploads\/2024\/03\/8c6191c73b317dc2a1c329ee59440dc.jpg"},{"@type":"BreadcrumbList","@id":"https:\/\/www.lebosweater.com\/ja\/materials\/#breadcrumb","itemListElement":[{"@type":"ListItem","position":1,"name":"\u9996\u9875","item":"https:\/\/www.lebosweater.com\/"},{"@type":"ListItem","position":2,"name":"Materials"}]},{"@type":"WebSite","@id":"https:\/\/www.lebosweater.com\/#website","url":"https:\/\/www.lebosweater.com\/","name":"Lebo Sweater Manufacturers,Knitwear Manufacturer Custom Sweater Factory","description":"One-Stop Knitwear Supplier","publisher":{"@id":"https:\/\/www.lebosweater.com\/#organization"},"potentialAction":[{"@type":"SearchAction","target":{"@type":"EntryPoint","urlTemplate":"https:\/\/www.lebosweater.com\/?s={search_term_string}"},"query-input":{"@type":"PropertyValueSpecification","valueRequired":true,"valueName":"search_term_string"}}],"inLanguage":"da-DK"},{"@type":"Organization","@id":"https:\/\/www.lebosweater.com\/#organization","name":"Lebo Sweater Manufacturers,Knitwear Manufacturer Custom Sweater Factory","url":"https:\/\/www.lebosweater.com\/","logo":{"@type":"ImageObject","inLanguage":"da-DK","@id":"https:\/\/www.lebosweater.com\/#\/schema\/logo\/image\/","url":"https:\/\/www.lebosweater.com\/wp-content\/uploads\/2025\/02\/cropped-cropped-\u672a\u6807\u9898-1-1.png","contentUrl":"https:\/\/www.lebosweater.com\/wp-content\/uploads\/2025\/02\/cropped-cropped-\u672a\u6807\u9898-1-1.png","width":512,"height":205,"caption":"Lebo Sweater Manufacturers,Knitwear Manufacturer Custom Sweater Factory"},"image":{"@id":"https:\/\/www.lebosweater.com\/#\/schema\/logo\/image\/"}}]}},"jetpack_sharing_enabled":true,"_links":{"self":[{"href":"https:\/\/www.lebosweater.com\/da\/wp-json\/wp\/v2\/pages\/477","targetHints":{"allow":["GET"]}}],"collection":[{"href":"https:\/\/www.lebosweater.com\/da\/wp-json\/wp\/v2\/pages"}],"about":[{"href":"https:\/\/www.lebosweater.com\/da\/wp-json\/wp\/v2\/types\/page"}],"author":[{"embeddable":true,"href":"https:\/\/www.lebosweater.com\/da\/wp-json\/wp\/v2\/users\/1"}],"replies":[{"embeddable":true,"href":"https:\/\/www.lebosweater.com\/da\/wp-json\/wp\/v2\/comments?post=477"}],"version-history":[{"count":23,"href":"https:\/\/www.lebosweater.com\/da\/wp-json\/wp\/v2\/pages\/477\/revisions"}],"predecessor-version":[{"id":2720,"href":"https:\/\/www.lebosweater.com\/da\/wp-json\/wp\/v2\/pages\/477\/revisions\/2720"}],"wp:attachment":[{"href":"https:\/\/www.lebosweater.com\/da\/wp-json\/wp\/v2\/media?parent=477"}],"curies":[{"name":"wp","href":"https:\/\/api.w.org\/{rel}","templated":true}]}}